{"id":32800,"date":"2024-07-30T19:40:48","date_gmt":"2024-08-27T12:39:22","guid":{"rendered":"https:\/\/staging.nbg.eu\/product\/ten-speed-sf-chest-rig-sr25-ar-10\/"},"modified":"2024-08-27T12:42:59","modified_gmt":"2024-08-27T12:42:59","slug":"ten-speed-sf-rinnasuesteem-sr25-ar-10","status":"publish","type":"product","link":"https:\/\/staging.nbg.eu\/et\/toode\/ten-speed-sf-rinnasuesteem-sr25-ar-10\/","title":{"rendered":"Ten-Speed SF rinnas\u00fcsteem SR25 (AR-10)"},"content":{"rendered":"<div class=\"product-description\">\n<h2>Ten-Speed\u00ae SF rinnarakmed SR25 (AR-10) tootjalt BlueForceGear<\/h2>\n<p>See kerge rinnarakmed on loodud maksimaalse mitmek\u00fclgsuse ja mugavuse tagamiseks ning sobib ideaalselt SR25 ja AR-10 salvedele. Omadused h\u00f5lmavad:<\/p>\n<ul>\n<li>Kolm Ten-Speed\u00ae multifunktsionaalset taskut salvedele v\u00f5i lisavarustusele<\/li>\n<li>Reguleeritavad \u00f5larihmad ja v\u00f6\u00f6rihmad kindla istuvuse tagamiseks<\/li>\n<li>Valmistatud vastupidavast ULTRAcomp\u00ae kangast<\/li>\n<li>\u00dchildub erinevate BlueForceGear lisadega<\/li>\n<li>Saadaval mitmes v\u00e4rvitoonis<\/li>\n<\/ul>\n<p>Ideaalne s\u00f5jav\u00e4elastele, \u00f5iguskaitseorganitele ja v\u00f5istluslaskuritele, kes otsivad madala profiiliga, k\u00f5rge j\u00f5udlusega rinnarakmete lahendust.<\/p>\n<\/div>\n","protected":false},"excerpt":{"rendered":"<p>Kerge rinnarakmed AR-10\/SR25 salvedele. Kiire juurdep\u00e4\u00e4s, modulaarne disain.<\/p>\n","protected":false},"featured_media":32804,"template":"","meta":{"_acf_changed":false},"product_brand":[11132],"product_cat":[1498,542],"product_tag":[],"class_list":{"0":"post-32800","1":"product","2":"type-product","3":"status-publish","4":"has-post-thumbnail","6":"product_brand-blue-force-gear","7":"product_cat-chest-rigs-et","8":"product_cat-gear-et","10":"first","11":"instock","12":"taxable","13":"shipping-taxable","14":"purchasable","15":"product-type-variable","16":"wvs-archive-product-wrapper"},"acf":[],"_links":{"self":[{"href":"https:\/\/staging.nbg.eu\/et\/wp-json\/wp\/v2\/product\/32800","targetHints":{"allow":["GET"]}}],"collection":[{"href":"https:\/\/staging.nbg.eu\/et\/wp-json\/wp\/v2\/product"}],"about":[{"href":"https:\/\/staging.nbg.eu\/et\/wp-json\/wp\/v2\/types\/product"}],"wp:featuredmedia":[{"embeddable":true,"href":"https:\/\/staging.nbg.eu\/et\/wp-json\/wp\/v2\/media\/32804"}],"wp:attachment":[{"href":"https:\/\/staging.nbg.eu\/et\/wp-json\/wp\/v2\/media?parent=32800"}],"wp:term":[{"taxonomy":"product_brand","embeddable":true,"href":"https:\/\/staging.nbg.eu\/et\/wp-json\/wp\/v2\/product_brand?post=32800"},{"taxonomy":"product_cat","embeddable":true,"href":"https:\/\/staging.nbg.eu\/et\/wp-json\/wp\/v2\/product_cat?post=32800"},{"taxonomy":"product_tag","embeddable":true,"href":"https:\/\/staging.nbg.eu\/et\/wp-json\/wp\/v2\/product_tag?post=32800"}],"curies":[{"name":"wp","href":"https:\/\/api.w.org\/{rel}","templated":true}]}}