{"id":31601,"date":"2024-08-18T19:30:03","date_gmt":"2024-08-24T13:46:08","guid":{"rendered":"https:\/\/staging.nbg.eu\/product\/daa-22x22mm-target-patches\/"},"modified":"2024-09-10T07:35:47","modified_gmt":"2024-09-10T07:35:47","slug":"daa-22x22mm-maerklaikabitid","status":"publish","type":"product","link":"https:\/\/staging.nbg.eu\/et\/toode\/daa-22x22mm-maerklaikabitid\/","title":{"rendered":"Daa 22X22mm m\u00e4rklaikabitid"},"content":{"rendered":"<div class=\"product-description\">\n<h2>DAA 22x22mm M\u00e4rklehe Kleepsud<\/h2>\n<p>T\u00e4iusta oma laskekogemust DAA kohandatud M\u00e4rklehe Kleepsudega, mis on loodud ideaalselt sulanduma tavaliste papist m\u00e4rklehtedega.<\/p>\n<ul>\n<li>V\u00e4rvilt sobitatud, et olla peaaegu n\u00e4htamatud tavalistel m\u00e4rklehtedel<\/li>\n<li>Unikaalne 22x22mm ruudukujuline disain suuremaks katvuseks<\/li>\n<li>Lihtsam ja kiirem paigaldada kui standardsed \u00fcmmargused kleepsud<\/li>\n<li>1000 kleepsu rullis, 10 rulli pakendis<\/li>\n<\/ul>\n<p>Need kvaliteetsed kleepsud pakuvad paremat katvust ja efektiivsust v\u00f5rreldes tavaliste 20mm \u00fcmmarguste kleepsudega. Nende ruudukujuline vorm v\u00f5imaldab kiiremat paigaldamist ilma t\u00e4pse sihtimise vajaduseta. Olgu te professionaalne v\u00f5i harrastuslaskur, DAA M\u00e4rklehe Kleepsud pakuvad sujuvat lahendust teie m\u00e4rklehtede eluea pikendamiseks igas ilmastikuolus.<\/p>\n<\/div>\n","protected":false},"excerpt":{"rendered":"<p>Ilmastikukindlad 22x22mm m\u00e4rklehed. 1000 tk\/rullis, 10 rulli\/pakis.<\/p>\n","protected":false},"featured_media":29097,"template":"","meta":{"_acf_changed":false},"product_brand":[11262],"product_cat":[1127,1128,1129],"product_tag":[],"class_list":{"0":"post-31601","1":"product","2":"type-product","3":"status-publish","4":"has-post-thumbnail","6":"product_brand-doublealpha","7":"product_cat-paper-targets-et","8":"product_cat-patches-patchguns-et","9":"product_cat-targets-et","11":"first","12":"instock","13":"taxable","14":"shipping-taxable","15":"purchasable","16":"product-type-variable","17":"wvs-archive-product-wrapper"},"acf":[],"_links":{"self":[{"href":"https:\/\/staging.nbg.eu\/et\/wp-json\/wp\/v2\/product\/31601","targetHints":{"allow":["GET"]}}],"collection":[{"href":"https:\/\/staging.nbg.eu\/et\/wp-json\/wp\/v2\/product"}],"about":[{"href":"https:\/\/staging.nbg.eu\/et\/wp-json\/wp\/v2\/types\/product"}],"wp:featuredmedia":[{"embeddable":true,"href":"https:\/\/staging.nbg.eu\/et\/wp-json\/wp\/v2\/media\/29097"}],"wp:attachment":[{"href":"https:\/\/staging.nbg.eu\/et\/wp-json\/wp\/v2\/media?parent=31601"}],"wp:term":[{"taxonomy":"product_brand","embeddable":true,"href":"https:\/\/staging.nbg.eu\/et\/wp-json\/wp\/v2\/product_brand?post=31601"},{"taxonomy":"product_cat","embeddable":true,"href":"https:\/\/staging.nbg.eu\/et\/wp-json\/wp\/v2\/product_cat?post=31601"},{"taxonomy":"product_tag","embeddable":true,"href":"https:\/\/staging.nbg.eu\/et\/wp-json\/wp\/v2\/product_tag?post=31601"}],"curies":[{"name":"wp","href":"https:\/\/api.w.org\/{rel}","templated":true}]}}