{"id":31189,"date":"2024-08-18T19:46:48","date_gmt":"2024-08-24T13:33:36","guid":{"rendered":"https:\/\/staging.nbg.eu\/product\/toode-4\/"},"modified":"2025-01-29T09:09:37","modified_gmt":"2025-01-29T09:09:37","slug":"flex-tupevaervilised-sisendid","status":"publish","type":"product","link":"https:\/\/staging.nbg.eu\/et\/toode\/flex-tupevaervilised-sisendid\/","title":{"rendered":"Flex tupev\u00e4rvilised sisendid"},"content":{"rendered":"<div class=\"product-description\">\n<h2>Flex vutlari v\u00e4rvilised sisud<\/h2>\n<p>Kohandage oma Flex vutlarit nende laserile l\u00f5igatud plastist logo sisudega. Saadaval erinevates v\u00e4rvides, need sisud lisavad vutlarile isikup\u00e4ra.<\/p>\n<ul>\n<li>Lihtne paigaldada 3M teibiga<\/li>\n<li>Eemaldatav v\u00e4rvide vahetamiseks (eemaldamisel v\u00f5ib puruneda)<\/li>\n<li>Kaasas l\u00e4bipaistev kaitsekile (parima v\u00e4limuse saavutamiseks eemaldatav)<\/li>\n<\/ul>\n<p>Valige meie v\u00e4rvivalikust:<\/p>\n<ul class=\"color-options\">\n<li>Must<\/li>\n<li>Sinine<\/li>\n<li>Vask<\/li>\n<li>Kuldne<\/li>\n<li>Oran\u017e<\/li>\n<li>Punane<\/li>\n<li>H\u00f5bedane<\/li>\n<li>Kollane<\/li>\n<\/ul>\n<p>T\u00e4iendage oma Flex vutlari v\u00e4limust nende v\u00e4rviliste sisudega.<\/p>\n<\/div>\n","protected":false},"excerpt":{"rendered":"<p>Kohandatavad v\u00e4rvilised vahet\u00fckid Flex Holsterile: lihtne paigaldada, eemaldatavad.<\/p>\n","protected":false},"featured_media":29695,"template":"","meta":{"_acf_changed":false},"product_brand":[],"product_cat":[1002,1003,1004],"product_tag":[],"class_list":{"0":"post-31189","1":"product","2":"type-product","3":"status-publish","4":"has-post-thumbnail","6":"product_cat-holster-et","7":"product_cat-holster-accessories-et","8":"product_cat-sport-holster-et","10":"first","11":"instock","12":"taxable","13":"shipping-taxable","14":"purchasable","15":"product-type-variable","16":"wvs-archive-product-wrapper"},"acf":[],"_links":{"self":[{"href":"https:\/\/staging.nbg.eu\/et\/wp-json\/wp\/v2\/product\/31189","targetHints":{"allow":["GET"]}}],"collection":[{"href":"https:\/\/staging.nbg.eu\/et\/wp-json\/wp\/v2\/product"}],"about":[{"href":"https:\/\/staging.nbg.eu\/et\/wp-json\/wp\/v2\/types\/product"}],"wp:featuredmedia":[{"embeddable":true,"href":"https:\/\/staging.nbg.eu\/et\/wp-json\/wp\/v2\/media\/29695"}],"wp:attachment":[{"href":"https:\/\/staging.nbg.eu\/et\/wp-json\/wp\/v2\/media?parent=31189"}],"wp:term":[{"taxonomy":"product_brand","embeddable":true,"href":"https:\/\/staging.nbg.eu\/et\/wp-json\/wp\/v2\/product_brand?post=31189"},{"taxonomy":"product_cat","embeddable":true,"href":"https:\/\/staging.nbg.eu\/et\/wp-json\/wp\/v2\/product_cat?post=31189"},{"taxonomy":"product_tag","embeddable":true,"href":"https:\/\/staging.nbg.eu\/et\/wp-json\/wp\/v2\/product_tag?post=31189"}],"curies":[{"name":"wp","href":"https:\/\/api.w.org\/{rel}","templated":true}]}}