{"id":31076,"date":"2024-08-18T19:53:51","date_gmt":"2024-08-24T13:31:16","guid":{"rendered":"https:\/\/staging.nbg.eu\/product\/daa-dry-fire-practice-mag\/"},"modified":"2024-08-24T13:33:13","modified_gmt":"2024-08-24T13:33:13","slug":"daa-kuivtreeningu-salv","status":"publish","type":"product","link":"https:\/\/staging.nbg.eu\/et\/toode\/daa-kuivtreeningu-salv\/","title":{"rendered":"Daa kuivtreeningu salv"},"content":{"rendered":"<div class=\"product-description\">\n<h2>Double Alpha Academy Daa kuivlaskmise harjutussalv<\/h2>\n<p>T\u00e4iusta oma laskeoskusi Daa kuivlaskmise harjutussalvega. See uuenduslik t\u00f6\u00f6riist v\u00f5imaldab ohutut ja t\u00f5husat kuivlaskmise treeningut kodus v\u00f5i lasketiirus.<\/p>\n<ul>\n<li>\u00dchilduv enamiku 9mm\/.40 topeltrea salvedega<\/li>\n<li>Realistlik kaal ja tunnetus autentseks harjutamiseks<\/li>\n<li>Vastupidav konstruktsioon pikaajaliseks kasutamiseks<\/li>\n<li>Aitab parandada p\u00e4\u00e4stiku kontrolli ja sihiku joondamist<\/li>\n<li>Ideaalne IPSC ja USPSA v\u00f5istlejatele<\/li>\n<\/ul>\n<p>T\u00f5sta oma laskesooritust ilma elavat laskemoona kasutamata. Telli oma Daa kuivlaskmise harjutussalv juba t\u00e4na!<\/p>\n<\/div>\n","protected":false},"excerpt":{"rendered":"<p>Daa kuivlaskemag: Ohutu ja realistlik harjutamisvahend k\u00e4situlirelvade oskuste parandamiseks.<\/p>\n","protected":false},"featured_media":29833,"template":"","meta":{"_acf_changed":false},"product_brand":[11262],"product_cat":[957,542],"product_tag":[],"class_list":{"0":"post-31076","1":"product","2":"type-product","3":"status-publish","4":"has-post-thumbnail","6":"product_brand-doublealpha","7":"product_cat-dry-fire-et","8":"product_cat-gear-et","10":"first","11":"instock","12":"taxable","13":"shipping-taxable","14":"purchasable","15":"product-type-variable","16":"wvs-archive-product-wrapper"},"acf":[],"_links":{"self":[{"href":"https:\/\/staging.nbg.eu\/et\/wp-json\/wp\/v2\/product\/31076","targetHints":{"allow":["GET"]}}],"collection":[{"href":"https:\/\/staging.nbg.eu\/et\/wp-json\/wp\/v2\/product"}],"about":[{"href":"https:\/\/staging.nbg.eu\/et\/wp-json\/wp\/v2\/types\/product"}],"wp:featuredmedia":[{"embeddable":true,"href":"https:\/\/staging.nbg.eu\/et\/wp-json\/wp\/v2\/media\/29833"}],"wp:attachment":[{"href":"https:\/\/staging.nbg.eu\/et\/wp-json\/wp\/v2\/media?parent=31076"}],"wp:term":[{"taxonomy":"product_brand","embeddable":true,"href":"https:\/\/staging.nbg.eu\/et\/wp-json\/wp\/v2\/product_brand?post=31076"},{"taxonomy":"product_cat","embeddable":true,"href":"https:\/\/staging.nbg.eu\/et\/wp-json\/wp\/v2\/product_cat?post=31076"},{"taxonomy":"product_tag","embeddable":true,"href":"https:\/\/staging.nbg.eu\/et\/wp-json\/wp\/v2\/product_tag?post=31076"}],"curies":[{"name":"wp","href":"https:\/\/api.w.org\/{rel}","templated":true}]}}