{"id":30971,"date":"2024-08-18T19:55:34","date_gmt":"2024-08-24T13:23:23","guid":{"rendered":"https:\/\/staging.nbg.eu\/product\/toode-3\/"},"modified":"2024-08-24T13:26:04","modified_gmt":"2024-08-24T13:26:04","slug":"sordin-supreme-pro-x-kuulmiskaitse","status":"publish","type":"product","link":"https:\/\/staging.nbg.eu\/et\/toode\/sordin-supreme-pro-x-kuulmiskaitse\/","title":{"rendered":"Sordin Supreme-Pro X kuulmiskaitse"},"content":{"rendered":"<div class=\"product-description\">\n<h2>Sordin Supreme-Pro X kuulmiskaitse<\/h2>\n<p>Koge \u00fclimat kuulmiskaitset Sordin Supreme-Pro X-iga. Need t\u00e4iustatud k\u00f5rvaklapid pakuvad:<\/p>\n<ul>\n<li>Aktiivset m\u00fcrasummutust optimaalseks ohutuseks<\/li>\n<li>\u00dcmbritseva heli v\u00f5imendamist olukorrateadlikkuse s\u00e4ilitamiseks<\/li>\n<li>Veekindlat disaini igasugustes ilmastikuoludes kasutamiseks<\/li>\n<li>Mugavat, ergonoomilist istuvust pikaajaliseks kandmiseks<\/li>\n<li>\u00d5hukest profiili sujuvaks integreerimiseks muu varustusega<\/li>\n<\/ul>\n<p>Supreme-Pro X on ideaalne laskmisel, jahil v\u00f5i t\u00f6\u00f6stusrakendustes, pakkudes v\u00f5rreldamatut kuulmiskaitset ilma suhtlemist v\u00f5i keskkonnateadlikkust ohvriks toomata. Kaitse oma kuulmist Sordini tipptasemel tehnoloogiaga.<\/p>\n<\/div>\n","protected":false},"excerpt":{"rendered":"<p>Sordin Supreme-Pro X: Eliitne k\u00f5rvakaitse kristallselge helikvaliteediga.<\/p>\n","protected":false},"featured_media":30270,"template":"","meta":{"_acf_changed":false},"product_brand":[],"product_cat":[931,542,489],"product_tag":[],"class_list":{"0":"post-30971","1":"product","2":"type-product","3":"status-publish","4":"has-post-thumbnail","6":"product_cat-ear-protection-et","7":"product_cat-gear-et","8":"product_cat-uncategorized-et","10":"first","11":"instock","12":"taxable","13":"shipping-taxable","14":"purchasable","15":"product-type-variable","16":"wvs-archive-product-wrapper"},"acf":[],"_links":{"self":[{"href":"https:\/\/staging.nbg.eu\/et\/wp-json\/wp\/v2\/product\/30971","targetHints":{"allow":["GET"]}}],"collection":[{"href":"https:\/\/staging.nbg.eu\/et\/wp-json\/wp\/v2\/product"}],"about":[{"href":"https:\/\/staging.nbg.eu\/et\/wp-json\/wp\/v2\/types\/product"}],"wp:featuredmedia":[{"embeddable":true,"href":"https:\/\/staging.nbg.eu\/et\/wp-json\/wp\/v2\/media\/30270"}],"wp:attachment":[{"href":"https:\/\/staging.nbg.eu\/et\/wp-json\/wp\/v2\/media?parent=30971"}],"wp:term":[{"taxonomy":"product_brand","embeddable":true,"href":"https:\/\/staging.nbg.eu\/et\/wp-json\/wp\/v2\/product_brand?post=30971"},{"taxonomy":"product_cat","embeddable":true,"href":"https:\/\/staging.nbg.eu\/et\/wp-json\/wp\/v2\/product_cat?post=30971"},{"taxonomy":"product_tag","embeddable":true,"href":"https:\/\/staging.nbg.eu\/et\/wp-json\/wp\/v2\/product_tag?post=30971"}],"curies":[{"name":"wp","href":"https:\/\/api.w.org\/{rel}","templated":true}]}}