{"id":290324,"date":"2025-03-02T06:33:52","date_gmt":"2025-03-27T10:02:20","guid":{"rendered":"https:\/\/staging.nbg.eu\/prodcut\/area-419-railchanger-og-bag\/"},"modified":"2025-03-27T10:04:45","modified_gmt":"2025-03-27T10:04:45","slug":"area-419-railchanger-og-kott","status":"publish","type":"product","link":"https:\/\/staging.nbg.eu\/et\/toode\/area-419-railchanger-og-kott\/","title":{"rendered":"Area 419 &#8211; RailChanger OG Kott"},"content":{"rendered":"<h2>Area 419 &#8211; RailChanger OG kott<\/h2>\n<p>RailChanger OG Armageddon Gear&#8217;ilt &#8211; RCX s\u00fcsteemi jaoks. See t\u00e4ism\u00f5\u00f5dus OG GameChanger on varustatud kohandatud laserpoolt l\u00f5igatud paneelidega peal ja k\u00fcljel, mis v\u00f5imaldavad \u00fchendamist RCX s\u00fcsteemiga.<\/p>\n<h2>P\u00f5hiomadused:<\/h2>\n<ul>\n<li>Loodud RCX s\u00fcsteemi jaoks<\/li>\n<li>Kohandatud laserpoolt l\u00f5igatud paneelid kinnitamiseks<\/li>\n<li>T\u00e4ism\u00f5\u00f5dus OG GameChanger disain<\/li>\n<li>Vastupidav konstruktsioon<\/li>\n<\/ul>\n<h2>Tehnilised andmed:<\/h2>\n<ul>\n<li>Kaal: 3,2 kg<\/li>\n<li>M\u00f5\u00f5tmed: 25,4 \u00d7 17,8 \u00d7 15,2 cm<\/li>\n<li>Saadaval v\u00e4rvid: Must, Pruun<\/li>\n<\/ul>\n<p>RailChanger OG &#8211; kott, mis loodi RCX s\u00fcsteemi jaoks.<\/p>\n","protected":false},"excerpt":{"rendered":"<p>Kohandatud GameChanger kott RCX-ile: laseriga l\u00f5igatud paneelid, t\u00e4ism\u00f5\u00f5tmetes, mitmek\u00fclgne.<\/p>\n","protected":false},"featured_media":233466,"template":"","meta":{"_acf_changed":false},"product_brand":[11034],"product_cat":[610],"product_tag":[],"class_list":{"0":"post-290324","1":"product","2":"type-product","3":"status-publish","4":"has-post-thumbnail","6":"product_brand-area-419","7":"product_cat-rifle-et","9":"first","10":"outofstock","11":"taxable","12":"shipping-taxable","13":"purchasable","14":"product-type-variable","15":"wvs-archive-product-wrapper"},"acf":[],"_links":{"self":[{"href":"https:\/\/staging.nbg.eu\/et\/wp-json\/wp\/v2\/product\/290324","targetHints":{"allow":["GET"]}}],"collection":[{"href":"https:\/\/staging.nbg.eu\/et\/wp-json\/wp\/v2\/product"}],"about":[{"href":"https:\/\/staging.nbg.eu\/et\/wp-json\/wp\/v2\/types\/product"}],"wp:featuredmedia":[{"embeddable":true,"href":"https:\/\/staging.nbg.eu\/et\/wp-json\/wp\/v2\/media\/233466"}],"wp:attachment":[{"href":"https:\/\/staging.nbg.eu\/et\/wp-json\/wp\/v2\/media?parent=290324"}],"wp:term":[{"taxonomy":"product_brand","embeddable":true,"href":"https:\/\/staging.nbg.eu\/et\/wp-json\/wp\/v2\/product_brand?post=290324"},{"taxonomy":"product_cat","embeddable":true,"href":"https:\/\/staging.nbg.eu\/et\/wp-json\/wp\/v2\/product_cat?post=290324"},{"taxonomy":"product_tag","embeddable":true,"href":"https:\/\/staging.nbg.eu\/et\/wp-json\/wp\/v2\/product_tag?post=290324"}],"curies":[{"name":"wp","href":"https:\/\/api.w.org\/{rel}","templated":true}]}}