{"id":290207,"date":"2025-03-02T10:02:47","date_gmt":"2025-03-02T10:02:47","guid":{"rendered":"https:\/\/staging.nbg.eu\/prodcut\/area-419-arcalock-rail-for-barrett-mrad-mk22-sniper-system\/"},"modified":"2025-03-27T09:56:59","modified_gmt":"2025-03-27T09:56:59","slug":"area-419-arcalock-liist-barrett-mrad-mk22-snaiprisuesteemi-jaoks","status":"publish","type":"product","link":"https:\/\/staging.nbg.eu\/et\/toode\/area-419-arcalock-liist-barrett-mrad-mk22-snaiprisuesteemi-jaoks\/","title":{"rendered":"Area 419 &#8211; ARCALOCK Liist Barrett MRAD, MK22 Snaipris\u00fcsteemi jaoks"},"content":{"rendered":"<div class=\"product-description\">\n<h2>Area 419 &#8211; ARCALOCK r\u00f6\u00f6bas Barrett MRAD-ile ja MK22 Sniper System-ile<\/h2>\n<p>ARCALOCK r\u00f6\u00f6bas Barrett MRAD-ile v\u00f5i MK22 Sniper System-ile. See lisatarvik pakub:<\/p>\n<ul>\n<li>\u00dchilduvus Barrett MRAD ja MK22 platvormidega<\/li>\n<li>7075-T6 alumiiniumist konstruktsioon<\/li>\n<li>ARCALOCK kinnituss\u00fcsteem<\/li>\n<li>Pikendatud \u00fclemine r\u00f6\u00f6bas lisatarvikute jaoks<\/li>\n<li>M-LOK \u00fchilduvad k\u00fcljed ja p\u00f5hi<\/li>\n<li>Kerge disain<\/li>\n<li>Anodeeritud viimistlus korrosioonikindluse jaoks<\/li>\n<\/ul>\n<p>Area 419 ARCALOCK r\u00f6\u00f6bas on m\u00f5eldud t\u00e4psuslaskuritele ja s\u00f5jav\u00e4elastele.<\/p>\n<\/div>\n","protected":false},"excerpt":{"rendered":"<p>T\u00e4ppisvalmistatud ARCALOCK relssis\u00fcsteem Barrett MRAD\/MK22 jaoks. Parandab t\u00e4psust ja lisavarustuse kinnitamise v\u00f5imalusi.<\/p>\n","protected":false},"featured_media":234162,"template":"","meta":{"_acf_changed":false},"product_brand":[11034],"product_cat":[722,610],"product_tag":[],"class_list":{"0":"post-290207","1":"product","2":"type-product","3":"status-publish","4":"has-post-thumbnail","6":"product_brand-area-419","7":"product_cat-rails-et","8":"product_cat-rifle-et","10":"first","11":"instock","12":"taxable","13":"shipping-taxable","14":"purchasable","15":"product-type-simple"},"acf":[],"_links":{"self":[{"href":"https:\/\/staging.nbg.eu\/et\/wp-json\/wp\/v2\/product\/290207","targetHints":{"allow":["GET"]}}],"collection":[{"href":"https:\/\/staging.nbg.eu\/et\/wp-json\/wp\/v2\/product"}],"about":[{"href":"https:\/\/staging.nbg.eu\/et\/wp-json\/wp\/v2\/types\/product"}],"wp:featuredmedia":[{"embeddable":true,"href":"https:\/\/staging.nbg.eu\/et\/wp-json\/wp\/v2\/media\/234162"}],"wp:attachment":[{"href":"https:\/\/staging.nbg.eu\/et\/wp-json\/wp\/v2\/media?parent=290207"}],"wp:term":[{"taxonomy":"product_brand","embeddable":true,"href":"https:\/\/staging.nbg.eu\/et\/wp-json\/wp\/v2\/product_brand?post=290207"},{"taxonomy":"product_cat","embeddable":true,"href":"https:\/\/staging.nbg.eu\/et\/wp-json\/wp\/v2\/product_cat?post=290207"},{"taxonomy":"product_tag","embeddable":true,"href":"https:\/\/staging.nbg.eu\/et\/wp-json\/wp\/v2\/product_tag?post=290207"}],"curies":[{"name":"wp","href":"https:\/\/api.w.org\/{rel}","templated":true}]}}