{"id":289995,"date":"2025-03-06T13:55:57","date_gmt":"2025-03-06T10:55:57","guid":{"rendered":"https:\/\/staging.nbg.eu\/prodcut\/surefire-xr1-a-weapon-light\/"},"modified":"2025-10-01T16:15:54","modified_gmt":"2025-10-01T13:15:54","slug":"surefire-xr1-a-relvatuli","status":"publish","type":"product","link":"https:\/\/staging.nbg.eu\/et\/toode\/surefire-xr1-a-relvatuli\/","title":{"rendered":"SureFire XR1-A Relvatuli"},"content":{"rendered":"<div class=\"product-description\">\n<h2>SureFire XR1-A relvavalgustus<\/h2>\n<p>SureFire XR1-A on laetav relvavalgustus varjatud kandmiseks. See kompaktne seade annab 800 luumenit valget valgust, sobib keskmise suurusega varjatud kandmisega k\u00e4situlirelvadele.<\/p>\n<h2>P\u00f5hiomadused:<\/h2>\n<ul>\n<li>Kaks tagasil\u00f6\u00f6gikindlat LED-i 800 luumeni v\u00e4ljundiga<\/li>\n<li>H\u00fcbriidne valgusvihu muster tuvastamiseks ja olukorra hindamiseks<\/li>\n<li>Kiirelt eemaldatav, laetav liitiumpol\u00fcmeeraku<\/li>\n<li>Kerge, kompaktne disain (75 grammi)<\/li>\n<li>S\u00f5jav\u00e4elise spetsifikatsiooniga anodeeritud kosmosealumiiniumist korpus<\/li>\n<li>Neljakohaline r\u00f6\u00f6papaigaldus<\/li>\n<li>M\u00f5lemak\u00e4eline hetkeline ja p\u00fcsiv l\u00fclitus<\/li>\n<li>Akul asuv laetuse n\u00e4idik<\/li>\n<\/ul>\n<h2>J\u00f5udlus:<\/h2>\n<ul>\n<li>Valgusvihu tippintensiivsus: 16 000 kandelat<\/li>\n<li>T\u00f6\u00f6aeg: 40 minutit t\u00e4isv\u00f5imsusel<\/li>\n<li>Valgusvihu ulatus: 250 meetrit<\/li>\n<\/ul>\n<p>XR1-A paraboolne reflektor tagab \u00fchtlase valgusvihu. Kiirelt eemaldatav aku v\u00f5imaldab laadimist ilma valgustit relvalt eemaldamata.<\/p>\n<p>XR1-A on kompaktne relvavalgustus, mis \u00fchendab v\u00f5imsuse, vastupidavuse ja mugavuse, s\u00e4ilitades relva varjatud kandmise ja k\u00e4sitsemise omadused.<\/p>\n<\/div>\n","protected":false},"excerpt":{"rendered":"<p>SureFire XR1-A: 800-luumeniline laetav relvavalgusti k\u00e4situlirelvadele.<\/p>\n","protected":false},"featured_media":241807,"template":"","meta":{"_acf_changed":false},"product_brand":[11862],"product_cat":[1543,2169,1662],"product_tag":[],"class_list":{"0":"post-289995","1":"product","2":"type-product","3":"status-publish","4":"has-post-thumbnail","6":"product_brand-surefire","7":"product_cat-lights-et","8":"product_cat-pistol-et","9":"product_cat-pistol-lights-et","11":"first","12":"instock","13":"taxable","14":"shipping-taxable","15":"purchasable","16":"product-type-simple"},"acf":[],"_links":{"self":[{"href":"https:\/\/staging.nbg.eu\/et\/wp-json\/wp\/v2\/product\/289995","targetHints":{"allow":["GET"]}}],"collection":[{"href":"https:\/\/staging.nbg.eu\/et\/wp-json\/wp\/v2\/product"}],"about":[{"href":"https:\/\/staging.nbg.eu\/et\/wp-json\/wp\/v2\/types\/product"}],"wp:featuredmedia":[{"embeddable":true,"href":"https:\/\/staging.nbg.eu\/et\/wp-json\/wp\/v2\/media\/241807"}],"wp:attachment":[{"href":"https:\/\/staging.nbg.eu\/et\/wp-json\/wp\/v2\/media?parent=289995"}],"wp:term":[{"taxonomy":"product_brand","embeddable":true,"href":"https:\/\/staging.nbg.eu\/et\/wp-json\/wp\/v2\/product_brand?post=289995"},{"taxonomy":"product_cat","embeddable":true,"href":"https:\/\/staging.nbg.eu\/et\/wp-json\/wp\/v2\/product_cat?post=289995"},{"taxonomy":"product_tag","embeddable":true,"href":"https:\/\/staging.nbg.eu\/et\/wp-json\/wp\/v2\/product_tag?post=289995"}],"curies":[{"name":"wp","href":"https:\/\/api.w.org\/{rel}","templated":true}]}}