{"id":289883,"date":"2025-03-01T16:08:15","date_gmt":"2025-03-26T21:40:15","guid":{"rendered":"https:\/\/staging.nbg.eu\/prodcut\/area-419-arcalock-barricade-stop\/"},"modified":"2025-03-26T21:42:40","modified_gmt":"2025-03-26T21:42:40","slug":"area-419-arcalock-barrikaadipidur","status":"publish","type":"product","link":"https:\/\/staging.nbg.eu\/et\/toode\/area-419-arcalock-barrikaadipidur\/","title":{"rendered":"Area 419 &#8211; ARCALOCK Barrikaadipidur"},"content":{"rendered":"<h2>Area 419 &#8211; ARCALOCK Barrikaadi Peatus<\/h2>\n<p>Lisage oma ARCALOCK s\u00fcsteemile see t\u00e4iendav barrikaadi peatus.<\/p>\n<h2>P\u00f5hiomadused:<\/h2>\n<ul>\n<li>\u00dchilduv poldimuster Atlas bipodiga<\/li>\n<li>Paigaldamine: klambrija bipodi vahele v\u00f5i eraldiseisvana<\/li>\n<li>Eesmised hambad barrikaadil p\u00fcsimiseks<\/li>\n<li>Valmistatud 6061-T6 alumiiniumist<\/li>\n<li>Kaal 0,5 naela<\/li>\n<li>M\u00f5\u00f5tmed: 6&#8243; \u00d7 3,5&#8243; \u00d7 2&#8243;<\/li>\n<\/ul>\n<p><strong>M\u00e4rkus:<\/strong> Ainult barrikaadi peatus; klamber ja bipod ei kuulu komplekti. Ei \u00fchildu Harris Bipodiga ilma meie pikenduseta.<\/p>\n<p>Area 419 ARCALOCK Barrikaadi Peatus on lisavarustus stabiilsuse tagamiseks.<\/p>\n","protected":false},"excerpt":{"rendered":"<p>Area 419 ARCALOCK barj\u00e4\u00e4ripeataja: Kindel haare t\u00e4psuslaskmiseks.<\/p>\n","protected":false},"featured_media":233036,"template":"","meta":{"_acf_changed":false},"product_brand":[11034],"product_cat":[722,610,685,611],"product_tag":[],"class_list":{"0":"post-289883","1":"product","2":"type-product","3":"status-publish","4":"has-post-thumbnail","6":"product_brand-area-419","7":"product_cat-rails-et","8":"product_cat-rifle-et","9":"product_cat-rifle-grips-et","10":"product_cat-rifle-parts-et","12":"first","13":"instock","14":"taxable","15":"shipping-taxable","16":"purchasable","17":"product-type-simple"},"acf":[],"_links":{"self":[{"href":"https:\/\/staging.nbg.eu\/et\/wp-json\/wp\/v2\/product\/289883","targetHints":{"allow":["GET"]}}],"collection":[{"href":"https:\/\/staging.nbg.eu\/et\/wp-json\/wp\/v2\/product"}],"about":[{"href":"https:\/\/staging.nbg.eu\/et\/wp-json\/wp\/v2\/types\/product"}],"wp:featuredmedia":[{"embeddable":true,"href":"https:\/\/staging.nbg.eu\/et\/wp-json\/wp\/v2\/media\/233036"}],"wp:attachment":[{"href":"https:\/\/staging.nbg.eu\/et\/wp-json\/wp\/v2\/media?parent=289883"}],"wp:term":[{"taxonomy":"product_brand","embeddable":true,"href":"https:\/\/staging.nbg.eu\/et\/wp-json\/wp\/v2\/product_brand?post=289883"},{"taxonomy":"product_cat","embeddable":true,"href":"https:\/\/staging.nbg.eu\/et\/wp-json\/wp\/v2\/product_cat?post=289883"},{"taxonomy":"product_tag","embeddable":true,"href":"https:\/\/staging.nbg.eu\/et\/wp-json\/wp\/v2\/product_tag?post=289883"}],"curies":[{"name":"wp","href":"https:\/\/api.w.org\/{rel}","templated":true}]}}