{"id":289753,"date":"2025-03-01T16:03:10","date_gmt":"2025-03-26T21:35:09","guid":{"rendered":"https:\/\/staging.nbg.eu\/prodcut\/area-419-arcalock-8-universal-dovetail-rail\/"},"modified":"2025-03-26T21:37:35","modified_gmt":"2025-03-26T21:37:35","slug":"area-419-arcalock-8-universaalne-tihvtliist","status":"publish","type":"product","link":"https:\/\/staging.nbg.eu\/et\/toode\/area-419-arcalock-8-universaalne-tihvtliist\/","title":{"rendered":"Area 419 &#8211; ARCALOCK 8&#8243; Universaalne Tihvtliist"},"content":{"rendered":"<div class=\"product-description\">\n<h2>Area 419 &#8211; ARCALOCK 8&#8243; Universaalne Kalasabarail<\/h2>\n<p>ARCALOCK 8&#8243; Universaalne Kalasabarail Area 419-lt. Relsis\u00fcsteemi omadused:<\/p>\n<ul>\n<li>Sakilised k\u00fcljed mehaaniliseks lukustamiseks Area 419 klambritega<\/li>\n<li>\u00dchilduvus standardsete ARCA tarvikutega<\/li>\n<li>8&#8243; pikkus t\u00e4ielikuks eesosa katvuseks<\/li>\n<li>Kerge disain, kaalub vaid 3 untsi<\/li>\n<li>Vastab RRS 1.5&#8243; kalasaba standardile<\/li>\n<li>\u00dcmardatud servad<\/li>\n<li>T\u00fc\u00fcp 3 k\u00f5va kattega anodeeritud viimistlus<\/li>\n<li>Valmistatud USAs 6061-T6 alumiiniumist<\/li>\n<\/ul>\n<p>ARCALOCK relsis\u00fcsteem on loodud laskmisv\u00f5imekuse parandamiseks.<\/p>\n<\/div>\n","protected":false},"excerpt":{"rendered":"<p>Area 419 ARCALOCK: 8-tolline lukustuv kalasabakinnitus t\u00e4psusvintp\u00fcssidele.<\/p>\n","protected":false},"featured_media":232886,"template":"","meta":{"_acf_changed":false},"product_brand":[11034],"product_cat":[722,610,390],"product_tag":[],"class_list":{"0":"post-289753","1":"product","2":"type-product","3":"status-publish","4":"has-post-thumbnail","6":"product_brand-area-419","7":"product_cat-rails-et","8":"product_cat-rifle-et","9":"product_cat-aiming","11":"first","12":"instock","13":"taxable","14":"shipping-taxable","15":"purchasable","16":"product-type-simple"},"acf":[],"_links":{"self":[{"href":"https:\/\/staging.nbg.eu\/et\/wp-json\/wp\/v2\/product\/289753","targetHints":{"allow":["GET"]}}],"collection":[{"href":"https:\/\/staging.nbg.eu\/et\/wp-json\/wp\/v2\/product"}],"about":[{"href":"https:\/\/staging.nbg.eu\/et\/wp-json\/wp\/v2\/types\/product"}],"wp:featuredmedia":[{"embeddable":true,"href":"https:\/\/staging.nbg.eu\/et\/wp-json\/wp\/v2\/media\/232886"}],"wp:attachment":[{"href":"https:\/\/staging.nbg.eu\/et\/wp-json\/wp\/v2\/media?parent=289753"}],"wp:term":[{"taxonomy":"product_brand","embeddable":true,"href":"https:\/\/staging.nbg.eu\/et\/wp-json\/wp\/v2\/product_brand?post=289753"},{"taxonomy":"product_cat","embeddable":true,"href":"https:\/\/staging.nbg.eu\/et\/wp-json\/wp\/v2\/product_cat?post=289753"},{"taxonomy":"product_tag","embeddable":true,"href":"https:\/\/staging.nbg.eu\/et\/wp-json\/wp\/v2\/product_tag?post=289753"}],"curies":[{"name":"wp","href":"https:\/\/api.w.org\/{rel}","templated":true}]}}