{"id":289656,"date":"2025-03-01T15:55:52","date_gmt":"2025-03-26T21:31:52","guid":{"rendered":"https:\/\/staging.nbg.eu\/prodcut\/area-419-arcalock-4-25-universal-dovetail-rail\/"},"modified":"2025-03-26T21:34:20","modified_gmt":"2025-03-26T21:34:20","slug":"area-419-arcalock-425-universaalne-tihvtliist","status":"publish","type":"product","link":"https:\/\/staging.nbg.eu\/et\/toode\/area-419-arcalock-425-universaalne-tihvtliist\/","title":{"rendered":"Area 419 &#8211; ARCALOCK 4.25&#8243; Universaalne Tihvtliist"},"content":{"rendered":"<h2>Area 419 &#8211; ARCALOCK 4,25&#8243; Universaalne Kalasaba Relss<\/h2>\n<p>Area 419 ARCALOCK 4,25&#8243; universaalne kalasaba relss on valmistatud 6061 alumiiniumist.<\/p>\n<h2>P\u00f5hiomadused:<\/h2>\n<ul>\n<li>Materjal: 6061 alumiinium<\/li>\n<li>Viimistlus: Must anodeeritud<\/li>\n<li>Pikkus: 4,25 tolli<\/li>\n<li>Universaalne kalasaba disain<\/li>\n<li>T\u00e4ppisfreesitud<\/li>\n<\/ul>\n<h2>Toote spetsifikatsioonid:<\/h2>\n<ul>\n<li>Kaal: 1 nael<\/li>\n<li>M\u00f5\u00f5tmed: 8 \u00d7 4 \u00d7 1 tolli<\/li>\n<li>Tootja: Area 419<\/li>\n<\/ul>\n<p>ARCALOCK relss on m\u00f5eldud erinevate lisaseadmete kinnitamiseks.<\/p>\n","protected":false},"excerpt":{"rendered":"<p>Area 419 ARCALOCK: Vastupidav 4,25-tolline kalasaba-t\u00fc\u00fcpi siin, must anodeeritud alumiinium.<\/p>\n","protected":false},"featured_media":232770,"template":"","meta":{"_acf_changed":false},"product_brand":[11034],"product_cat":[722,610,390],"product_tag":[],"class_list":{"0":"post-289656","1":"product","2":"type-product","3":"status-publish","4":"has-post-thumbnail","6":"product_brand-area-419","7":"product_cat-rails-et","8":"product_cat-rifle-et","9":"product_cat-aiming","11":"first","12":"instock","13":"taxable","14":"shipping-taxable","15":"purchasable","16":"product-type-simple"},"acf":[],"_links":{"self":[{"href":"https:\/\/staging.nbg.eu\/et\/wp-json\/wp\/v2\/product\/289656","targetHints":{"allow":["GET"]}}],"collection":[{"href":"https:\/\/staging.nbg.eu\/et\/wp-json\/wp\/v2\/product"}],"about":[{"href":"https:\/\/staging.nbg.eu\/et\/wp-json\/wp\/v2\/types\/product"}],"wp:featuredmedia":[{"embeddable":true,"href":"https:\/\/staging.nbg.eu\/et\/wp-json\/wp\/v2\/media\/232770"}],"wp:attachment":[{"href":"https:\/\/staging.nbg.eu\/et\/wp-json\/wp\/v2\/media?parent=289656"}],"wp:term":[{"taxonomy":"product_brand","embeddable":true,"href":"https:\/\/staging.nbg.eu\/et\/wp-json\/wp\/v2\/product_brand?post=289656"},{"taxonomy":"product_cat","embeddable":true,"href":"https:\/\/staging.nbg.eu\/et\/wp-json\/wp\/v2\/product_cat?post=289656"},{"taxonomy":"product_tag","embeddable":true,"href":"https:\/\/staging.nbg.eu\/et\/wp-json\/wp\/v2\/product_tag?post=289656"}],"curies":[{"name":"wp","href":"https:\/\/api.w.org\/{rel}","templated":true}]}}