{"id":289548,"date":"2025-03-01T14:21:59","date_gmt":"2025-03-26T21:27:38","guid":{"rendered":"https:\/\/staging.nbg.eu\/prodcut\/area-419-arcalock-10%e2%80%b3-universal-dovetail-rail\/"},"modified":"2025-03-26T21:30:10","modified_gmt":"2025-03-26T21:30:10","slug":"area-419-arcalock-10-universaalne-tihvtliist","status":"publish","type":"product","link":"https:\/\/staging.nbg.eu\/et\/toode\/area-419-arcalock-10-universaalne-tihvtliist\/","title":{"rendered":"Area 419 &#8211; ARCALOCK 10&#8243; Universaalne Tihvtliist"},"content":{"rendered":"<div class=\"product-description\">\n<h2>Area 419 &#8211; ARCALOCK 10&#8243; Universaalne Kalasabarail<\/h2>\n<p>Area 419 ARCALOCK 10&#8243; Universaalne Kalasabarail t\u00e4psusvintp\u00fcssile. Rail sisaldab j\u00e4rgmisi omadusi:<\/p>\n<ul>\n<li>Sakilised k\u00fcljed mehaaniliseks lukustuseks Area 419 klambritega<\/li>\n<li>\u00dchilduvus standardsete Arca tarvikutega<\/li>\n<li>Kerge disain, kaalub 4.1 untsi<\/li>\n<li>Vastab RRS 1.5&#8243; Kalasaba Standardile<\/li>\n<li>Faasitud servad<\/li>\n<li>T\u00fc\u00fcp 3 K\u00f5va Katte anodeeritud 6061-T6 alumiinium konstruktsioon<\/li>\n<li>Valmistatud USA-s<\/li>\n<li>M-LOK pesad lisatarvikute kinnitamiseks<\/li>\n<\/ul>\n<p><strong>M\u00e4rkus:<\/strong> N\u00f5uab kinnitamiseks 6 j\u00e4rjestikust MLOK pesa. V\u00e4hemate pesadega p\u00fcsside jaoks kaaluge 12&#8243; Universaalset Raili.<\/p>\n<p>ARCALOCK Kalasabarail S\u00fcsteem.<\/p>\n<\/div>\n","protected":false},"excerpt":{"rendered":"<p>ARCALOCK 10&#8243; universaalne kalasabarail: Turvaline, mitmek\u00fclgne MLOK-kinnitus t\u00e4psusvintp\u00fcssidele.<\/p>\n","protected":false},"featured_media":232420,"template":"","meta":{"_acf_changed":false},"product_brand":[11034],"product_cat":[722,610,390],"product_tag":[],"class_list":{"0":"post-289548","1":"product","2":"type-product","3":"status-publish","4":"has-post-thumbnail","6":"product_brand-area-419","7":"product_cat-rails-et","8":"product_cat-rifle-et","9":"product_cat-aiming","11":"first","12":"instock","13":"taxable","14":"shipping-taxable","15":"purchasable","16":"product-type-simple"},"acf":[],"_links":{"self":[{"href":"https:\/\/staging.nbg.eu\/et\/wp-json\/wp\/v2\/product\/289548","targetHints":{"allow":["GET"]}}],"collection":[{"href":"https:\/\/staging.nbg.eu\/et\/wp-json\/wp\/v2\/product"}],"about":[{"href":"https:\/\/staging.nbg.eu\/et\/wp-json\/wp\/v2\/types\/product"}],"wp:featuredmedia":[{"embeddable":true,"href":"https:\/\/staging.nbg.eu\/et\/wp-json\/wp\/v2\/media\/232420"}],"wp:attachment":[{"href":"https:\/\/staging.nbg.eu\/et\/wp-json\/wp\/v2\/media?parent=289548"}],"wp:term":[{"taxonomy":"product_brand","embeddable":true,"href":"https:\/\/staging.nbg.eu\/et\/wp-json\/wp\/v2\/product_brand?post=289548"},{"taxonomy":"product_cat","embeddable":true,"href":"https:\/\/staging.nbg.eu\/et\/wp-json\/wp\/v2\/product_cat?post=289548"},{"taxonomy":"product_tag","embeddable":true,"href":"https:\/\/staging.nbg.eu\/et\/wp-json\/wp\/v2\/product_tag?post=289548"}],"curies":[{"name":"wp","href":"https:\/\/api.w.org\/{rel}","templated":true}]}}