{"id":289403,"date":"2025-03-01T15:46:12","date_gmt":"2025-03-26T21:23:28","guid":{"rendered":"https:\/\/staging.nbg.eu\/prodcut\/area-419-arcalock-14-universal-dovetail-rail\/"},"modified":"2025-03-26T21:25:56","modified_gmt":"2025-03-26T21:25:56","slug":"area-419-arcalock-14-universaalne-tihvtliist","status":"publish","type":"product","link":"https:\/\/staging.nbg.eu\/et\/toode\/area-419-arcalock-14-universaalne-tihvtliist\/","title":{"rendered":"Area 419 &#8211; ARCALOCK 14&#8243; Universaalne Tihvtliist"},"content":{"rendered":"<h2>Area 419 &#8211; ARCALOCK 14&#8243; Universaalne Kalasaba Relv<\/h2>\n<p>ARCALOCK 14&#8243; Universaalne Kalasaba Relv Area 419-lt. See relvas\u00fcsteem sisaldab:<\/p>\n<ul>\n<li>Sakilised k\u00fcljed mehaaniliseks lukustamiseks Area 419 klambritega<\/li>\n<li>65 lukustusasendit 14&#8243; relval<\/li>\n<li>Tagasi\u00fchilduvus standardsete Arca tarvikutega<\/li>\n<li>Sakiline fikseeritud tagumine t\u00f5kkestopp laienduspistikuga<\/li>\n<li>Kerge disain, kaalub vaid 5.6 untsi<\/li>\n<li>Valmistatud RRS 1.5&#8243; Kalasaba Standardi j\u00e4rgi<\/li>\n<li>\u00dcmardatud nurgad ja faasitud servad mugavuseks<\/li>\n<li>T\u00fc\u00fcp 3 K\u00f5va katteanodeeritud 6061-T6 alumiiniumist konstruktsioon<\/li>\n<li>Valmistatud USAs<\/li>\n<\/ul>\n<p>ARCALOCK relvas\u00fcsteem on loodud t\u00e4psuseks ja j\u00f5udluseks.<\/p>\n","protected":false},"excerpt":{"rendered":"<p>&#8220;Lukustuv ARCA relss t\u00e4psusvintp\u00fcssidele. 35,6 cm, 65 positsiooni, 159 grammi.&#8221;<\/p>\n","protected":false},"featured_media":232583,"template":"","meta":{"_acf_changed":false},"product_brand":[11034],"product_cat":[722,610,390],"product_tag":[],"class_list":{"0":"post-289403","1":"product","2":"type-product","3":"status-publish","4":"has-post-thumbnail","6":"product_brand-area-419","7":"product_cat-rails-et","8":"product_cat-rifle-et","9":"product_cat-aiming","11":"first","12":"instock","13":"taxable","14":"shipping-taxable","15":"purchasable","16":"product-type-simple"},"acf":[],"_links":{"self":[{"href":"https:\/\/staging.nbg.eu\/et\/wp-json\/wp\/v2\/product\/289403","targetHints":{"allow":["GET"]}}],"collection":[{"href":"https:\/\/staging.nbg.eu\/et\/wp-json\/wp\/v2\/product"}],"about":[{"href":"https:\/\/staging.nbg.eu\/et\/wp-json\/wp\/v2\/types\/product"}],"wp:featuredmedia":[{"embeddable":true,"href":"https:\/\/staging.nbg.eu\/et\/wp-json\/wp\/v2\/media\/232583"}],"wp:attachment":[{"href":"https:\/\/staging.nbg.eu\/et\/wp-json\/wp\/v2\/media?parent=289403"}],"wp:term":[{"taxonomy":"product_brand","embeddable":true,"href":"https:\/\/staging.nbg.eu\/et\/wp-json\/wp\/v2\/product_brand?post=289403"},{"taxonomy":"product_cat","embeddable":true,"href":"https:\/\/staging.nbg.eu\/et\/wp-json\/wp\/v2\/product_cat?post=289403"},{"taxonomy":"product_tag","embeddable":true,"href":"https:\/\/staging.nbg.eu\/et\/wp-json\/wp\/v2\/product_tag?post=289403"}],"curies":[{"name":"wp","href":"https:\/\/api.w.org\/{rel}","templated":true}]}}