{"id":289316,"date":"2024-01-30T18:07:31","date_gmt":"2025-03-26T21:21:14","guid":{"rendered":"https:\/\/staging.nbg.eu\/prodcut\/area-419-arcalock-12-m-lok-dovetail-rail-2\/"},"modified":"2025-03-26T21:23:45","modified_gmt":"2025-03-26T21:23:45","slug":"area-419-arcalock-12-m-lok-tihvtliist","status":"publish","type":"product","link":"https:\/\/staging.nbg.eu\/et\/toode\/area-419-arcalock-12-m-lok-tihvtliist\/","title":{"rendered":"Area 419 &#8211; ARCALOCK 12&#8243; M-LOK Tihvtliist"},"content":{"rendered":"<h2>Area 419 &#8211; ARCALOCK 12&#8243; M-LOK Dovetail R\u00f6\u00f6bas<\/h2>\n<p>ARCALOCK 12&#8243; M-LOK Dovetail R\u00f6\u00f6bas Area 419-lt sisaldab j\u00e4rgmisi omadusi:<\/p>\n<ul>\n<li>Sakilised k\u00fcljed mehaaniliseks lukustamiseks Area 419 klambritega<\/li>\n<li>\u00dchilduvus standardsete Arca tarvikutega<\/li>\n<li>12-tolline pikkus kinnitusruumi jaoks<\/li>\n<li>Kergekaaluline disain, kaalub 111,5 grammi<\/li>\n<li>Vastab RRS 1,5-tollisele Dovetail standardile<\/li>\n<li>Faasitud servad mugavuse ja ohutuse tagamiseks<\/li>\n<li>Mitmek\u00fclgsed paigaldusv\u00f5imalused erinevatele p\u00fcssikonfiguratsioonidele<\/li>\n<li>T\u00fc\u00fcp 3 k\u00f5vakatteanodeeritud 6061-T6 alumiiniumist konstruktsioon<\/li>\n<li>Valmistatud USA-s kvaliteetsetest materjalidest<\/li>\n<\/ul>\n<p>ARCALOCK Dovetail R\u00f6\u00f6bass\u00fcsteem on loodud liikumise v\u00e4ltimiseks surve all.<\/p>\n","protected":false},"excerpt":{"rendered":"<p>Lukustatav 12-tolline ARCA-siin t\u00e4psusvintp\u00fcssidele. Sakilised k\u00fcljed, M-LOK-\u00fchilduv.<\/p>\n","protected":false},"featured_media":232506,"template":"","meta":{"_acf_changed":false},"product_brand":[11034],"product_cat":[722,610],"product_tag":[],"class_list":{"0":"post-289316","1":"product","2":"type-product","3":"status-publish","4":"has-post-thumbnail","6":"product_brand-area-419","7":"product_cat-rails-et","8":"product_cat-rifle-et","10":"first","11":"instock","12":"taxable","13":"shipping-taxable","14":"purchasable","15":"product-type-variable","16":"wvs-archive-product-wrapper"},"acf":[],"_links":{"self":[{"href":"https:\/\/staging.nbg.eu\/et\/wp-json\/wp\/v2\/product\/289316","targetHints":{"allow":["GET"]}}],"collection":[{"href":"https:\/\/staging.nbg.eu\/et\/wp-json\/wp\/v2\/product"}],"about":[{"href":"https:\/\/staging.nbg.eu\/et\/wp-json\/wp\/v2\/types\/product"}],"wp:featuredmedia":[{"embeddable":true,"href":"https:\/\/staging.nbg.eu\/et\/wp-json\/wp\/v2\/media\/232506"}],"wp:attachment":[{"href":"https:\/\/staging.nbg.eu\/et\/wp-json\/wp\/v2\/media?parent=289316"}],"wp:term":[{"taxonomy":"product_brand","embeddable":true,"href":"https:\/\/staging.nbg.eu\/et\/wp-json\/wp\/v2\/product_brand?post=289316"},{"taxonomy":"product_cat","embeddable":true,"href":"https:\/\/staging.nbg.eu\/et\/wp-json\/wp\/v2\/product_cat?post=289316"},{"taxonomy":"product_tag","embeddable":true,"href":"https:\/\/staging.nbg.eu\/et\/wp-json\/wp\/v2\/product_tag?post=289316"}],"curies":[{"name":"wp","href":"https:\/\/api.w.org\/{rel}","templated":true}]}}