{"id":289079,"date":"2025-03-05T07:17:43","date_gmt":"2025-03-26T19:44:08","guid":{"rendered":"https:\/\/staging.nbg.eu\/prodcut\/magpul-ctr-carbine-stock-for-ar15-m4\/"},"modified":"2025-03-26T19:46:36","modified_gmt":"2025-03-26T19:46:36","slug":"magpul-ctr-karabiini-lamatus-ar15-m4-jaoks","status":"publish","type":"product","link":"https:\/\/staging.nbg.eu\/et\/toode\/magpul-ctr-karabiini-lamatus-ar15-m4-jaoks\/","title":{"rendered":"Magpul &#8211; CTR\u2122 Karabiini Lamatus AR15 \/ M4 jaoks"},"content":{"rendered":"<div class=\"product-description\">\n<h2>Magpul CTR\u2122 karbiin-laad AR15 \/ M4 jaoks<\/h2>\n<p>Magpul CTR (Compact\/Type Restricted) \u2013 Mil-Spec mudel AR15 \/ M16 karbiinile. See asenduslaad on m\u00f5eldud kergeks kasutamiseks ja sisaldab j\u00e4rgmisi omadusi:<\/p>\n<ul>\n<li>A-raami profiil takerdumise v\u00e4ltimiseks<\/li>\n<li>Kaitstud vabastuslukk juhusliku aktiveerimise v\u00e4ltimiseks<\/li>\n<li>T\u00e4iendav h\u00f5\u00f5rdumlukustuss\u00fcsteem relva stabiilsuse suurendamiseks<\/li>\n<li>Ambidekstrine QD rihmakinnituskoht, \u00fchildub nupuga rihmakinnitustega<\/li>\n<li>0,3-tolline kummist tagaplaat \u00f5lale kinnitumiseks<\/li>\n<\/ul>\n<p>\u00dchildub Mil-Spec suurusega vastuv\u00f5tutuubidega, see USA-s toodetud laad pakub t\u00f5mbe pikkuse reguleerimist 3,3 tolli ulatuses. Maksimaalse pikkusega 7,0 tolli ja kaaluga 8,9 untsi, pakub CTR laad funktsionaalsust ja mugavust teie karbiinile.<\/p>\n<p><strong>M\u00e4rkus:<\/strong> \u00dchildub ainult Mil-Spec vastuv\u00f5tutuubidega. Veenduge enne ostmist, et teie karbiinil on \u00f5ige tuub.<\/p>\n<\/div>\n","protected":false},"excerpt":{"rendered":"<p>Kompaktne AR15\/M4 p\u00fcssilaad. Voolujooneline, stabiilne, varustatud QD rihmakinnitusega.<\/p>\n","protected":false},"featured_media":237491,"template":"","meta":{"_acf_changed":false},"product_brand":[11548],"product_cat":[610,8963,611],"product_tag":[],"class_list":{"0":"post-289079","1":"product","2":"type-product","3":"status-publish","4":"has-post-thumbnail","6":"product_brand-magpul","7":"product_cat-rifle-et","8":"product_cat-rifle-stocks-et","9":"product_cat-rifle-parts-et","11":"first","12":"instock","13":"taxable","14":"shipping-taxable","15":"purchasable","16":"product-type-simple"},"acf":[],"_links":{"self":[{"href":"https:\/\/staging.nbg.eu\/et\/wp-json\/wp\/v2\/product\/289079","targetHints":{"allow":["GET"]}}],"collection":[{"href":"https:\/\/staging.nbg.eu\/et\/wp-json\/wp\/v2\/product"}],"about":[{"href":"https:\/\/staging.nbg.eu\/et\/wp-json\/wp\/v2\/types\/product"}],"wp:featuredmedia":[{"embeddable":true,"href":"https:\/\/staging.nbg.eu\/et\/wp-json\/wp\/v2\/media\/237491"}],"wp:attachment":[{"href":"https:\/\/staging.nbg.eu\/et\/wp-json\/wp\/v2\/media?parent=289079"}],"wp:term":[{"taxonomy":"product_brand","embeddable":true,"href":"https:\/\/staging.nbg.eu\/et\/wp-json\/wp\/v2\/product_brand?post=289079"},{"taxonomy":"product_cat","embeddable":true,"href":"https:\/\/staging.nbg.eu\/et\/wp-json\/wp\/v2\/product_cat?post=289079"},{"taxonomy":"product_tag","embeddable":true,"href":"https:\/\/staging.nbg.eu\/et\/wp-json\/wp\/v2\/product_tag?post=289079"}],"curies":[{"name":"wp","href":"https:\/\/api.w.org\/{rel}","templated":true}]}}