{"id":288684,"date":"2025-03-05T08:15:00","date_gmt":"2025-03-26T18:10:56","guid":{"rendered":"https:\/\/staging.nbg.eu\/prodcut\/magpul-prs-lite-precision-adjustable-stock\/"},"modified":"2025-03-26T18:13:28","modified_gmt":"2025-03-26T18:13:28","slug":"magpul-prs-lite-taeppisregulieeritav-lamatus","status":"publish","type":"product","link":"https:\/\/staging.nbg.eu\/et\/toode\/magpul-prs-lite-taeppisregulieeritav-lamatus\/","title":{"rendered":"Magpul &#8211; PRS Lite T\u00e4ppisregulieeritav Lamatus"},"content":{"rendered":"<div class=\"product-description\">\n<h2>Magpul PRS Lite reguleeritav p\u00fcssilaad<\/h2>\n<p>Magpul PRS Lite on reguleeritav ja kerge p\u00fcssilaad, kaaluga 530 grammi. Sobib Mil-Spec USGI karbiin\/SR25 kokkupandavate\/A5 pikendusega torude jaoks .223 ja .308 kaliibritega relvadele.<\/p>\n<h3>P\u00f5hiomadused:<\/h3>\n<ul>\n<li>Pol\u00fcmeerist ja metallist konstruktsioon<\/li>\n<li>Reguleeritav p\u00f5sek\u00f5rgus (0-20,3 mm, 2,5 mm sammudega)<\/li>\n<li>Reguleeritav t\u00f5mbepikkus (351,8-387,4 mm, 3,6 mm sammudega)<\/li>\n<li>Reguleeritava k\u00f5rguse ja kaldega mittelibisev kummist p\u00f5hiplaat<\/li>\n<li>Mitu rihma kinnitamise v\u00f5imalust<\/li>\n<\/ul>\n<p>PRS Lite on disainitud s\u00f5jalistele standarditele vastavalt. Laad sisaldab madala profiiliga kummist p\u00f5hiplaati ja erinevaid rihma kinnitamise v\u00f5imalusi.<\/p>\n<p><strong>Valmistatud USAs<\/strong><\/p>\n<\/div>\n","protected":false},"excerpt":{"rendered":"<p>Kerge, reguleeritav AR-t\u00fc\u00fcpi p\u00fcssikaba. T\u00e4pne p\u00f5seosa ja \u00f5latoepikkuse kontroll.<\/p>\n","protected":false},"featured_media":238451,"template":"","meta":{"_acf_changed":false},"product_brand":[11548],"product_cat":[610,8963,611],"product_tag":[],"class_list":{"0":"post-288684","1":"product","2":"type-product","3":"status-publish","4":"has-post-thumbnail","6":"product_brand-magpul","7":"product_cat-rifle-et","8":"product_cat-rifle-stocks-et","9":"product_cat-rifle-parts-et","11":"first","12":"instock","13":"taxable","14":"shipping-taxable","15":"purchasable","16":"product-type-variable","17":"wvs-archive-product-wrapper"},"acf":[],"_links":{"self":[{"href":"https:\/\/staging.nbg.eu\/et\/wp-json\/wp\/v2\/product\/288684","targetHints":{"allow":["GET"]}}],"collection":[{"href":"https:\/\/staging.nbg.eu\/et\/wp-json\/wp\/v2\/product"}],"about":[{"href":"https:\/\/staging.nbg.eu\/et\/wp-json\/wp\/v2\/types\/product"}],"wp:featuredmedia":[{"embeddable":true,"href":"https:\/\/staging.nbg.eu\/et\/wp-json\/wp\/v2\/media\/238451"}],"wp:attachment":[{"href":"https:\/\/staging.nbg.eu\/et\/wp-json\/wp\/v2\/media?parent=288684"}],"wp:term":[{"taxonomy":"product_brand","embeddable":true,"href":"https:\/\/staging.nbg.eu\/et\/wp-json\/wp\/v2\/product_brand?post=288684"},{"taxonomy":"product_cat","embeddable":true,"href":"https:\/\/staging.nbg.eu\/et\/wp-json\/wp\/v2\/product_cat?post=288684"},{"taxonomy":"product_tag","embeddable":true,"href":"https:\/\/staging.nbg.eu\/et\/wp-json\/wp\/v2\/product_tag?post=288684"}],"curies":[{"name":"wp","href":"https:\/\/api.w.org\/{rel}","templated":true}]}}