{"id":288545,"date":"2025-03-05T08:00:39","date_gmt":"2025-03-26T17:59:15","guid":{"rendered":"https:\/\/staging.nbg.eu\/prodcut\/magpul-prs-gen3-precision-adjustable-stock\/"},"modified":"2025-03-26T18:01:44","modified_gmt":"2025-03-26T18:01:44","slug":"magpul-prs-gen3-taeppisregulieeritav-lamatus","status":"publish","type":"product","link":"https:\/\/staging.nbg.eu\/et\/toode\/magpul-prs-gen3-taeppisregulieeritav-lamatus\/","title":{"rendered":"Magpul &#8211; PRS\u00ae GEN3 T\u00e4ppisregulieeritav Lamatus"},"content":{"rendered":"<div class=\"product-description\">\n<h2>Magpul &#8211; PRS\u00ae GEN3 reguleeritav p\u00fcssilaad<\/h2>\n<p>PRS GEN3 on t\u00e4psuslask-p\u00fcssilaad AR15\/M16 ja AR10\/SR25 platvormidele, v\u00f5imaldades t\u00f6\u00f6riistadeta reguleerida t\u00f5mbe pikkust ja p\u00f5sepala k\u00f5rgust. See on m\u00f5eldud poolautomaatsetele snaiper- v\u00f5i kahjurit\u00f5rjep\u00fcssidele, pakkudes stabiilset liidest ja peaaegu universaalset sobivust.<\/p>\n<ul>\n<li>Optimeeritud p\u00fcssipikkusega vastuv\u00f5tupikenduste jaoks<\/li>\n<li>\u00dchildub paljude Mil-Spec karbiin- ja A5-pikkusega torude<\/li>\n<li>Kalde\/k\u00f5rguse reguleeritav kummist p\u00fcssikaba<\/li>\n<li>P\u00f6\u00f6rlemist piiravad QD rihma kinnituskohad<\/li>\n<li>M-LOK\u00ae pesad tagumise monopodi kinnitamiseks<\/li>\n<li>Valmistatud USA-s<\/li>\n<\/ul>\n<p>PRS GEN3 on varustatud t\u00f6\u00f6deldud alumiiniumist reguleerimisknoppide, Melonite\u00ae viimistlusega terastelgedega ja mitmete rihma kinnitusvalikutega, tagades vastupidavuse ja mitmek\u00fclgsuse kasutamisel.<\/p>\n<\/div>\n","protected":false},"excerpt":{"rendered":"<p>T\u00e4pne AR-p\u00fcssikaba t\u00f6\u00f6riistadeta p\u00fcssikaba pikkuse ja p\u00f5setoetuse k\u00f5rguse reguleerimisega.<\/p>\n","protected":false},"featured_media":238356,"template":"","meta":{"_acf_changed":false},"product_brand":[11548],"product_cat":[610,8963,611],"product_tag":[],"class_list":{"0":"post-288545","1":"product","2":"type-product","3":"status-publish","4":"has-post-thumbnail","6":"product_brand-magpul","7":"product_cat-rifle-et","8":"product_cat-rifle-stocks-et","9":"product_cat-rifle-parts-et","11":"first","12":"instock","13":"taxable","14":"shipping-taxable","15":"purchasable","16":"product-type-variable","17":"wvs-archive-product-wrapper"},"acf":[],"_links":{"self":[{"href":"https:\/\/staging.nbg.eu\/et\/wp-json\/wp\/v2\/product\/288545","targetHints":{"allow":["GET"]}}],"collection":[{"href":"https:\/\/staging.nbg.eu\/et\/wp-json\/wp\/v2\/product"}],"about":[{"href":"https:\/\/staging.nbg.eu\/et\/wp-json\/wp\/v2\/types\/product"}],"wp:featuredmedia":[{"embeddable":true,"href":"https:\/\/staging.nbg.eu\/et\/wp-json\/wp\/v2\/media\/238356"}],"wp:attachment":[{"href":"https:\/\/staging.nbg.eu\/et\/wp-json\/wp\/v2\/media?parent=288545"}],"wp:term":[{"taxonomy":"product_brand","embeddable":true,"href":"https:\/\/staging.nbg.eu\/et\/wp-json\/wp\/v2\/product_brand?post=288545"},{"taxonomy":"product_cat","embeddable":true,"href":"https:\/\/staging.nbg.eu\/et\/wp-json\/wp\/v2\/product_cat?post=288545"},{"taxonomy":"product_tag","embeddable":true,"href":"https:\/\/staging.nbg.eu\/et\/wp-json\/wp\/v2\/product_tag?post=288545"}],"curies":[{"name":"wp","href":"https:\/\/api.w.org\/{rel}","templated":true}]}}