{"id":288406,"date":"2025-03-06T10:37:19","date_gmt":"2025-03-26T17:46:28","guid":{"rendered":"https:\/\/staging.nbg.eu\/prodcut\/ftcs-custom-ak-mod-9-handguard-m-lok-forward-curved\/"},"modified":"2025-03-26T17:49:06","modified_gmt":"2025-03-26T17:49:06","slug":"ftcs-kohandatud-ak-mod-9-kaeepide-m-lok-ette-kaarduv","status":"publish","type":"product","link":"https:\/\/staging.nbg.eu\/et\/toode\/ftcs-kohandatud-ak-mod-9-kaeepide-m-lok-ette-kaarduv\/","title":{"rendered":"FTCS &#8211; Kohandatud AK Mod 9 K\u00e4epide &#8211; M-LOK &#8211; Ette Kaarduv"},"content":{"rendered":"<h2>FTCS &#8211; Kohandatud AK Mod 9 k\u00e4epide &#8211; M-LOK &#8211; Ettepoole kaarduv<\/h2>\n<p>AK Mod 9 k\u00e4epide AKM-t\u00fc\u00fcpi karabiinidele. See ettepoole kaarduv puidust k\u00e4epide \u00fchendab klassikalise v\u00e4limuse ja kaasaegse funktsionaalsuse, sisaldades alumiiniumist M-LOK siine lisatarvikute kinnitamiseks.<\/p>\n<ul>\n<li>Ettepoole kaarduv haare<\/li>\n<li>Kerge puitkonstruktsioon<\/li>\n<li>M-LOK siinid lisatarvikute kinnitamiseks<\/li>\n<li>Sobib AKM\/AKMS\/AKMN mudelitele (v\u00f5ib vajada kohandamist)<\/li>\n<li>Grafiitmust H-146 Cerakote viimistlus<\/li>\n<li>M\u00f5\u00f5tmed: 160 x 120 x 35 mm<\/li>\n<li>Kaal: 180 g<\/li>\n<\/ul>\n<p>AK Mod 9 k\u00e4epide pakub paremat ergonoomiat ja kohandamisv\u00f5imalusi, s\u00e4ilitades relva klassikalise v\u00e4limuse.<\/p>\n","protected":false},"excerpt":{"rendered":"<p>Puidust AK k\u00e4epideme kaitse M-LOK r\u00f6\u00f6bastega, ettepoole kaarduva haardega.<\/p>\n","protected":false},"featured_media":241317,"template":"","meta":{"_acf_changed":false},"product_brand":[11309],"product_cat":[1354,610,685,611],"product_tag":[],"class_list":{"0":"post-288406","1":"product","2":"type-product","3":"status-publish","4":"has-post-thumbnail","6":"product_brand-ftcs","7":"product_cat-ak-tuning-et","8":"product_cat-rifle-et","9":"product_cat-rifle-grips-et","10":"product_cat-rifle-parts-et","12":"first","13":"instock","14":"taxable","15":"shipping-taxable","16":"purchasable","17":"product-type-simple"},"acf":[],"_links":{"self":[{"href":"https:\/\/staging.nbg.eu\/et\/wp-json\/wp\/v2\/product\/288406","targetHints":{"allow":["GET"]}}],"collection":[{"href":"https:\/\/staging.nbg.eu\/et\/wp-json\/wp\/v2\/product"}],"about":[{"href":"https:\/\/staging.nbg.eu\/et\/wp-json\/wp\/v2\/types\/product"}],"wp:featuredmedia":[{"embeddable":true,"href":"https:\/\/staging.nbg.eu\/et\/wp-json\/wp\/v2\/media\/241317"}],"wp:attachment":[{"href":"https:\/\/staging.nbg.eu\/et\/wp-json\/wp\/v2\/media?parent=288406"}],"wp:term":[{"taxonomy":"product_brand","embeddable":true,"href":"https:\/\/staging.nbg.eu\/et\/wp-json\/wp\/v2\/product_brand?post=288406"},{"taxonomy":"product_cat","embeddable":true,"href":"https:\/\/staging.nbg.eu\/et\/wp-json\/wp\/v2\/product_cat?post=288406"},{"taxonomy":"product_tag","embeddable":true,"href":"https:\/\/staging.nbg.eu\/et\/wp-json\/wp\/v2\/product_tag?post=288406"}],"curies":[{"name":"wp","href":"https:\/\/api.w.org\/{rel}","templated":true}]}}