{"id":288270,"date":"2025-03-06T10:32:44","date_gmt":"2025-03-06T10:32:44","guid":{"rendered":"https:\/\/staging.nbg.eu\/prodcut\/ftcs-custom-ak-mod-7-handguard-m-lok-short-forward-curved\/"},"modified":"2025-03-26T17:38:21","modified_gmt":"2025-03-26T17:38:21","slug":"ftcs-kohandatud-ak-mod-7-kaeepide-m-lok-luehike-ette-kaarduv","status":"publish","type":"product","link":"https:\/\/staging.nbg.eu\/et\/toode\/ftcs-kohandatud-ak-mod-7-kaeepide-m-lok-luehike-ette-kaarduv\/","title":{"rendered":"FTCS &#8211; Kohandatud AK Mod 7 K\u00e4epide &#8211; M-LOK &#8211; L\u00fchike Ette Kaarduv"},"content":{"rendered":"<div class=\"product-description\">\n<h2>FTCS &#8211; Kohandatud AK Mod 7 k\u00e4epide &#8211; M-LOK &#8211; L\u00fchike ettepoole kaarduv<\/h2>\n<p>AKM karabiin k\u00e4epide, l\u00fchikese ettepoole kaarduva disainiga. Kerge puidust k\u00e4epide.<\/p>\n<h2>P\u00f5hiomadused:<\/h2>\n<ul>\n<li>L\u00fchike ettepoole kaarduv esik\u00e4epide<\/li>\n<li>Kerge puidust konstruktsioon (180g)<\/li>\n<li>Integreeritud alumiiniumist M-LOK siinid lisavarustuse kinnitamiseks<\/li>\n<li>\u00dchildub AKM, AKMS ja AKMN karabiinidega (v\u00f5ib vajada kohandamist)<\/li>\n<li>Grafiitmust H-146 Cerakote viimistlus<\/li>\n<\/ul>\n<p>M-LOK-ga varustatud puidust k\u00e4epide. V\u00f5imaldab kinnitada lisavarustust nagu taskulambid ja laserid. M\u00e4rkus: Ei \u00fchildu freesitud AK karabiinidega ilma modifikatsioonita.<\/p>\n<p>M\u00f5\u00f5tmed: 160 x 120 x 35 mm<\/p>\n<\/div>\n","protected":false},"excerpt":{"rendered":"<p>FTCS AK Mod 7 k\u00e4epide: L\u00fchike, kaarjas puit M-LOK siinidega.<\/p>\n","protected":false},"featured_media":241201,"template":"","meta":{"_acf_changed":false},"product_brand":[11309],"product_cat":[1354,722,610,611],"product_tag":[],"class_list":{"0":"post-288270","1":"product","2":"type-product","3":"status-publish","4":"has-post-thumbnail","6":"product_brand-ftcs","7":"product_cat-ak-tuning-et","8":"product_cat-rails-et","9":"product_cat-rifle-et","10":"product_cat-rifle-parts-et","12":"first","13":"outofstock","14":"taxable","15":"shipping-taxable","16":"purchasable","17":"product-type-simple"},"acf":[],"_links":{"self":[{"href":"https:\/\/staging.nbg.eu\/et\/wp-json\/wp\/v2\/product\/288270","targetHints":{"allow":["GET"]}}],"collection":[{"href":"https:\/\/staging.nbg.eu\/et\/wp-json\/wp\/v2\/product"}],"about":[{"href":"https:\/\/staging.nbg.eu\/et\/wp-json\/wp\/v2\/types\/product"}],"wp:featuredmedia":[{"embeddable":true,"href":"https:\/\/staging.nbg.eu\/et\/wp-json\/wp\/v2\/media\/241201"}],"wp:attachment":[{"href":"https:\/\/staging.nbg.eu\/et\/wp-json\/wp\/v2\/media?parent=288270"}],"wp:term":[{"taxonomy":"product_brand","embeddable":true,"href":"https:\/\/staging.nbg.eu\/et\/wp-json\/wp\/v2\/product_brand?post=288270"},{"taxonomy":"product_cat","embeddable":true,"href":"https:\/\/staging.nbg.eu\/et\/wp-json\/wp\/v2\/product_cat?post=288270"},{"taxonomy":"product_tag","embeddable":true,"href":"https:\/\/staging.nbg.eu\/et\/wp-json\/wp\/v2\/product_tag?post=288270"}],"curies":[{"name":"wp","href":"https:\/\/api.w.org\/{rel}","templated":true}]}}