{"id":288157,"date":"2025-03-06T10:17:52","date_gmt":"2025-03-26T17:21:27","guid":{"rendered":"https:\/\/staging.nbg.eu\/prodcut\/ftcs-dong-handguard-m-lok-akm\/"},"modified":"2025-03-26T17:23:51","modified_gmt":"2025-03-26T17:23:51","slug":"ftcs-dong-kaeepide-m-lok-akm","status":"publish","type":"product","link":"https:\/\/staging.nbg.eu\/et\/toode\/ftcs-dong-kaeepide-m-lok-akm\/","title":{"rendered":"FTCS &#8211; &#8220;Dong&#8221; K\u00e4epide &#8211; M-LOK &#8211; AKM"},"content":{"rendered":"<div class=\"product-description\">\n<h2>FTCS &#8211; &#8220;Dong&#8221; K\u00e4epide &#8211; M-LOK &#8211; AKM<\/h2>\n<p>FTCS &#8220;Dong&#8221; k\u00e4epide AKM\/AKMS relvadele. See AIMS-stiilis k\u00e4epide sisaldab:<\/p>\n<ul>\n<li>Kerge puidust konstruktsioon<\/li>\n<li>Integreeritud eesmine haare<\/li>\n<li>M-LOK pesad lisavarustuse kinnitamiseks<\/li>\n<li>\u00dchilduvus kokkupandavate p\u00e4raga<\/li>\n<li>Grafiitmust Cerakote viimistlus<\/li>\n<\/ul>\n<p>Kaalub 141g ja m\u00f5\u00f5tmed on 160x120x35mm. K\u00fclgedel asuvad M-LOK r\u00f6\u00f6pad v\u00f5imaldavad kinnitada valgusteid, lasereid ja muud lisavarustust.<\/p>\n<p>FTCS &#8220;Dong&#8221; k\u00e4epide on saadaval AKM relvadele.<\/p>\n<\/div>\n","protected":false},"excerpt":{"rendered":"<p>Klassikaline AIMS-stiilis puidust AKM-k\u00e4epide M-LOK r\u00f6\u00f6bastega.<\/p>\n","protected":false},"featured_media":240991,"template":"","meta":{"_acf_changed":false},"product_brand":[11309],"product_cat":[1354,685,611],"product_tag":[],"class_list":{"0":"post-288157","1":"product","2":"type-product","3":"status-publish","4":"has-post-thumbnail","6":"product_brand-ftcs","7":"product_cat-ak-tuning-et","8":"product_cat-rifle-grips-et","9":"product_cat-rifle-parts-et","11":"first","12":"instock","13":"taxable","14":"shipping-taxable","15":"purchasable","16":"product-type-simple"},"acf":[],"_links":{"self":[{"href":"https:\/\/staging.nbg.eu\/et\/wp-json\/wp\/v2\/product\/288157","targetHints":{"allow":["GET"]}}],"collection":[{"href":"https:\/\/staging.nbg.eu\/et\/wp-json\/wp\/v2\/product"}],"about":[{"href":"https:\/\/staging.nbg.eu\/et\/wp-json\/wp\/v2\/types\/product"}],"wp:featuredmedia":[{"embeddable":true,"href":"https:\/\/staging.nbg.eu\/et\/wp-json\/wp\/v2\/media\/240991"}],"wp:attachment":[{"href":"https:\/\/staging.nbg.eu\/et\/wp-json\/wp\/v2\/media?parent=288157"}],"wp:term":[{"taxonomy":"product_brand","embeddable":true,"href":"https:\/\/staging.nbg.eu\/et\/wp-json\/wp\/v2\/product_brand?post=288157"},{"taxonomy":"product_cat","embeddable":true,"href":"https:\/\/staging.nbg.eu\/et\/wp-json\/wp\/v2\/product_cat?post=288157"},{"taxonomy":"product_tag","embeddable":true,"href":"https:\/\/staging.nbg.eu\/et\/wp-json\/wp\/v2\/product_tag?post=288157"}],"curies":[{"name":"wp","href":"https:\/\/api.w.org\/{rel}","templated":true}]}}