{"id":287672,"date":"2025-03-05T11:14:35","date_gmt":"2025-03-05T11:14:35","guid":{"rendered":"https:\/\/staging.nbg.eu\/prodcut\/clawgear-ak47-long-slick-handguard-m-lok\/"},"modified":"2025-03-26T12:37:41","modified_gmt":"2025-03-26T12:37:41","slug":"clawgear-ak47-pikk-sile-kaeepide-m-lok","status":"publish","type":"product","link":"https:\/\/staging.nbg.eu\/et\/toode\/clawgear-ak47-pikk-sile-kaeepide-m-lok\/","title":{"rendered":"Clawgear AK47 Pikk Sile K\u00e4epide M-LOK"},"content":{"rendered":"<div class=\"product-description\">\n<h2>Clawgear AK47 pikk k\u00e4epide M-LOK<\/h2>\n<p>AK47 k\u00e4epide. Omadused:<\/p>\n<ul>\n<li>Matt must pealispind peegelduste v\u00e4hendamiseks<\/li>\n<li>QD rihma kinnituspunkt tagaosas<\/li>\n<li>M-LOK kinnituss\u00fcsteem lisavarustusele<\/li>\n<li>Sobib pressitud ja freesitud raamidele<\/li>\n<li>6061 alumiiniumist konstruktsioon III t\u00fc\u00fcpi anodeeritud pinnakattega<\/li>\n<\/ul>\n<p>M\u00f5\u00f5tmed: 37,2 cm (P) x 4,8 cm (L) x 4,8 cm (K)<\/p>\n<p>Kaal: 0,25 kg<\/p>\n<p>K\u00e4epide AK47 jaoks, m\u00f5eldud funktsionaalsuse ja kohandamise v\u00f5imaluste parandamiseks.<\/p>\n<\/div>\n","protected":false},"excerpt":{"rendered":"<p>Elegantne M-LOK AK47 k\u00e4ekaitse: kerge, mitmek\u00fclgne, QD rihma kinnituseks valmis.<\/p>\n","protected":false},"featured_media":239365,"template":"","meta":{"_acf_changed":false},"product_brand":[11221],"product_cat":[1354,722,610,611],"product_tag":[],"class_list":{"0":"post-287672","1":"product","2":"type-product","3":"status-publish","4":"has-post-thumbnail","6":"product_brand-clawgear","7":"product_cat-ak-tuning-et","8":"product_cat-rails-et","9":"product_cat-rifle-et","10":"product_cat-rifle-parts-et","12":"first","13":"instock","14":"taxable","15":"shipping-taxable","16":"purchasable","17":"product-type-simple"},"acf":[],"_links":{"self":[{"href":"https:\/\/staging.nbg.eu\/et\/wp-json\/wp\/v2\/product\/287672","targetHints":{"allow":["GET"]}}],"collection":[{"href":"https:\/\/staging.nbg.eu\/et\/wp-json\/wp\/v2\/product"}],"about":[{"href":"https:\/\/staging.nbg.eu\/et\/wp-json\/wp\/v2\/types\/product"}],"wp:featuredmedia":[{"embeddable":true,"href":"https:\/\/staging.nbg.eu\/et\/wp-json\/wp\/v2\/media\/239365"}],"wp:attachment":[{"href":"https:\/\/staging.nbg.eu\/et\/wp-json\/wp\/v2\/media?parent=287672"}],"wp:term":[{"taxonomy":"product_brand","embeddable":true,"href":"https:\/\/staging.nbg.eu\/et\/wp-json\/wp\/v2\/product_brand?post=287672"},{"taxonomy":"product_cat","embeddable":true,"href":"https:\/\/staging.nbg.eu\/et\/wp-json\/wp\/v2\/product_cat?post=287672"},{"taxonomy":"product_tag","embeddable":true,"href":"https:\/\/staging.nbg.eu\/et\/wp-json\/wp\/v2\/product_tag?post=287672"}],"curies":[{"name":"wp","href":"https:\/\/api.w.org\/{rel}","templated":true}]}}