{"id":285363,"date":"2025-03-04T19:02:48","date_gmt":"2025-03-25T14:27:15","guid":{"rendered":"https:\/\/staging.nbg.eu\/product\/magpul-ctr-moe-cheek-riser-0-75\/"},"modified":"2025-03-25T14:29:42","modified_gmt":"2025-03-25T14:29:42","slug":"magpul-ctr-moe-posepadi-tostuk-075","status":"publish","type":"product","link":"https:\/\/staging.nbg.eu\/et\/toode\/magpul-ctr-moe-posepadi-tostuk-075\/","title":{"rendered":"Magpul &#8211; CTR \/ MOE p\u00f5sepadi t\u00f5stuk &#8211; 0.75&#8243;"},"content":{"rendered":"<div class=\"product-description\">\n<h2>Magpul &#8211; CTR \/ MOE p\u00f5sek\u00f5rgendus &#8211; 0.75&#8243;<\/h2>\n<p>Magpul CTR \/ MOE p\u00f5sek\u00f5rgendus. See kl\u00f5psatav tarvik on m\u00f5eldud p\u00f5setoetuse t\u00f5stmiseks 3\/4 tolli v\u00f5rra, parandades mugavust ja sihiku joondust erinevate tulirelvade puhul.<\/p>\n<ul>\n<li>\u00dchildub CTR, MOE\u00ae, DT ja PR karabiini p\u00fcssip\u00e4radega<\/li>\n<li>Sobib mitte-AR15\/M4 seadistustele, nagu M14 karabiini p\u00fcssip\u00e4ra \u00fcmberehitused<\/li>\n<li>Lihtne kl\u00f5psuga paigaldus<\/li>\n<li>Valmistatud USA-s<\/li>\n<li>NSN: MAG327-BLK 1005-01-591-6041<\/li>\n<\/ul>\n<p><strong>M\u00e4rkus:<\/strong> V\u00f5ib segada laadimisk\u00e4epideme funktsiooni AR15\/M4 platvormidel, kui p\u00fcssip\u00e4ra pole t\u00e4ielikult pikendatud.<\/p>\n<\/div>\n","protected":false},"excerpt":{"rendered":"<p>&#8220;Kl\u00f5psatav 0,75-tolline p\u00f5setugi suurendatud mugavuse ja t\u00e4psuse jaoks.&#8221;<\/p>\n","protected":false},"featured_media":237147,"template":"","meta":{"_acf_changed":false},"product_brand":[11548],"product_cat":[610,8963,611],"product_tag":[],"class_list":{"0":"post-285363","1":"product","2":"type-product","3":"status-publish","4":"has-post-thumbnail","6":"product_brand-magpul","7":"product_cat-rifle-et","8":"product_cat-rifle-stocks-et","9":"product_cat-rifle-parts-et","11":"first","12":"instock","13":"taxable","14":"shipping-taxable","15":"purchasable","16":"product-type-variable","17":"wvs-archive-product-wrapper"},"acf":[],"_links":{"self":[{"href":"https:\/\/staging.nbg.eu\/et\/wp-json\/wp\/v2\/product\/285363","targetHints":{"allow":["GET"]}}],"collection":[{"href":"https:\/\/staging.nbg.eu\/et\/wp-json\/wp\/v2\/product"}],"about":[{"href":"https:\/\/staging.nbg.eu\/et\/wp-json\/wp\/v2\/types\/product"}],"wp:featuredmedia":[{"embeddable":true,"href":"https:\/\/staging.nbg.eu\/et\/wp-json\/wp\/v2\/media\/237147"}],"wp:attachment":[{"href":"https:\/\/staging.nbg.eu\/et\/wp-json\/wp\/v2\/media?parent=285363"}],"wp:term":[{"taxonomy":"product_brand","embeddable":true,"href":"https:\/\/staging.nbg.eu\/et\/wp-json\/wp\/v2\/product_brand?post=285363"},{"taxonomy":"product_cat","embeddable":true,"href":"https:\/\/staging.nbg.eu\/et\/wp-json\/wp\/v2\/product_cat?post=285363"},{"taxonomy":"product_tag","embeddable":true,"href":"https:\/\/staging.nbg.eu\/et\/wp-json\/wp\/v2\/product_tag?post=285363"}],"curies":[{"name":"wp","href":"https:\/\/api.w.org\/{rel}","templated":true}]}}