{"id":285306,"date":"2025-03-04T19:02:27","date_gmt":"2025-03-25T14:26:47","guid":{"rendered":"https:\/\/staging.nbg.eu\/product\/magpul-ctr-moe-cheek-riser-0-5\/"},"modified":"2025-03-25T14:29:13","modified_gmt":"2025-03-25T14:29:13","slug":"magpul-ctr-moe-posepadi-tostuk-05","status":"publish","type":"product","link":"https:\/\/staging.nbg.eu\/et\/toode\/magpul-ctr-moe-posepadi-tostuk-05\/","title":{"rendered":"Magpul &#8211; CTR \/ MOE p\u00f5sepadi t\u00f5stuk &#8211; 0.5&#8243;"},"content":{"rendered":"<div class=\"product-description\">\n<h2>Magpul &#8211; CTR \/ MOE P\u00f5sek\u00f5rgendus &#8211; 0,5&#8243;<\/h2>\n<p>Magpul CTR \/ MOE p\u00f5sek\u00f5rgendus on kl\u00f5psatav lisaseade, mis on m\u00f5eldud CTR, MOE\u00ae, DT ja PR karabiini p\u00e4rade jaoks.<\/p>\n<ul>\n<li>T\u00f5stab p\u00f5setuge 1\/2 tolli v\u00f5rra<\/li>\n<li>Sobib mitte-AR15\/M4 rakendustele<\/li>\n<li>Sobib M14 karabiini p\u00e4ra muutmiseks<\/li>\n<li>Valmistatud USA-s<\/li>\n<li>NSN: MAG326-BLK 1005-01-591-6035<\/li>\n<\/ul>\n<p><strong>M\u00e4rkus:<\/strong> V\u00f5ib segada laadimisk\u00e4epideme funktsiooni AR15\/M4 platvormidel, kui p\u00e4ra pole t\u00e4ielikult pikendatud.<\/p>\n<p>See p\u00f5sek\u00f5rgendus on m\u00f5eldud relva ergonoomika parandamiseks ja \u00fchtlasema sihtimispildi saavutamiseks.<\/p>\n<\/div>\n","protected":false},"excerpt":{"rendered":"<p>Kinnitatav p\u00f5sek\u00f5rgendus mitte-AR15\/M4 p\u00fcssip\u00e4radele. T\u00f5stab p\u00f5sepuhkeasendit 0,5 tolli.<\/p>\n","protected":false},"featured_media":237031,"template":"","meta":{"_acf_changed":false},"product_brand":[11548],"product_cat":[610,8963,611],"product_tag":[],"class_list":{"0":"post-285306","1":"product","2":"type-product","3":"status-publish","4":"has-post-thumbnail","6":"product_brand-magpul","7":"product_cat-rifle-et","8":"product_cat-rifle-stocks-et","9":"product_cat-rifle-parts-et","11":"first","12":"instock","13":"taxable","14":"shipping-taxable","15":"purchasable","16":"product-type-variable","17":"wvs-archive-product-wrapper"},"acf":[],"_links":{"self":[{"href":"https:\/\/staging.nbg.eu\/et\/wp-json\/wp\/v2\/product\/285306","targetHints":{"allow":["GET"]}}],"collection":[{"href":"https:\/\/staging.nbg.eu\/et\/wp-json\/wp\/v2\/product"}],"about":[{"href":"https:\/\/staging.nbg.eu\/et\/wp-json\/wp\/v2\/types\/product"}],"wp:featuredmedia":[{"embeddable":true,"href":"https:\/\/staging.nbg.eu\/et\/wp-json\/wp\/v2\/media\/237031"}],"wp:attachment":[{"href":"https:\/\/staging.nbg.eu\/et\/wp-json\/wp\/v2\/media?parent=285306"}],"wp:term":[{"taxonomy":"product_brand","embeddable":true,"href":"https:\/\/staging.nbg.eu\/et\/wp-json\/wp\/v2\/product_brand?post=285306"},{"taxonomy":"product_cat","embeddable":true,"href":"https:\/\/staging.nbg.eu\/et\/wp-json\/wp\/v2\/product_cat?post=285306"},{"taxonomy":"product_tag","embeddable":true,"href":"https:\/\/staging.nbg.eu\/et\/wp-json\/wp\/v2\/product_tag?post=285306"}],"curies":[{"name":"wp","href":"https:\/\/api.w.org\/{rel}","templated":true}]}}