{"id":285210,"date":"2025-03-04T18:44:51","date_gmt":"2025-03-25T14:25:07","guid":{"rendered":"https:\/\/staging.nbg.eu\/product\/magpul-ctr-moe-cheek-riser-0-25\/"},"modified":"2025-03-25T14:27:33","modified_gmt":"2025-03-25T14:27:33","slug":"magpul-ctr-moe-posepadi-tostuk-025","status":"publish","type":"product","link":"https:\/\/staging.nbg.eu\/et\/toode\/magpul-ctr-moe-posepadi-tostuk-025\/","title":{"rendered":"Magpul &#8211; CTR \/ MOE p\u00f5sepadi t\u00f5stuk &#8211; 0.25&#8221;"},"content":{"rendered":"<div class=\"product-description\">\n<h2>Magpul &#8211; CTR \/ MOE p\u00f5sep\u00f5hi &#8211; 0.25&#8243;<\/h2>\n<p>Magpul CTR \/ MOE p\u00f5sep\u00f5hi on kl\u00f5psatav lisatarvik, mis t\u00f5stab p\u00f5se asendit 1\/4 tolli v\u00f5rra, pakkudes paremat mugavust ja t\u00e4psust mitte-AR15\/M4 rakendustes.<\/p>\n<ul>\n<li>\u00dchildub CTR, MOE\u00ae, DT ja PR Carbine p\u00fcssip\u00e4radega<\/li>\n<li>Sobib M14 karbiin-p\u00fcssip\u00e4ra kohandustele<\/li>\n<li>Valmistatud USA-s<\/li>\n<li>NSN: MAG325-BLK 1005-01-591-6018<\/li>\n<\/ul>\n<p><strong>M\u00e4rkus:<\/strong> See p\u00f5sep\u00f5hi v\u00f5ib segada laadimisk\u00e4epideme funktsiooni AR15\/M4 platvormidel, kui p\u00fcssip\u00e4ra pole t\u00e4ielikult pikendatud.<\/p>\n<p>See Magpul p\u00f5sep\u00f5hi on saadaval.<\/p>\n<\/div>\n","protected":false},"excerpt":{"rendered":"<p>P\u00f5setugi mitte-AR15\/M4 p\u00fcssip\u00e4radele. T\u00f5stab p\u00f5sepunkti 0,25 tolli v\u00f5rra. Valmistatud USAs.<\/p>\n","protected":false},"featured_media":236933,"template":"","meta":{"_acf_changed":false},"product_brand":[11548],"product_cat":[610,8963,611],"product_tag":[],"class_list":{"0":"post-285210","1":"product","2":"type-product","3":"status-publish","4":"has-post-thumbnail","6":"product_brand-magpul","7":"product_cat-rifle-et","8":"product_cat-rifle-stocks-et","9":"product_cat-rifle-parts-et","11":"first","12":"instock","13":"taxable","14":"shipping-taxable","15":"purchasable","16":"product-type-variable","17":"wvs-archive-product-wrapper"},"acf":[],"_links":{"self":[{"href":"https:\/\/staging.nbg.eu\/et\/wp-json\/wp\/v2\/product\/285210","targetHints":{"allow":["GET"]}}],"collection":[{"href":"https:\/\/staging.nbg.eu\/et\/wp-json\/wp\/v2\/product"}],"about":[{"href":"https:\/\/staging.nbg.eu\/et\/wp-json\/wp\/v2\/types\/product"}],"wp:featuredmedia":[{"embeddable":true,"href":"https:\/\/staging.nbg.eu\/et\/wp-json\/wp\/v2\/media\/236933"}],"wp:attachment":[{"href":"https:\/\/staging.nbg.eu\/et\/wp-json\/wp\/v2\/media?parent=285210"}],"wp:term":[{"taxonomy":"product_brand","embeddable":true,"href":"https:\/\/staging.nbg.eu\/et\/wp-json\/wp\/v2\/product_brand?post=285210"},{"taxonomy":"product_cat","embeddable":true,"href":"https:\/\/staging.nbg.eu\/et\/wp-json\/wp\/v2\/product_cat?post=285210"},{"taxonomy":"product_tag","embeddable":true,"href":"https:\/\/staging.nbg.eu\/et\/wp-json\/wp\/v2\/product_tag?post=285210"}],"curies":[{"name":"wp","href":"https:\/\/api.w.org\/{rel}","templated":true}]}}