{"id":285014,"date":"2025-03-02T07:13:28","date_gmt":"2025-03-25T14:09:29","guid":{"rendered":"https:\/\/staging.nbg.eu\/product\/the-railchanger-from-area-419-armageddon-gear-and-reasor-precision\/"},"modified":"2025-03-25T14:11:54","modified_gmt":"2025-03-25T14:11:54","slug":"the-railchanger-area-419-armageddon-gear-ja-reasor-precision","status":"publish","type":"product","link":"https:\/\/staging.nbg.eu\/et\/toode\/the-railchanger-area-419-armageddon-gear-ja-reasor-precision\/","title":{"rendered":"The RailChanger \u2013 Area 419, Armageddon Gear ja Reasor Precision"},"content":{"rendered":"<div class=\"product-description\">\n<h2>RailChanger: GripChanger versioon<\/h2>\n<p>RailChanger seeria uus toode: GripChanger. See kompaktne kott sobib kiireks positsioneerimiseks ja kasutamiseks v\u00e4ikestes avades.<\/p>\n<h2>Omadused:<\/h2>\n<ul>\n<li>V\u00e4ike, haardega ja tihedalt t\u00e4idetud<\/li>\n<li>Kaal umbes 0,45 kg<\/li>\n<li>Haakub igale pinnale<\/li>\n<li>Tagab stabiilse aluse kiireks seadistamiseks<\/li>\n<\/ul>\n<h2>Komplekti kuulub:<\/h2>\n<ul>\n<li>1 Area 419 GripChanger kott<\/li>\n<li>1 ARCALOCK klamber<\/li>\n<li>1 Area 419 Rail Changer k\u00e4epide<\/li>\n<\/ul>\n<h2>Tehnilised andmed:<\/h2>\n<ul>\n<li>Kaal: 0,45 kg<\/li>\n<li>M\u00f5\u00f5tmed: 25,4 \u00d7 7,6 \u00d7 5,1 cm<\/li>\n<li>Tootja: Armageddon Gear<\/li>\n<\/ul>\n<p>GripChanger on Area 419, Armageddon Gear ja Reasor Precision koost\u00f6\u00f6 tulemus.<\/p>\n<\/div>\n","protected":false},"excerpt":{"rendered":"<p>Mitmek\u00fclgne, haardega kott kiireks ja stabiilseks laskeasendiks.<\/p>\n","protected":false},"featured_media":233697,"template":"","meta":{"_acf_changed":false},"product_brand":[11034],"product_cat":[610],"product_tag":[],"class_list":{"0":"post-285014","1":"product","2":"type-product","3":"status-publish","4":"has-post-thumbnail","6":"product_brand-area-419","7":"product_cat-rifle-et","9":"first","10":"instock","11":"taxable","12":"shipping-taxable","13":"purchasable","14":"product-type-variable","15":"wvs-archive-product-wrapper"},"acf":[],"_links":{"self":[{"href":"https:\/\/staging.nbg.eu\/et\/wp-json\/wp\/v2\/product\/285014","targetHints":{"allow":["GET"]}}],"collection":[{"href":"https:\/\/staging.nbg.eu\/et\/wp-json\/wp\/v2\/product"}],"about":[{"href":"https:\/\/staging.nbg.eu\/et\/wp-json\/wp\/v2\/types\/product"}],"wp:featuredmedia":[{"embeddable":true,"href":"https:\/\/staging.nbg.eu\/et\/wp-json\/wp\/v2\/media\/233697"}],"wp:attachment":[{"href":"https:\/\/staging.nbg.eu\/et\/wp-json\/wp\/v2\/media?parent=285014"}],"wp:term":[{"taxonomy":"product_brand","embeddable":true,"href":"https:\/\/staging.nbg.eu\/et\/wp-json\/wp\/v2\/product_brand?post=285014"},{"taxonomy":"product_cat","embeddable":true,"href":"https:\/\/staging.nbg.eu\/et\/wp-json\/wp\/v2\/product_cat?post=285014"},{"taxonomy":"product_tag","embeddable":true,"href":"https:\/\/staging.nbg.eu\/et\/wp-json\/wp\/v2\/product_tag?post=285014"}],"curies":[{"name":"wp","href":"https:\/\/api.w.org\/{rel}","templated":true}]}}