{"id":284047,"date":"2025-03-05T07:25:38","date_gmt":"2025-03-25T10:17:32","guid":{"rendered":"https:\/\/staging.nbg.eu\/product\/magpul-daka-window-pouch-large\/"},"modified":"2025-03-25T10:19:53","modified_gmt":"2025-03-25T10:19:53","slug":"magpul-daka-laebipaistva-aknaga-tasku-suur","status":"publish","type":"product","link":"https:\/\/staging.nbg.eu\/et\/toode\/magpul-daka-laebipaistva-aknaga-tasku-suur\/","title":{"rendered":"Magpul &#8211; DAKA\u00ae l\u00e4bipaistva aknaga tasku, suur"},"content":{"rendered":"<div class=\"product-description\">\n<h2>Magpul &#8211; DAKA\u00ae aknaga kott, suur<\/h2>\n<p>Magpul DAKA\u00ae aknaga kott. See suur, vastupidav kott on m\u00f5eldud asjade organiseerimiseks karmides keskkondades.<\/p>\n<ul>\n<li>Pol\u00fcmeeriga tugevdatud tekstiil RF-keevitatud \u00f5mblustega<\/li>\n<li>YKK\u00ae veekindel lukk<\/li>\n<li>L\u00e4bipaistev aken sisu identifitseerimiseks<\/li>\n<li>Libisemisvastane tekstuur ja tugevdatud kangas<\/li>\n<li>Karabiinkinnituspunktid<\/li>\n<li>550 paracord lukut\u00f5mbaja termokahaneva toruga<\/li>\n<li>V\u00e4rvimarkeriga t\u00e4histatav punkt-maatriks<\/li>\n<\/ul>\n<p>M\u00f5\u00f5tmed: 22,9 cm x 33 cm, lukupikkus 25,4 cm. Sobib t\u00f6\u00f6riistade, laskemoona v\u00f5i elektroonika tarvikute hoidmiseks v\u00e4litingimustes.<\/p>\n<\/div>\n","protected":false},"excerpt":{"rendered":"<p>Vastupidav, veekindel kott aknaga lihtsamaks organiseerimiseks.<\/p>\n","protected":false},"featured_media":237657,"template":"","meta":{"_acf_changed":false},"product_brand":[11548],"product_cat":[542,543],"product_tag":[],"class_list":{"0":"post-284047","1":"product","2":"type-product","3":"status-publish","4":"has-post-thumbnail","6":"product_brand-magpul","7":"product_cat-gear-et","8":"product_cat-pouches-et","10":"first","11":"instock","12":"taxable","13":"shipping-taxable","14":"purchasable","15":"product-type-simple"},"acf":[],"_links":{"self":[{"href":"https:\/\/staging.nbg.eu\/et\/wp-json\/wp\/v2\/product\/284047","targetHints":{"allow":["GET"]}}],"collection":[{"href":"https:\/\/staging.nbg.eu\/et\/wp-json\/wp\/v2\/product"}],"about":[{"href":"https:\/\/staging.nbg.eu\/et\/wp-json\/wp\/v2\/types\/product"}],"wp:featuredmedia":[{"embeddable":true,"href":"https:\/\/staging.nbg.eu\/et\/wp-json\/wp\/v2\/media\/237657"}],"wp:attachment":[{"href":"https:\/\/staging.nbg.eu\/et\/wp-json\/wp\/v2\/media?parent=284047"}],"wp:term":[{"taxonomy":"product_brand","embeddable":true,"href":"https:\/\/staging.nbg.eu\/et\/wp-json\/wp\/v2\/product_brand?post=284047"},{"taxonomy":"product_cat","embeddable":true,"href":"https:\/\/staging.nbg.eu\/et\/wp-json\/wp\/v2\/product_cat?post=284047"},{"taxonomy":"product_tag","embeddable":true,"href":"https:\/\/staging.nbg.eu\/et\/wp-json\/wp\/v2\/product_tag?post=284047"}],"curies":[{"name":"wp","href":"https:\/\/api.w.org\/{rel}","templated":true}]}}