{"id":283932,"date":"2025-03-05T07:31:40","date_gmt":"2025-03-05T07:31:40","guid":{"rendered":"https:\/\/staging.nbg.eu\/product\/magpul-daka-window-pouch-medium\/"},"modified":"2025-03-25T09:54:36","modified_gmt":"2025-03-25T09:54:36","slug":"magpul-daka-laebipaistva-aknaga-tasku-keskmine","status":"publish","type":"product","link":"https:\/\/staging.nbg.eu\/et\/toode\/magpul-daka-laebipaistva-aknaga-tasku-keskmine\/","title":{"rendered":"Magpul &#8211; DAKA\u00ae l\u00e4bipaistva aknaga tasku, keskmine"},"content":{"rendered":"<h2>Magpul &#8211; DAKA\u00ae aknaga kott, keskmine<\/h2>\n<p>Magpul DAKA\u00ae veekindel aknaga kott. See keskmise suurusega kott sisaldab:<\/p>\n<ul>\n<li>IPX7 hinnatud k\u00fclgt\u00f5mblukud t\u00e4ielikuks veekindluseks<\/li>\n<li>Vastupidavad 550 paracord t\u00f5mblukuribad termokahaneva toruga<\/li>\n<li>L\u00e4bipaistev aknapaneel sisu lihtsaks tuvastamiseks<\/li>\n<li>Kaks suurt karabiiniaasa mitmek\u00fclgseks kinnitamiseks<\/li>\n<li>Tugev RF-keevitatud konstruktsioon l\u00e4bip\u00e4\u00e4smatute tihenditega<\/li>\n<li>Unikaalne pol\u00fcmeeriga rikastatud materjal lisaks kaitseks<\/li>\n<\/ul>\n<p>M\u00f5\u00f5tmed: 17,8 cm x 30,5 cm (v\u00e4line), 17,1 cm x 29,8 cm (sisemine)<\/p>\n<p>DAKA\u00ae veekindel aknaga kott on m\u00f5eldud kasutamiseks, kui on v\u00f5imalus vette sattuda. See on m\u00f5eldud asjade ohutult hoidmiseks erinevates keskkondades.<\/p>\n","protected":false},"excerpt":{"rendered":"<p>Veekindel kott aknaga lihtsamaks identifitseerimiseks. Vastupidav, vee alla viidav.<\/p>\n","protected":false},"featured_media":237797,"template":"","meta":{"_acf_changed":false},"product_brand":[11548],"product_cat":[542,543],"product_tag":[],"class_list":{"0":"post-283932","1":"product","2":"type-product","3":"status-publish","4":"has-post-thumbnail","6":"product_brand-magpul","7":"product_cat-gear-et","8":"product_cat-pouches-et","10":"first","11":"instock","12":"taxable","13":"shipping-taxable","14":"purchasable","15":"product-type-simple"},"acf":[],"_links":{"self":[{"href":"https:\/\/staging.nbg.eu\/et\/wp-json\/wp\/v2\/product\/283932","targetHints":{"allow":["GET"]}}],"collection":[{"href":"https:\/\/staging.nbg.eu\/et\/wp-json\/wp\/v2\/product"}],"about":[{"href":"https:\/\/staging.nbg.eu\/et\/wp-json\/wp\/v2\/types\/product"}],"wp:featuredmedia":[{"embeddable":true,"href":"https:\/\/staging.nbg.eu\/et\/wp-json\/wp\/v2\/media\/237797"}],"wp:attachment":[{"href":"https:\/\/staging.nbg.eu\/et\/wp-json\/wp\/v2\/media?parent=283932"}],"wp:term":[{"taxonomy":"product_brand","embeddable":true,"href":"https:\/\/staging.nbg.eu\/et\/wp-json\/wp\/v2\/product_brand?post=283932"},{"taxonomy":"product_cat","embeddable":true,"href":"https:\/\/staging.nbg.eu\/et\/wp-json\/wp\/v2\/product_cat?post=283932"},{"taxonomy":"product_tag","embeddable":true,"href":"https:\/\/staging.nbg.eu\/et\/wp-json\/wp\/v2\/product_tag?post=283932"}],"curies":[{"name":"wp","href":"https:\/\/api.w.org\/{rel}","templated":true}]}}