{"id":283814,"date":"2025-03-06T09:57:41","date_gmt":"2025-03-25T09:34:47","guid":{"rendered":"https:\/\/staging.nbg.eu\/product\/clawgear-ar15-gasblock-0-750\/"},"modified":"2025-03-25T09:37:10","modified_gmt":"2025-03-25T09:37:10","slug":"clawgear-ar15-gaasiblokk-0750","status":"publish","type":"product","link":"https:\/\/staging.nbg.eu\/et\/toode\/clawgear-ar15-gaasiblokk-0750\/","title":{"rendered":"Clawgear AR15 gaasiblokk 0.750"},"content":{"rendered":"<h2>Clawgear AR15 Gaasiplokk 0.750<\/h2>\n<p>Clawgear AR15 Gaasiplokk 0.750 on madala profiiliga disainiga ja harjatud pinnaga. Sobib enamiku vabalt ujuvate k\u00e4epidemete alla.<\/p>\n<h2>P\u00f5hiomadused:<\/h2>\n<ul>\n<li>\u00dcheosaline terasest konstruktsioon<\/li>\n<li>T\u00e4pselt t\u00f6\u00f6deldud gaasi lekke v\u00e4hendamiseks<\/li>\n<li>M\u00f5eldud 0.750&#8243; v\u00e4lisl\u00e4bim\u00f5\u00f5duga rauaosale gaasipordil<\/li>\n<li>Talub kuumi gaase ka rasketes tingimustes<\/li>\n<\/ul>\n<h2>Tehnilised andmed:<\/h2>\n<ul>\n<li>M\u00f5\u00f5tmed: 2.8 x 2.8 x 2.4 cm<\/li>\n<li>Kaal: 0.05 kg<\/li>\n<\/ul>\n<p>Clawgear AR15 Gaasiplokk 0.750 AR15 relva jaoks.<\/p>\n","protected":false},"excerpt":{"rendered":"<p>Madala profiiliga AR15 gaasiblokk, sobib 0,750-tollistele raudadele. Vastupidav terasest konstruktsioon.<\/p>\n","protected":false},"featured_media":240384,"template":"","meta":{"_acf_changed":false},"product_brand":[11221],"product_cat":[609,610,611],"product_tag":[],"class_list":{"0":"post-283814","1":"product","2":"type-product","3":"status-publish","4":"has-post-thumbnail","6":"product_brand-clawgear","7":"product_cat-gas-blocks-et","8":"product_cat-rifle-et","9":"product_cat-rifle-parts-et","11":"first","12":"instock","13":"taxable","14":"shipping-taxable","15":"purchasable","16":"product-type-simple"},"acf":[],"_links":{"self":[{"href":"https:\/\/staging.nbg.eu\/et\/wp-json\/wp\/v2\/product\/283814","targetHints":{"allow":["GET"]}}],"collection":[{"href":"https:\/\/staging.nbg.eu\/et\/wp-json\/wp\/v2\/product"}],"about":[{"href":"https:\/\/staging.nbg.eu\/et\/wp-json\/wp\/v2\/types\/product"}],"wp:featuredmedia":[{"embeddable":true,"href":"https:\/\/staging.nbg.eu\/et\/wp-json\/wp\/v2\/media\/240384"}],"wp:attachment":[{"href":"https:\/\/staging.nbg.eu\/et\/wp-json\/wp\/v2\/media?parent=283814"}],"wp:term":[{"taxonomy":"product_brand","embeddable":true,"href":"https:\/\/staging.nbg.eu\/et\/wp-json\/wp\/v2\/product_brand?post=283814"},{"taxonomy":"product_cat","embeddable":true,"href":"https:\/\/staging.nbg.eu\/et\/wp-json\/wp\/v2\/product_cat?post=283814"},{"taxonomy":"product_tag","embeddable":true,"href":"https:\/\/staging.nbg.eu\/et\/wp-json\/wp\/v2\/product_tag?post=283814"}],"curies":[{"name":"wp","href":"https:\/\/api.w.org\/{rel}","templated":true}]}}