{"id":283700,"date":"2025-03-06T10:14:28","date_gmt":"2025-03-06T10:14:28","guid":{"rendered":"https:\/\/staging.nbg.eu\/product\/clawgear-snap-cap-12-gauge-2-pack\/"},"modified":"2025-03-25T09:27:57","modified_gmt":"2025-03-25T09:27:57","slug":"clawgear-snap-cap-12-gauge-2-pakk","status":"publish","type":"product","link":"https:\/\/staging.nbg.eu\/et\/toode\/clawgear-snap-cap-12-gauge-2-pakk\/","title":{"rendered":"Clawgear snap cap 12 Gauge 2-pakk"},"content":{"rendered":"<h2>Clawgear Snap Cap 12 Gauge 2-pakk<\/h2>\n<p>Clawgear Snap Cap 12 Gauge 2-pakk on m\u00f5eldud relva l\u00f6\u00f6kn\u00f5ela ja mehhanismi kaitsmiseks kuivharjutuste, funktsionaalsuse testimise ja hoiustamise ajal.<\/p>\n<h2>P\u00f5hiomadused:<\/h2>\n<ul>\n<li>2 snap cap&#8217;i pakis<\/li>\n<li>Vastupidav konstruktsioon pikaajaliseks kasutamiseks<\/li>\n<li>Hoiab \u00e4ra l\u00f6\u00f6kn\u00f5ela ja mehhanismi kahjustusi<\/li>\n<li>Sobib kuivharjutusteks ja funktsionaalsuse testimiseks<\/li>\n<\/ul>\n<h2>Toote m\u00f5\u00f5tmed:<\/h2>\n<ul>\n<li>Pikkus: 5,5 cm<\/li>\n<li>Laius: 2,1 cm<\/li>\n<li>K\u00f5rgus: 2,1 cm<\/li>\n<li>Kaal: 0,106 kg<\/li>\n<\/ul>\n<p>Clawgear Snap Cap 12 Gauge 2-pakk on m\u00f5eldud laskeoskuste parandamiseks ja relva hooldamiseks.<\/p>\n","protected":false},"excerpt":{"rendered":"<p>&#8220;Vastupidavad 12-kaliibrilised paukpadrunid, 2 tk pakendis. Ideaalsed ohutuks kuivlaskmise harjutamiseks.&#8221;<\/p>\n","protected":false},"featured_media":240942,"template":"","meta":{"_acf_changed":false},"product_brand":[11221],"product_cat":[1459],"product_tag":[],"class_list":{"0":"post-283700","1":"product","2":"type-product","3":"status-publish","4":"has-post-thumbnail","6":"product_brand-clawgear","7":"product_cat-ammunition-et","9":"first","10":"instock","11":"taxable","12":"shipping-taxable","13":"purchasable","14":"product-type-simple"},"acf":[],"_links":{"self":[{"href":"https:\/\/staging.nbg.eu\/et\/wp-json\/wp\/v2\/product\/283700","targetHints":{"allow":["GET"]}}],"collection":[{"href":"https:\/\/staging.nbg.eu\/et\/wp-json\/wp\/v2\/product"}],"about":[{"href":"https:\/\/staging.nbg.eu\/et\/wp-json\/wp\/v2\/types\/product"}],"wp:featuredmedia":[{"embeddable":true,"href":"https:\/\/staging.nbg.eu\/et\/wp-json\/wp\/v2\/media\/240942"}],"wp:attachment":[{"href":"https:\/\/staging.nbg.eu\/et\/wp-json\/wp\/v2\/media?parent=283700"}],"wp:term":[{"taxonomy":"product_brand","embeddable":true,"href":"https:\/\/staging.nbg.eu\/et\/wp-json\/wp\/v2\/product_brand?post=283700"},{"taxonomy":"product_cat","embeddable":true,"href":"https:\/\/staging.nbg.eu\/et\/wp-json\/wp\/v2\/product_cat?post=283700"},{"taxonomy":"product_tag","embeddable":true,"href":"https:\/\/staging.nbg.eu\/et\/wp-json\/wp\/v2\/product_tag?post=283700"}],"curies":[{"name":"wp","href":"https:\/\/api.w.org\/{rel}","templated":true}]}}