{"id":283326,"date":"2025-03-06T10:27:47","date_gmt":"2025-03-25T08:07:06","guid":{"rendered":"https:\/\/staging.nbg.eu\/product\/ftcs-buttstock-adapter-ar15-for-akm\/"},"modified":"2025-03-25T08:09:25","modified_gmt":"2025-03-25T08:09:25","slug":"ftcs-kabapohja-adapter-ar15-akm-jaoks","status":"publish","type":"product","link":"https:\/\/staging.nbg.eu\/et\/toode\/ftcs-kabapohja-adapter-ar15-akm-jaoks\/","title":{"rendered":"FTCS &#8211; kabap\u00f5hja adapter AR15 AKM jaoks"},"content":{"rendered":"<h2>FTCS &#8211; P\u00fcssip\u00e4ra adapter AR15 AKM-ile<\/h2>\n<p>FTCS P\u00fcssip\u00e4ra adapter AR15 v\u00f5imaldab paigaldada AR15 p\u00fcssip\u00e4rasid AKM t\u00fc\u00fcpi relvadele. Adapter on valmistatud alumiiniumist ja kaetud Cerakote H-146 kattega.<\/p>\n<h3>P\u00f5hiomadused:<\/h3>\n<ul>\n<li>Valmistatud AKM perekonna jaoks<\/li>\n<li>\u00dchildub AR karbiini p\u00fcssip\u00e4radega<\/li>\n<li>MIL-SPEC standard<\/li>\n<li>Lihtne paigaldada &#8211; lisaosasid pole vaja<\/li>\n<li>Alumiiniumist konstruktsioon Cerakote kattega<\/li>\n<li>Sisaldab juhikut ja hinge koos kinnitusega<\/li>\n<\/ul>\n<h3>Tehnilised andmed:<\/h3>\n<ul>\n<li>\u00dchilduvus: AKM<\/li>\n<li>Kasutus: AR15 p\u00fcssip\u00e4ra<\/li>\n<li>Materjal: Alumiinium<\/li>\n<li>Kate: Cerakote H-146<\/li>\n<li>M\u00f5\u00f5tmed: 202 x 28 x 36 mm<\/li>\n<li>Kaal: 221 g<\/li>\n<\/ul>\n<p>See p\u00fcssip\u00e4ra adapter v\u00f5imaldab teie AKM-ile paigaldada AR15 p\u00fcssip\u00e4ra.<\/p>\n","protected":false},"excerpt":{"rendered":"<p>AR15 p\u00fcssip\u00e4ra adapter AKM-ile. Alumiiniumist, Cerakote-kattega, MIL-SPEC standardile vastav.<\/p>\n","protected":false},"featured_media":241108,"template":"","meta":{"_acf_changed":false},"product_brand":[11309],"product_cat":[1354,610,611],"product_tag":[],"class_list":{"0":"post-283326","1":"product","2":"type-product","3":"status-publish","4":"has-post-thumbnail","6":"product_brand-ftcs","7":"product_cat-ak-tuning-et","8":"product_cat-rifle-et","9":"product_cat-rifle-parts-et","11":"first","12":"instock","13":"taxable","14":"shipping-taxable","15":"purchasable","16":"product-type-simple"},"acf":[],"_links":{"self":[{"href":"https:\/\/staging.nbg.eu\/et\/wp-json\/wp\/v2\/product\/283326","targetHints":{"allow":["GET"]}}],"collection":[{"href":"https:\/\/staging.nbg.eu\/et\/wp-json\/wp\/v2\/product"}],"about":[{"href":"https:\/\/staging.nbg.eu\/et\/wp-json\/wp\/v2\/types\/product"}],"wp:featuredmedia":[{"embeddable":true,"href":"https:\/\/staging.nbg.eu\/et\/wp-json\/wp\/v2\/media\/241108"}],"wp:attachment":[{"href":"https:\/\/staging.nbg.eu\/et\/wp-json\/wp\/v2\/media?parent=283326"}],"wp:term":[{"taxonomy":"product_brand","embeddable":true,"href":"https:\/\/staging.nbg.eu\/et\/wp-json\/wp\/v2\/product_brand?post=283326"},{"taxonomy":"product_cat","embeddable":true,"href":"https:\/\/staging.nbg.eu\/et\/wp-json\/wp\/v2\/product_cat?post=283326"},{"taxonomy":"product_tag","embeddable":true,"href":"https:\/\/staging.nbg.eu\/et\/wp-json\/wp\/v2\/product_tag?post=283326"}],"curies":[{"name":"wp","href":"https:\/\/api.w.org\/{rel}","templated":true}]}}