{"id":282217,"date":"2025-03-06T10:40:18","date_gmt":"2025-03-06T10:40:18","guid":{"rendered":"https:\/\/staging.nbg.eu\/product\/ftcs-rear-sights-mounting-for-optics-ak-pmk-2-0-picatinny\/"},"modified":"2025-03-24T13:24:04","modified_gmt":"2025-03-24T13:24:04","slug":"ftcs-tagasihaamri-kinnitus-optikale-ak-pmk-20-picatinny","status":"publish","type":"product","link":"https:\/\/staging.nbg.eu\/et\/toode\/ftcs-tagasihaamri-kinnitus-optikale-ak-pmk-20-picatinny\/","title":{"rendered":"FTCS &#8211; tagasihaamri kinnitus optikale AK, PMK 2.0 Picatinny"},"content":{"rendered":"<div class=\"product-description\">\n<h2>FTCS &#8211; Tagumise sihiku kinnitus optika jaoks AK-le, PMK 2.0 Picatinny<\/h2>\n<p>PMK 2.0 Picatinny kinnitus AK-t\u00fc\u00fcpi relvadele. See adapter v\u00f5imaldab paigaldada kaasaegseid optikaseadmeid.<\/p>\n<ul>\n<li>Sobib AK\/AKS, AKM\/AKMS, AK-74\/AKS-74 ja teistele<\/li>\n<li>Picatinny\/RIS standardne siinis\u00fcsteem (70mm pikkus, 7 pesa)<\/li>\n<li>Alumiiniumist konstruktsioon Cerakote H-146 Graphite Black kattega<\/li>\n<li>S\u00e4ilitab tehase raudsihiku funktsionaalsuse<\/li>\n<li>Kolme poldiga kinnituss\u00fcsteem<\/li>\n<li>Kaal 34g<\/li>\n<\/ul>\n<p>PMK 2.0 on alternatiiv gaasikatiku kaane siinidele v\u00f5i integreeritud s\u00fcsteemidele. See s\u00e4ilitab relva tasakaalu. FTCS \u00fchendab traditsioonilise ja kaasaegse optika.<\/p>\n<\/div>\n","protected":false},"excerpt":{"rendered":"<p>AK optika tagumine sihiku kinnitus. Picatinny siiniga, vastupidavast alumiiniumist, Cerakote kattega.<\/p>\n","protected":false},"featured_media":241480,"template":"","meta":{"_acf_changed":false},"product_brand":[11309],"product_cat":[1354,610,611],"product_tag":[],"class_list":{"0":"post-282217","1":"product","2":"type-product","3":"status-publish","4":"has-post-thumbnail","6":"product_brand-ftcs","7":"product_cat-ak-tuning-et","8":"product_cat-rifle-et","9":"product_cat-rifle-parts-et","11":"first","12":"instock","13":"taxable","14":"shipping-taxable","15":"purchasable","16":"product-type-simple"},"acf":[],"_links":{"self":[{"href":"https:\/\/staging.nbg.eu\/et\/wp-json\/wp\/v2\/product\/282217","targetHints":{"allow":["GET"]}}],"collection":[{"href":"https:\/\/staging.nbg.eu\/et\/wp-json\/wp\/v2\/product"}],"about":[{"href":"https:\/\/staging.nbg.eu\/et\/wp-json\/wp\/v2\/types\/product"}],"wp:featuredmedia":[{"embeddable":true,"href":"https:\/\/staging.nbg.eu\/et\/wp-json\/wp\/v2\/media\/241480"}],"wp:attachment":[{"href":"https:\/\/staging.nbg.eu\/et\/wp-json\/wp\/v2\/media?parent=282217"}],"wp:term":[{"taxonomy":"product_brand","embeddable":true,"href":"https:\/\/staging.nbg.eu\/et\/wp-json\/wp\/v2\/product_brand?post=282217"},{"taxonomy":"product_cat","embeddable":true,"href":"https:\/\/staging.nbg.eu\/et\/wp-json\/wp\/v2\/product_cat?post=282217"},{"taxonomy":"product_tag","embeddable":true,"href":"https:\/\/staging.nbg.eu\/et\/wp-json\/wp\/v2\/product_tag?post=282217"}],"curies":[{"name":"wp","href":"https:\/\/api.w.org\/{rel}","templated":true}]}}