{"id":282061,"date":"2025-03-06T10:01:39","date_gmt":"2025-03-24T12:40:12","guid":{"rendered":"https:\/\/staging.nbg.eu\/product\/clawgear-m-lok-10-slot-rail-qd-integrated\/"},"modified":"2025-03-24T12:42:58","modified_gmt":"2025-03-24T12:42:58","slug":"clawgear-m-lok-10-pesa-raud-qd-integreeritud","status":"publish","type":"product","link":"https:\/\/staging.nbg.eu\/et\/toode\/clawgear-m-lok-10-pesa-raud-qd-integreeritud\/","title":{"rendered":"Clawgear M-LOK 10 pesa raud QD integreeritud"},"content":{"rendered":"<h2>Clawgear M-LOK 10 pesa r\u00f6\u00f6bas integreeritud QD-ga<\/h2>\n<p>Picatinny r\u00f6\u00f6bas M-LOK liidesele. 10 pesaga ja integreeritud QD kinnituspunktiga rihmakinnitustele. Valmistatud tugevast alumiiniumist, anodeeritud pinnakattega, mis vastab s\u00f5jav\u00e4elistele n\u00f5uetele.<\/p>\n<ul>\n<li>Sisaldab paigaldusriistvara roostevabast terasest T-mutritega<\/li>\n<li>Korrosioonikindel disain<\/li>\n<li>Maksimaalne p\u00f6\u00f6rdemoment: 4Nm v\u00f5i 35in\/lb<\/li>\n<\/ul>\n<p><strong>N\u00f5uanne:<\/strong> Kui p\u00f6\u00f6rdemomendi v\u00f5tit pole, kasutage pingutamiseks kuuskantv\u00f5tme l\u00fchikest k\u00e4epidet.<\/p>\n<p><em>M\u00f5\u00f5tmed (pakitult):<\/em> 17 x 10,7 x 1 cm<br \/>\n<em>Kaal:<\/em> 45g (53g pakitult)<\/p>\n","protected":false},"excerpt":{"rendered":"<p>M-LOK Picatinny siiniga, millel on 10 pesa ja QD-kinnitus. Vastupidav alumiinium.<\/p>\n","protected":false},"featured_media":240500,"template":"","meta":{"_acf_changed":false},"product_brand":[11221],"product_cat":[722,610,611,743],"product_tag":[],"class_list":{"0":"post-282061","1":"product","2":"type-product","3":"status-publish","4":"has-post-thumbnail","6":"product_brand-clawgear","7":"product_cat-rails-et","8":"product_cat-rifle-et","9":"product_cat-rifle-parts-et","10":"product_cat-slings-et","12":"first","13":"instock","14":"taxable","15":"shipping-taxable","16":"purchasable","17":"product-type-simple"},"acf":[],"_links":{"self":[{"href":"https:\/\/staging.nbg.eu\/et\/wp-json\/wp\/v2\/product\/282061","targetHints":{"allow":["GET"]}}],"collection":[{"href":"https:\/\/staging.nbg.eu\/et\/wp-json\/wp\/v2\/product"}],"about":[{"href":"https:\/\/staging.nbg.eu\/et\/wp-json\/wp\/v2\/types\/product"}],"wp:featuredmedia":[{"embeddable":true,"href":"https:\/\/staging.nbg.eu\/et\/wp-json\/wp\/v2\/media\/240500"}],"wp:attachment":[{"href":"https:\/\/staging.nbg.eu\/et\/wp-json\/wp\/v2\/media?parent=282061"}],"wp:term":[{"taxonomy":"product_brand","embeddable":true,"href":"https:\/\/staging.nbg.eu\/et\/wp-json\/wp\/v2\/product_brand?post=282061"},{"taxonomy":"product_cat","embeddable":true,"href":"https:\/\/staging.nbg.eu\/et\/wp-json\/wp\/v2\/product_cat?post=282061"},{"taxonomy":"product_tag","embeddable":true,"href":"https:\/\/staging.nbg.eu\/et\/wp-json\/wp\/v2\/product_tag?post=282061"}],"curies":[{"name":"wp","href":"https:\/\/api.w.org\/{rel}","templated":true}]}}