{"id":279206,"date":"2025-03-03T19:53:03","date_gmt":"2025-03-21T12:32:25","guid":{"rendered":"https:\/\/staging.nbg.eu\/product\/daa-x-ray-aluminum-pouch\/"},"modified":"2025-03-21T12:34:51","modified_gmt":"2025-03-21T12:34:51","slug":"daa-x-ray-alumiinium-tasku","status":"publish","type":"product","link":"https:\/\/staging.nbg.eu\/et\/toode\/daa-x-ray-alumiinium-tasku\/","title":{"rendered":"DAA X-Ray alumiinium tasku"},"content":{"rendered":"<h2>DAA X-Ray alumiiniumist salvetasku<\/h2>\n<p>DAA X-Ray alumiiniumist salvetasku p\u00f5hineb Xi ja XIP mudelitel ning pakub j\u00e4rgmisi omadusi:<\/p>\n<ul>\n<li>Optimeeritud \u00fclemine serv salve lihtsamaks sisestamiseks<\/li>\n<li>Lisatud seadekruvi juhusliku avanemise v\u00e4ltimiseks<\/li>\n<li>Suurendatud 13mm kuulliigend parema stabiilsuse jaoks<\/li>\n<li>L\u00e4bipaistva disainiga ja kaaluv\u00e4hendavate v\u00e4ljal\u00f5igetega<\/li>\n<li>Kaheksa kinnituspunkti m\u00f5lema k\u00e4e kasutamiseks<\/li>\n<li>Alumiiniumist kuulliigendiga v\u00f6\u00f6riputi nurga reguleerimiseks<\/li>\n<li>Kolm komplekti vahet\u00fckke erinevate salvede jaoks<\/li>\n<li>Reguleeritava k\u00f5rgusega terasest stoppn\u00f5el<\/li>\n<li>Pinguse reguleerimine ilma t\u00f6\u00f6riistadeta<\/li>\n<\/ul>\n<p>Saadaval sinine, punane, must ja h\u00f5bedane anodeeritud viimistlus.<\/p>\n","protected":false},"excerpt":{"rendered":"<p>DAA r\u00f6ntgenialumiiniumkott: innovaatiline, kerge, l\u00e4bipaistev disain v\u00f5istlustele osalevatele laskuritele.<\/p>\n","protected":false},"featured_media":236017,"template":"","meta":{"_acf_changed":false},"product_brand":[11262],"product_cat":[542,1203,543],"product_tag":[],"class_list":{"0":"post-279206","1":"product","2":"type-product","3":"status-publish","4":"has-post-thumbnail","6":"product_brand-doublealpha","7":"product_cat-gear-et","8":"product_cat-magazine-holders-et","9":"product_cat-pouches-et","11":"first","12":"outofstock","13":"taxable","14":"shipping-taxable","15":"purchasable","16":"product-type-variable","17":"wvs-archive-product-wrapper"},"acf":[],"_links":{"self":[{"href":"https:\/\/staging.nbg.eu\/et\/wp-json\/wp\/v2\/product\/279206","targetHints":{"allow":["GET"]}}],"collection":[{"href":"https:\/\/staging.nbg.eu\/et\/wp-json\/wp\/v2\/product"}],"about":[{"href":"https:\/\/staging.nbg.eu\/et\/wp-json\/wp\/v2\/types\/product"}],"wp:featuredmedia":[{"embeddable":true,"href":"https:\/\/staging.nbg.eu\/et\/wp-json\/wp\/v2\/media\/236017"}],"wp:attachment":[{"href":"https:\/\/staging.nbg.eu\/et\/wp-json\/wp\/v2\/media?parent=279206"}],"wp:term":[{"taxonomy":"product_brand","embeddable":true,"href":"https:\/\/staging.nbg.eu\/et\/wp-json\/wp\/v2\/product_brand?post=279206"},{"taxonomy":"product_cat","embeddable":true,"href":"https:\/\/staging.nbg.eu\/et\/wp-json\/wp\/v2\/product_cat?post=279206"},{"taxonomy":"product_tag","embeddable":true,"href":"https:\/\/staging.nbg.eu\/et\/wp-json\/wp\/v2\/product_tag?post=279206"}],"curies":[{"name":"wp","href":"https:\/\/api.w.org\/{rel}","templated":true}]}}