{"id":278664,"date":"2025-03-02T06:06:39","date_gmt":"2025-03-21T10:58:36","guid":{"rendered":"https:\/\/staging.nbg.eu\/product\/144-area-419-billet-loading-block-clear-anodized\/"},"modified":"2025-03-21T11:01:12","modified_gmt":"2025-03-21T11:01:12","slug":"area-419-billet-laadimisplokk-selge-anodeeritud","status":"publish","type":"product","link":"https:\/\/staging.nbg.eu\/et\/toode\/area-419-billet-laadimisplokk-selge-anodeeritud\/","title":{"rendered":"Area 419 &#8211; Billet laadimisplokk \u2013 selge anodeeritud"},"content":{"rendered":"<h2>Area 419 Alumiiniumist laadimisplokk \u2013 L\u00e4bipaistva anodeeritud kattega<\/h2>\n<p>Area 419 anodeeritud laadimisploki omadused:<\/p>\n<ul>\n<li>50 kohta 308, Magnum v\u00f5i Lapua kaliibritele<\/li>\n<li>6061-T6 alumiiniumist konstruktsioon l\u00e4bipaistva anodeeritud viimistlusega<\/li>\n<li>M\u00f5\u00f5tmed: 9,5&#8243; x 4&#8243; x 5\/8&#8243;<\/li>\n<li>0,500&#8243; s\u00fcgavused augud tihedalt sobiva padrunikestaga<\/li>\n<li>Keskel s\u00fcvendid p\u00fcssirohu terade p\u00fc\u00fcdmiseks<\/li>\n<li>Libisemisvastased kummist padjad p\u00f5hjal<\/li>\n<\/ul>\n<p>Saadaval aukude l\u00e4bim\u00f5\u00f5dud: 223 (0,390&#8243;), ARC\/Grendel (0,452&#8243;), 308 (0,485&#8243;), 284 (0,515&#8243;), Magnum (0,560&#8243;), Lapua (0,600&#8243;) ja Cheytac (0,655&#8243;).<\/p>\n<p>Kaal: 1,4 naela<\/p>\n<p>Area 419 vastupidav ja t\u00e4pne laadimisplokk.<\/p>\n","protected":false},"excerpt":{"rendered":"<p>Vastupidav anodeeritud laadimisplokk 50 padrunile. T\u00e4ppisfreesitud, libisemisvastane.<\/p>\n","protected":false},"featured_media":233213,"template":"","meta":{"_acf_changed":false},"product_brand":[11034],"product_cat":[1060,1224],"product_tag":[],"class_list":{"0":"post-278664","1":"product","2":"type-product","3":"status-publish","4":"has-post-thumbnail","6":"product_brand-area-419","7":"product_cat-reloading-et","8":"product_cat-reloading-accessories-et","10":"first","11":"instock","12":"taxable","13":"shipping-taxable","14":"purchasable","15":"product-type-variable","16":"wvs-archive-product-wrapper"},"acf":[],"_links":{"self":[{"href":"https:\/\/staging.nbg.eu\/et\/wp-json\/wp\/v2\/product\/278664","targetHints":{"allow":["GET"]}}],"collection":[{"href":"https:\/\/staging.nbg.eu\/et\/wp-json\/wp\/v2\/product"}],"about":[{"href":"https:\/\/staging.nbg.eu\/et\/wp-json\/wp\/v2\/types\/product"}],"wp:featuredmedia":[{"embeddable":true,"href":"https:\/\/staging.nbg.eu\/et\/wp-json\/wp\/v2\/media\/233213"}],"wp:attachment":[{"href":"https:\/\/staging.nbg.eu\/et\/wp-json\/wp\/v2\/media?parent=278664"}],"wp:term":[{"taxonomy":"product_brand","embeddable":true,"href":"https:\/\/staging.nbg.eu\/et\/wp-json\/wp\/v2\/product_brand?post=278664"},{"taxonomy":"product_cat","embeddable":true,"href":"https:\/\/staging.nbg.eu\/et\/wp-json\/wp\/v2\/product_cat?post=278664"},{"taxonomy":"product_tag","embeddable":true,"href":"https:\/\/staging.nbg.eu\/et\/wp-json\/wp\/v2\/product_tag?post=278664"}],"curies":[{"name":"wp","href":"https:\/\/api.w.org\/{rel}","templated":true}]}}