{"id":278443,"date":"2025-03-07T18:45:15","date_gmt":"2025-03-21T10:45:43","guid":{"rendered":"https:\/\/staging.nbg.eu\/product\/smith-wesson-performance-center-586-l-comp\/"},"modified":"2025-03-21T10:48:40","modified_gmt":"2025-03-21T10:48:40","slug":"smith-wesson-performance-center-586-l-comp","status":"publish","type":"product","link":"https:\/\/staging.nbg.eu\/et\/toode\/smith-wesson-performance-center-586-l-comp\/","title":{"rendered":"Smith &#038; Wesson &#8211; PERFORMANCE CENTER\u00ae 586 L-COMP"},"content":{"rendered":"<div class=\"product-description\">\n<h2>Smith &amp; Wesson &#8211; PERFORMANCE CENTER\u00ae 586 L-COMP<\/h2>\n<p>Smith &amp; Wesson Performance Center\u00ae 586 L-COMP on esimene sinine, seitsme lasuga keskmise suurusega revolver, mida Smith &amp; Wesson pakub.<\/p>\n<h2>P\u00f5hiomadused:<\/h2>\n<ul>\n<li>Portidega t\u00e4israskusega rauaots tagasil\u00f6\u00f6gi v\u00e4hendamiseks<\/li>\n<li>Tritium esimine \u00f6\u00f6sihik kiireks sihtimiseks<\/li>\n<li>Performance Center h\u00e4\u00e4lestatud mehhanism<\/li>\n<li>Sujuv topelttegevus ja t\u00e4pne \u00fcksikmeetod<\/li>\n<li>Trummel l\u00f5igatud kuuklippide jaoks (kaasas)<\/li>\n<\/ul>\n<p>586 L-COMP on varustatud Performance Center h\u00e4\u00e4lestatud mehhanismiga, mis tagab sujuva topelttegevuse ja t\u00e4pse \u00fcksiktegevuse. Portidega t\u00e4israskusega rauaots v\u00e4hendab oluliselt tagasil\u00f6\u00f6ki.<\/p>\n<p>V\u00e4hese valgusega olukordades tagab tritium esimine \u00f6\u00f6sihik kiire sihtimise. Trummel on l\u00f5igatud kuuklippide jaoks, mis on kaasas, v\u00f5imaldades kiiremat laadimist ja kasutatud padrunikestade paremat v\u00e4ljastamist.<\/p>\n<h2>Tehnilised andmed:<\/h2>\n<ul>\n<li>Kaliber: .357 Magnum<\/li>\n<li>Mahutavus: 7 lasku<\/li>\n<li>Raua pikkus: 3 tolli<\/li>\n<li>\u00dcldpikkus: 8 tolli<\/li>\n<li>Kaal: 36,2 untsi<\/li>\n<li>Raami materjal: S\u00fcsinikuteras<\/li>\n<li>Raua materjal: S\u00fcsinikuteras<\/li>\n<li>Viimistlus: Must<\/li>\n<li>Tegevus: \u00dcksik\/Topelttegevus<\/li>\n<li>Sihikud: \u00d6\u00f6sihikud<\/li>\n<\/ul>\n<p>586 L-COMP on valmistatud Smith &amp; Wesson&#8217;i relvameistrite poolt. Iga relv on valmistatud Performance Center\u00ae standardite j\u00e4rgi.<\/p>\n<p>Smith &amp; Wesson Performance Center\u00ae 586 L-COMP on saadaval kohaliku Smith &amp; Wesson&#8217;i edasim\u00fc\u00fcja juures.<\/p>\n<\/div>\n","protected":false},"excerpt":{"rendered":"<p>S&amp;W Performance Center 586 L-Comp: 7-lasuline .357 Magnum revolver, millel on portidega rauasuu, \u00f6\u00f6sihikud ja h\u00e4\u00e4lestatud p\u00e4\u00e4stemehhanism.<\/p>\n","protected":false},"featured_media":248886,"template":"","meta":{"_acf_changed":false},"product_brand":[11819],"product_cat":[2169,2238],"product_tag":[],"class_list":{"0":"post-278443","1":"product","2":"type-product","3":"status-publish","4":"has-post-thumbnail","6":"product_brand-smith-and-wesson","7":"product_cat-pistol-et","8":"product_cat-pistols-et","10":"first","11":"instock","12":"taxable","13":"shipping-taxable","14":"purchasable","15":"product-type-simple"},"acf":[],"_links":{"self":[{"href":"https:\/\/staging.nbg.eu\/et\/wp-json\/wp\/v2\/product\/278443","targetHints":{"allow":["GET"]}}],"collection":[{"href":"https:\/\/staging.nbg.eu\/et\/wp-json\/wp\/v2\/product"}],"about":[{"href":"https:\/\/staging.nbg.eu\/et\/wp-json\/wp\/v2\/types\/product"}],"wp:featuredmedia":[{"embeddable":true,"href":"https:\/\/staging.nbg.eu\/et\/wp-json\/wp\/v2\/media\/248886"}],"wp:attachment":[{"href":"https:\/\/staging.nbg.eu\/et\/wp-json\/wp\/v2\/media?parent=278443"}],"wp:term":[{"taxonomy":"product_brand","embeddable":true,"href":"https:\/\/staging.nbg.eu\/et\/wp-json\/wp\/v2\/product_brand?post=278443"},{"taxonomy":"product_cat","embeddable":true,"href":"https:\/\/staging.nbg.eu\/et\/wp-json\/wp\/v2\/product_cat?post=278443"},{"taxonomy":"product_tag","embeddable":true,"href":"https:\/\/staging.nbg.eu\/et\/wp-json\/wp\/v2\/product_tag?post=278443"}],"curies":[{"name":"wp","href":"https:\/\/api.w.org\/{rel}","templated":true}]}}