{"id":278292,"date":"2025-03-07T17:59:41","date_gmt":"2025-03-21T10:03:50","guid":{"rendered":"https:\/\/staging.nbg.eu\/product\/sellier-bellot-40sw-fmj-11-7g-180gr\/"},"modified":"2025-03-21T10:06:13","modified_gmt":"2025-03-21T10:06:13","slug":"sellier-bellot-40sw-fmj-117g-180gr","status":"publish","type":"product","link":"https:\/\/staging.nbg.eu\/et\/toode\/sellier-bellot-40sw-fmj-117g-180gr\/","title":{"rendered":"Sellier &#038; Bellot &#8211; 40S&#038;W FMJ &#8211; 11.7g \/ 180gr"},"content":{"rendered":"<p>Sellier &amp; Bellot 40S&amp;W t\u00e4ismetallist kestaga (FMJ) laskemoon on m\u00f5eldud m\u00e4rklaua laskmiseks ja harjutamiseks. Iga padrun sisaldab 180-graanist FMJ kuuli, mis sobib .40 S&amp;W k\u00e4situlirelvadele.<\/p>\n<ul>\n<li>Kaliber: .40 S&amp;W<\/li>\n<li>Kuuli kaal: 180 graani (11,7g)<\/li>\n<li>Kuuli t\u00fc\u00fcp: T\u00e4ismetallist kest (FMJ)<\/li>\n<li>Suudmekiirus: 968 jalga sekundis<\/li>\n<li>Suudmeenergia: 400 jalg-naela<\/li>\n<li>Padrunikest: Messing<\/li>\n<\/ul>\n<p>Laskemoon on pakendatud 50 padruni kaupa karpidesse, karbis on 20 karpi. Messingist padrunikest v\u00f5imaldab sujuvat laadimist ja taaslaadimist. Kiirus on 940 jalga sekundis. Need padrunid sobivad m\u00e4rklaua laskmiseks ja harjutamiseks. Sellier &amp; Bellot toodab laskemoona .40 S&amp;W tulirelvadele.<\/p>\n","protected":false},"excerpt":{"rendered":"<p>40 S&amp;W 180gr FMJ laskemoon plinkimiseks. Messingist padrunikest, 968 jalga sekundis, 50 padrunit karbis.<\/p>\n","protected":false},"featured_media":248743,"template":"","meta":{"_acf_changed":false},"product_brand":[],"product_cat":[1459,3016],"product_tag":[],"class_list":{"0":"post-278292","1":"product","2":"type-product","3":"status-publish","4":"has-post-thumbnail","6":"product_cat-ammunition-et","7":"product_cat-pistol-ammunition-et","9":"first","10":"instock","11":"taxable","12":"shipping-taxable","13":"purchasable","14":"product-type-simple"},"acf":[],"_links":{"self":[{"href":"https:\/\/staging.nbg.eu\/et\/wp-json\/wp\/v2\/product\/278292","targetHints":{"allow":["GET"]}}],"collection":[{"href":"https:\/\/staging.nbg.eu\/et\/wp-json\/wp\/v2\/product"}],"about":[{"href":"https:\/\/staging.nbg.eu\/et\/wp-json\/wp\/v2\/types\/product"}],"wp:featuredmedia":[{"embeddable":true,"href":"https:\/\/staging.nbg.eu\/et\/wp-json\/wp\/v2\/media\/248743"}],"wp:attachment":[{"href":"https:\/\/staging.nbg.eu\/et\/wp-json\/wp\/v2\/media?parent=278292"}],"wp:term":[{"taxonomy":"product_brand","embeddable":true,"href":"https:\/\/staging.nbg.eu\/et\/wp-json\/wp\/v2\/product_brand?post=278292"},{"taxonomy":"product_cat","embeddable":true,"href":"https:\/\/staging.nbg.eu\/et\/wp-json\/wp\/v2\/product_cat?post=278292"},{"taxonomy":"product_tag","embeddable":true,"href":"https:\/\/staging.nbg.eu\/et\/wp-json\/wp\/v2\/product_tag?post=278292"}],"curies":[{"name":"wp","href":"https:\/\/api.w.org\/{rel}","templated":true}]}}