{"id":278178,"date":"2025-03-07T10:00:31","date_gmt":"2025-03-21T09:43:08","guid":{"rendered":"https:\/\/staging.nbg.eu\/product\/hornady-6mm-arc-80gr-eld-vt\/"},"modified":"2025-03-21T09:45:25","modified_gmt":"2025-03-21T09:45:25","slug":"hornady-6mm-arc-80gr-eld-vt","status":"publish","type":"product","link":"https:\/\/staging.nbg.eu\/et\/toode\/hornady-6mm-arc-80gr-eld-vt\/","title":{"rendered":"Hornady &#8211; 6mm ARC 80gr. ELD-VT"},"content":{"rendered":"<div class=\"product-description\">\n<h2>Hornady &#8211; 6mm ARC 80gr. ELD-VT<\/h2>\n<p>Hornady 6mm ARC 80gr. ELD-VT laskemoon. See padrun on m\u00f5eldud v\u00f5istluslaskjatele ja jahimeestele.<\/p>\n<h3>P\u00f5hiomadused:<\/h3>\n<ul>\n<li><strong>Komponendid:<\/strong> Laetud kvaliteetsete materjalidega t\u00e4pseks laskmiseks.<\/li>\n<li><strong>P\u00fcssirohi:<\/strong> P\u00f5leb puhtalt ja on temperatuurikindel.<\/li>\n<li><strong>Mitmek\u00fclgne:<\/strong> Sobib nii v\u00f5istluslaskmiseks kui ka jahipidamiseks.<\/li>\n<li><strong>T\u00e4psus:<\/strong> Loodud t\u00e4pseks laskmiseks erinevatel kaugustel.<\/li>\n<\/ul>\n<p>Hornady 6mm ARC 80gr. ELD-VT on t\u00e4pne laskemoon.<\/p>\n<\/div>\n","protected":false},"excerpt":{"rendered":"<p>T\u00e4pne 6mm ARC laskemoon. V\u00f5istlustasemel t\u00e4psus, \u00fchtlane k\u00f5ikides temperatuurides.<\/p>\n","protected":false},"featured_media":246048,"template":"","meta":{"_acf_changed":false},"product_brand":[11453],"product_cat":[1459,1460],"product_tag":[],"class_list":{"0":"post-278178","1":"product","2":"type-product","3":"status-publish","4":"has-post-thumbnail","6":"product_brand-hornady","7":"product_cat-ammunition-et","8":"product_cat-rifle-ammunition-et","10":"first","11":"instock","12":"taxable","13":"shipping-taxable","14":"purchasable","15":"product-type-simple"},"acf":[],"_links":{"self":[{"href":"https:\/\/staging.nbg.eu\/et\/wp-json\/wp\/v2\/product\/278178","targetHints":{"allow":["GET"]}}],"collection":[{"href":"https:\/\/staging.nbg.eu\/et\/wp-json\/wp\/v2\/product"}],"about":[{"href":"https:\/\/staging.nbg.eu\/et\/wp-json\/wp\/v2\/types\/product"}],"wp:featuredmedia":[{"embeddable":true,"href":"https:\/\/staging.nbg.eu\/et\/wp-json\/wp\/v2\/media\/246048"}],"wp:attachment":[{"href":"https:\/\/staging.nbg.eu\/et\/wp-json\/wp\/v2\/media?parent=278178"}],"wp:term":[{"taxonomy":"product_brand","embeddable":true,"href":"https:\/\/staging.nbg.eu\/et\/wp-json\/wp\/v2\/product_brand?post=278178"},{"taxonomy":"product_cat","embeddable":true,"href":"https:\/\/staging.nbg.eu\/et\/wp-json\/wp\/v2\/product_cat?post=278178"},{"taxonomy":"product_tag","embeddable":true,"href":"https:\/\/staging.nbg.eu\/et\/wp-json\/wp\/v2\/product_tag?post=278178"}],"curies":[{"name":"wp","href":"https:\/\/api.w.org\/{rel}","templated":true}]}}