{"id":278026,"date":"2025-03-07T09:56:26","date_gmt":"2025-03-21T07:56:14","guid":{"rendered":"https:\/\/staging.nbg.eu\/product\/hornady-6mm-arc-103-gr-eld%e2%80%91x-precision-hunter\/"},"modified":"2025-03-21T07:59:01","modified_gmt":"2025-03-21T07:59:01","slug":"hornady-6mm-arc-103-gr-eldx-precision-hunter","status":"publish","type":"product","link":"https:\/\/staging.nbg.eu\/et\/toode\/hornady-6mm-arc-103-gr-eldx-precision-hunter\/","title":{"rendered":"Hornady &#8211; 6mm ARC 103 gr ELD\u2011X\u00ae Precision Hunter\u00ae"},"content":{"rendered":"<div class=\"product-description\">\n<h2>Hornady 6mm ARC 103 gr ELD\u2011X\u00ae Precision Hunter\u00ae<\/h2>\n<p>6mm ARC on mitmek\u00fclgne padrun, mis on loodud t\u00e4pseks laskmiseks. See padrun pakub:<\/p>\n<ul>\n<li>T\u00e4psust ja kaugele laskmise v\u00f5imekust<\/li>\n<li>Sobib jahiks, v\u00f5istlusteks ja enesekaitseks<\/li>\n<li>Optimeeritud AR-15 platvormidele ja l\u00fchikese lukuga relvadele<\/li>\n<li>K\u00f5rge ballistiline koefitsient<\/li>\n<li>Tasakaalustatud padruni, kambri ja p\u00fcssirohu disain<\/li>\n<li>Hea relvaraua eluiga<\/li>\n<\/ul>\n<p>6mm ARC sobib erinevateks kasutusotstarveteks, alates enesekaitsest kuni kaugele laskmiseni jahil. \u00dchildub erinevate relvade tootjatega, sealhulgas Barrett, Mossberg ja Wilson Combat.<\/p>\n<\/div>\n","protected":false},"excerpt":{"rendered":"<p>Mitmek\u00fclgne 6mm ARC AR-15-le: Efektiivsed, k\u00f5rge ballistilise koefitsiendiga kuulid t\u00e4psusjahiks.<\/p>\n","protected":false},"featured_media":246023,"template":"","meta":{"_acf_changed":false},"product_brand":[11453],"product_cat":[1459,1460],"product_tag":[],"class_list":{"0":"post-278026","1":"product","2":"type-product","3":"status-publish","4":"has-post-thumbnail","6":"product_brand-hornady","7":"product_cat-ammunition-et","8":"product_cat-rifle-ammunition-et","10":"first","11":"instock","12":"taxable","13":"shipping-taxable","14":"purchasable","15":"product-type-simple"},"acf":[],"_links":{"self":[{"href":"https:\/\/staging.nbg.eu\/et\/wp-json\/wp\/v2\/product\/278026","targetHints":{"allow":["GET"]}}],"collection":[{"href":"https:\/\/staging.nbg.eu\/et\/wp-json\/wp\/v2\/product"}],"about":[{"href":"https:\/\/staging.nbg.eu\/et\/wp-json\/wp\/v2\/types\/product"}],"wp:featuredmedia":[{"embeddable":true,"href":"https:\/\/staging.nbg.eu\/et\/wp-json\/wp\/v2\/media\/246023"}],"wp:attachment":[{"href":"https:\/\/staging.nbg.eu\/et\/wp-json\/wp\/v2\/media?parent=278026"}],"wp:term":[{"taxonomy":"product_brand","embeddable":true,"href":"https:\/\/staging.nbg.eu\/et\/wp-json\/wp\/v2\/product_brand?post=278026"},{"taxonomy":"product_cat","embeddable":true,"href":"https:\/\/staging.nbg.eu\/et\/wp-json\/wp\/v2\/product_cat?post=278026"},{"taxonomy":"product_tag","embeddable":true,"href":"https:\/\/staging.nbg.eu\/et\/wp-json\/wp\/v2\/product_tag?post=278026"}],"curies":[{"name":"wp","href":"https:\/\/api.w.org\/{rel}","templated":true}]}}