{"id":276538,"date":"2025-03-03T19:46:03","date_gmt":"2025-03-03T19:46:03","guid":{"rendered":"https:\/\/staging.nbg.eu\/product\/daa-alpha-xip\/"},"modified":"2025-03-20T14:12:43","modified_gmt":"2025-03-20T14:12:43","slug":"daa-alpha-xip","status":"publish","type":"product","link":"https:\/\/staging.nbg.eu\/et\/toode\/daa-alpha-xip\/","title":{"rendered":"DAA Alpha-XiP"},"content":{"rendered":"<h2>DAA Alpha-XiP magnetikomplekt<\/h2>\n<p>T\u00e4iendage oma DAA Racer v\u00f5i Alpha XiP kotti selle magnetikomplektiga. Kinnitage magnet koti k\u00fclge kiireks ja kindlaks paigaldamiseks.<\/p>\n<h3>Komplekti sisu:<\/h3>\n<ul>\n<li>DAA suur magnet<\/li>\n<li>Roostevabast terasest M5 10mm kruvi<\/li>\n<li>Messingist termiline M5 mutter (6mm pikk)<\/li>\n<\/ul>\n<h3>Vajalikud t\u00f6\u00f6riistad:<\/h3>\n<ul>\n<li>Puur 6,3-6,5mm otsikuga<\/li>\n<li>Jootekolb<\/li>\n<li>Viil ja liivapaberid<\/li>\n<\/ul>\n<p>J\u00e4rgige meie sammsammulisi koostejuhiseid koti kohandamiseks. Puurige t\u00e4pne auk, sisestage termiline mutter ja kinnitage magnet. Selle komplektiga saate parandada oma koti funktsionaalsust.<\/p>\n<p><strong>M\u00e4rkus:<\/strong> Kokkupanek n\u00f5uab hoolikat k\u00e4sitsemist. Pidage paigaldamisel alati silmas ohutust.<\/p>\n","protected":false},"excerpt":{"rendered":"<p>DAA Alpha-XiP: Kohandatav magnetiline taskukinnitus komplekt<\/p>\n","protected":false},"featured_media":235852,"template":"","meta":{"_acf_changed":false},"product_brand":[11262],"product_cat":[542,543],"product_tag":[],"class_list":{"0":"post-276538","1":"product","2":"type-product","3":"status-publish","4":"has-post-thumbnail","6":"product_brand-doublealpha","7":"product_cat-gear-et","8":"product_cat-pouches-et","10":"first","11":"instock","12":"taxable","13":"shipping-taxable","14":"purchasable","15":"product-type-simple"},"acf":[],"_links":{"self":[{"href":"https:\/\/staging.nbg.eu\/et\/wp-json\/wp\/v2\/product\/276538","targetHints":{"allow":["GET"]}}],"collection":[{"href":"https:\/\/staging.nbg.eu\/et\/wp-json\/wp\/v2\/product"}],"about":[{"href":"https:\/\/staging.nbg.eu\/et\/wp-json\/wp\/v2\/types\/product"}],"wp:featuredmedia":[{"embeddable":true,"href":"https:\/\/staging.nbg.eu\/et\/wp-json\/wp\/v2\/media\/235852"}],"wp:attachment":[{"href":"https:\/\/staging.nbg.eu\/et\/wp-json\/wp\/v2\/media?parent=276538"}],"wp:term":[{"taxonomy":"product_brand","embeddable":true,"href":"https:\/\/staging.nbg.eu\/et\/wp-json\/wp\/v2\/product_brand?post=276538"},{"taxonomy":"product_cat","embeddable":true,"href":"https:\/\/staging.nbg.eu\/et\/wp-json\/wp\/v2\/product_cat?post=276538"},{"taxonomy":"product_tag","embeddable":true,"href":"https:\/\/staging.nbg.eu\/et\/wp-json\/wp\/v2\/product_tag?post=276538"}],"curies":[{"name":"wp","href":"https:\/\/api.w.org\/{rel}","templated":true}]}}