{"id":276072,"date":"2025-03-02T17:08:39","date_gmt":"2025-03-02T17:08:39","guid":{"rendered":"https:\/\/staging.nbg.eu\/product\/bore-tech-decimator-suppressor-cleaner\/"},"modified":"2025-03-20T13:31:11","modified_gmt":"2025-03-20T13:31:11","slug":"bore-tech-decimator-summuti-puhastaja","status":"publish","type":"product","link":"https:\/\/staging.nbg.eu\/et\/toode\/bore-tech-decimator-summuti-puhastaja\/","title":{"rendered":"Bore Tech Decimator Summuti Puhastaja"},"content":{"rendered":"<div class=\"product-description\">\n<h2>Bore Tech Decimator summuti puhastusaine<\/h2>\n<p>Bore Tech&#8217;i Decimator summuti puhastusaine on kaheosaline lahus, mis on m\u00f5eldud \u00e4\u00e4retule ja kesktule summutite puhastamiseks.<\/p>\n<ul>\n<li>Summutitele ohutu<\/li>\n<li>Mitteohtlik ja ammoniaagivaba<\/li>\n<li>L\u00f5hnatu ja biolagunev<\/li>\n<li>Ohutu alumiiniumile, roostevabale terasele, titaanile ja erinevatele sulamitele<\/li>\n<\/ul>\n<p>Osa A on m\u00f5eldud s\u00fcsiniku\/plii eemaldamiseks, osa B vasej\u00e4\u00e4kide eemaldamiseks. Kasutades koos Decimator summuti puhastuss\u00fcsteemiga, sobib summutite, suudmepidurdajate, kiirkinnituste ja leegisummutite hooldamiseks.<\/p>\n<p>Bore Tech Decimator summuti puhastusaine aitab hoida summuteid t\u00f6\u00f6korras.<\/p>\n<\/div>\n","protected":false},"excerpt":{"rendered":"<p>T\u00f5hus ja ohutu summutipuhastaja \u00e4\u00e4rmusliku mustuse eemaldamiseks.<\/p>\n","protected":false},"featured_media":235244,"template":"","meta":{"_acf_changed":false},"product_brand":[],"product_cat":[1418,489],"product_tag":[],"class_list":{"0":"post-276072","1":"product","2":"type-product","3":"status-publish","4":"has-post-thumbnail","6":"product_cat-maintenance-et","7":"product_cat-uncategorized-et","9":"first","10":"instock","11":"taxable","12":"shipping-taxable","13":"purchasable","14":"product-type-simple"},"acf":[],"_links":{"self":[{"href":"https:\/\/staging.nbg.eu\/et\/wp-json\/wp\/v2\/product\/276072","targetHints":{"allow":["GET"]}}],"collection":[{"href":"https:\/\/staging.nbg.eu\/et\/wp-json\/wp\/v2\/product"}],"about":[{"href":"https:\/\/staging.nbg.eu\/et\/wp-json\/wp\/v2\/types\/product"}],"wp:featuredmedia":[{"embeddable":true,"href":"https:\/\/staging.nbg.eu\/et\/wp-json\/wp\/v2\/media\/235244"}],"wp:attachment":[{"href":"https:\/\/staging.nbg.eu\/et\/wp-json\/wp\/v2\/media?parent=276072"}],"wp:term":[{"taxonomy":"product_brand","embeddable":true,"href":"https:\/\/staging.nbg.eu\/et\/wp-json\/wp\/v2\/product_brand?post=276072"},{"taxonomy":"product_cat","embeddable":true,"href":"https:\/\/staging.nbg.eu\/et\/wp-json\/wp\/v2\/product_cat?post=276072"},{"taxonomy":"product_tag","embeddable":true,"href":"https:\/\/staging.nbg.eu\/et\/wp-json\/wp\/v2\/product_tag?post=276072"}],"curies":[{"name":"wp","href":"https:\/\/api.w.org\/{rel}","templated":true}]}}