{"id":275652,"date":"2025-03-07T18:52:50","date_gmt":"2025-03-20T12:40:01","guid":{"rendered":"https:\/\/staging.nbg.eu\/product\/vortex-defender-xl-micro-red-dot\/"},"modified":"2025-03-20T12:42:34","modified_gmt":"2025-03-20T12:42:34","slug":"vortex-defender-xl-mikro-punane-punkt","status":"publish","type":"product","link":"https:\/\/staging.nbg.eu\/et\/toode\/vortex-defender-xl-mikro-punane-punkt\/","title":{"rendered":"Vortex &#8211; Defender-XL\u2122 &#8211; Mikro Punane Punkt"},"content":{"rendered":"<div class=\"product-description\">\n<h2>Vortex &#8211; Defender-XL\u2122 &#8211; Mikro Punane Punkt<\/h2>\n<p>Vortex Defender-XL\u2122 on mikro punane punkt. Sellel optikaseadmel on suur vaateaken, mis pakub paremat perifeerset n\u00e4gemist ja kiiremat j\u00e4rgnevate laskude sooritamist.<\/p>\n<h2>P\u00f5hiomadused:<\/h2>\n<ul>\n<li><strong>5 MOA Punane Punkt:<\/strong> Sihtm\u00e4rkide n\u00e4gemine erinevates valgustingimustes<\/li>\n<li><strong>10 Heleduse Seadet:<\/strong> 8 p\u00e4evavalguseks ja 2 \u00f6\u00f6n\u00e4gemisseadmetega \u00fchildumiseks<\/li>\n<li><strong>Suur Vaateaken:<\/strong> Kiire sihtm\u00e4rgi haaramine ja lai vaatev\u00e4li<\/li>\n<li><strong>Asf\u00e4\u00e4riline L\u00e4\u00e4ts:<\/strong> Moonutusteta pilt<\/li>\n<li><strong>ShockShield\u2122 Pol\u00fcmeersissepanek:<\/strong> Kaitse igap\u00e4evase kasutuse eest<\/li>\n<li><strong>Fast-Rack\u2122 Tekstuur:<\/strong> Tekstuur kelgu h\u00f5lpsaks kasutamiseks<\/li>\n<li><strong>Liikumise Aktiveerimine:<\/strong> Automaatne sissel\u00fclitus 10-minutilise automaatse v\u00e4ljal\u00fclitumisega<\/li>\n<li><strong>Nupulukustus:<\/strong> Takistab juhuslikku heleduse reguleerimist<\/li>\n<li><strong>\u00dclemine Patareipesa:<\/strong> Lihtne patareivahetus ilma nullimiseta<\/li>\n<\/ul>\n<h2>Tehnilised Andmed:<\/h2>\n<ul>\n<li>Kinnitusjalaj\u00e4lg: DeltaPoint\u00ae Pro<\/li>\n<li>Kinnituse T\u00fc\u00fcp: Picatinny<\/li>\n<li>Suurendus: 1x<\/li>\n<li>Patarei T\u00fc\u00fcp: CR2032<\/li>\n<li>Patarei Eluiga: 25 000 tundi<\/li>\n<li>Reguleerimise Samm: 1 MOA<\/li>\n<li>Maksimaalne K\u00f5rguse Reguleerimine: 120 MOA<\/li>\n<li>Maksimaalne K\u00fclgsuunaline Reguleerimine: 115 MOA<\/li>\n<li>Pikkus: 5,08 cm<\/li>\n<li>Kaal: 54,7 g<\/li>\n<\/ul>\n<h2>Vastupidavus ja J\u00f5udlus:<\/h2>\n<ul>\n<li>Veekindel: O-r\u00f5ngastihendid<\/li>\n<li>Udukindel: Talub erinevaid temperatuure<\/li>\n<li>P\u00f5rutuskindel: Vastupidav konstruktsioon<\/li>\n<li>Mattmust Anodeeritud: Korrosiooni- ja kulumiskindel viimistlus<\/li>\n<li>\u00dches T\u00fckis Korpus: Kompaktne ja kerge disain<\/li>\n<li>Parallaksivaba: T\u00e4psuse parandamiseks<\/li>\n<li>Piiramatu Silma Kaugus: Kiireks sihtimiseks<\/li>\n<\/ul>\n<p>Vortex Defender-XL\u2122 Mikro Punane Punkt on vastupidava konstruktsiooni ja t\u00e4pse j\u00f5udlusega.<\/p>\n<\/div>\n","protected":false},"excerpt":{"rendered":"<p>Vastupidav, kompaktne punase t\u00e4pi sihik suure aknaga kiireks sihtm\u00e4rgi haaramiseks. 5 MOA t\u00e4pp, 10 heleduse seadistust.<\/p>\n","protected":false},"featured_media":249108,"template":"","meta":{"_acf_changed":false},"product_brand":[11956],"product_cat":[772,2169,1725,774,1756],"product_tag":[],"class_list":{"0":"post-275652","1":"product","2":"type-product","3":"status-publish","4":"has-post-thumbnail","6":"product_brand-vortex","7":"product_cat-aiming-et","8":"product_cat-pistol-et","9":"product_cat-pistol-dots-et","10":"product_cat-red-dots-et","11":"product_cat-rifle-dots-et","13":"first","14":"instock","15":"sale","16":"taxable","17":"shipping-taxable","18":"purchasable","19":"product-type-variable","20":"wvs-archive-product-wrapper"},"acf":[],"_links":{"self":[{"href":"https:\/\/staging.nbg.eu\/et\/wp-json\/wp\/v2\/product\/275652","targetHints":{"allow":["GET"]}}],"collection":[{"href":"https:\/\/staging.nbg.eu\/et\/wp-json\/wp\/v2\/product"}],"about":[{"href":"https:\/\/staging.nbg.eu\/et\/wp-json\/wp\/v2\/types\/product"}],"wp:featuredmedia":[{"embeddable":true,"href":"https:\/\/staging.nbg.eu\/et\/wp-json\/wp\/v2\/media\/249108"}],"wp:attachment":[{"href":"https:\/\/staging.nbg.eu\/et\/wp-json\/wp\/v2\/media?parent=275652"}],"wp:term":[{"taxonomy":"product_brand","embeddable":true,"href":"https:\/\/staging.nbg.eu\/et\/wp-json\/wp\/v2\/product_brand?post=275652"},{"taxonomy":"product_cat","embeddable":true,"href":"https:\/\/staging.nbg.eu\/et\/wp-json\/wp\/v2\/product_cat?post=275652"},{"taxonomy":"product_tag","embeddable":true,"href":"https:\/\/staging.nbg.eu\/et\/wp-json\/wp\/v2\/product_tag?post=275652"}],"curies":[{"name":"wp","href":"https:\/\/api.w.org\/{rel}","templated":true}]}}