{"id":275522,"date":"2025-03-07T11:08:39","date_gmt":"2025-03-20T12:25:35","guid":{"rendered":"https:\/\/staging.nbg.eu\/product\/ipsc-targets-mini-100pcs\/"},"modified":"2025-03-20T12:27:55","modified_gmt":"2025-03-20T12:27:55","slug":"ipsc-maerklauas-mini-100tk","status":"publish","type":"product","link":"https:\/\/staging.nbg.eu\/et\/toode\/ipsc-maerklauas-mini-100tk\/","title":{"rendered":"IPSC M\u00e4rklauas mini 100tk"},"content":{"rendered":"<div class=\"product-description\">\n<h2>IPSC mini-sihtm\u00e4rgid papist &#8211; 100 tk pakk<\/h2>\n<p>IPSC seaduslikud sihtm\u00e4rgid v\u00f5istlusteks ja treeninguteks. Iga pakk sisaldab 100 mini-sihtm\u00e4rki, mis vastavad IPSC v\u00f5istluste standarditele.<\/p>\n<ul>\n<li>Vastupidav papp<\/li>\n<li>Perforeeritud A, C ja D tsoonid punktide arvestamiseks<\/li>\n<li>Kahev\u00e4rviline disain: pruun esiosa, valge tagaosa<\/li>\n<li>Valge pool kasutatav karistussihtm\u00e4rgina<\/li>\n<li>N\u00e4htavad punktiarvestusjooned m\u00f5lemal poolel<\/li>\n<\/ul>\n<p>Sihtm\u00e4rgid lasket\u00e4psuse ja -kiiruse parandamiseks. Sobivad lasketiirus harjutamiseks, v\u00f5istlusteks v\u00f5i taktikalisteks treeninguteks.<\/p>\n<\/div>\n","protected":false},"excerpt":{"rendered":"<p>IPSC miinisihtm\u00e4rgid: 100 perforeeritud papist sihtm\u00e4rki treeninguks ja v\u00f5istlusteks.<\/p>\n","protected":false},"featured_media":246697,"template":"","meta":{"_acf_changed":false},"product_brand":[],"product_cat":[1127,1129],"product_tag":[],"class_list":{"0":"post-275522","1":"product","2":"type-product","3":"status-publish","4":"has-post-thumbnail","6":"product_cat-paper-targets-et","7":"product_cat-targets-et","9":"first","10":"instock","11":"taxable","12":"shipping-taxable","13":"purchasable","14":"product-type-simple"},"acf":[],"_links":{"self":[{"href":"https:\/\/staging.nbg.eu\/et\/wp-json\/wp\/v2\/product\/275522","targetHints":{"allow":["GET"]}}],"collection":[{"href":"https:\/\/staging.nbg.eu\/et\/wp-json\/wp\/v2\/product"}],"about":[{"href":"https:\/\/staging.nbg.eu\/et\/wp-json\/wp\/v2\/types\/product"}],"wp:featuredmedia":[{"embeddable":true,"href":"https:\/\/staging.nbg.eu\/et\/wp-json\/wp\/v2\/media\/246697"}],"wp:attachment":[{"href":"https:\/\/staging.nbg.eu\/et\/wp-json\/wp\/v2\/media?parent=275522"}],"wp:term":[{"taxonomy":"product_brand","embeddable":true,"href":"https:\/\/staging.nbg.eu\/et\/wp-json\/wp\/v2\/product_brand?post=275522"},{"taxonomy":"product_cat","embeddable":true,"href":"https:\/\/staging.nbg.eu\/et\/wp-json\/wp\/v2\/product_cat?post=275522"},{"taxonomy":"product_tag","embeddable":true,"href":"https:\/\/staging.nbg.eu\/et\/wp-json\/wp\/v2\/product_tag?post=275522"}],"curies":[{"name":"wp","href":"https:\/\/api.w.org\/{rel}","templated":true}]}}