{"id":274782,"date":"2025-03-03T19:50:37","date_gmt":"2025-03-03T19:50:37","guid":{"rendered":"https:\/\/staging.nbg.eu\/product\/daa-dry-fire-target-set-metric-uspsa\/"},"modified":"2025-03-20T10:17:28","modified_gmt":"2025-03-20T10:17:28","slug":"daa-kuivtreeningu-maerklaua-komplekt-metric-uspsa","status":"publish","type":"product","link":"https:\/\/staging.nbg.eu\/et\/toode\/daa-kuivtreeningu-maerklaua-komplekt-metric-uspsa\/","title":{"rendered":"DAA Kuivtreeningu M\u00e4rklaua Komplekt (Metric &#8211; USPSA)"},"content":{"rendered":"<div class=\"product-description\">\n<h2>DAA Kuivlaskmise Sihtm\u00e4rgikomplekt (Meetriline &#8211; USPSA)<\/h2>\n<p>Kuivlaskmise Sihtm\u00e4rgikomplekt sisaldab 17 v\u00e4hendatud suurusega USPSA meetrilist sihtm\u00e4rki siseruumides harjutamiseks.<\/p>\n<ul>\n<li>Laseritud 3mm puiduplaatidest<\/li>\n<li>Simuleerib sihtm\u00e4rke 15, 20 ja 30 meetri kaugusel, kui paigutatud 2,5-3 meetri kaugusele<\/li>\n<li>Kolm suurust: 32% (24cm), 20% (15cm) ja 12% (9cm) t\u00e4issuuruses sihtm\u00e4rkidest<\/li>\n<li>Sisaldab osalisi sihtm\u00e4rke erinevate stsenaariumide jaoks<\/li>\n<li>Riputusaugud paigaldamiseks<\/li>\n<\/ul>\n<p>Komplekt v\u00f5imaldab harjutada kuivlaskmist realistlike sihtm\u00e4rkidega ja parandada p\u00e4\u00e4stikukontrolli. Sobib kasutamiseks kodus.<\/p>\n<\/div>\n","protected":false},"excerpt":{"rendered":"<p>Realistlikud, v\u00e4hendatud m\u00f5\u00f5tmetega USPSA-m\u00e4rklauad t\u00f5husaks kuiva treeningu harjutamiseks kodus.<\/p>\n","protected":false},"featured_media":235969,"template":"","meta":{"_acf_changed":false},"product_brand":[11262],"product_cat":[1127,1129],"product_tag":[],"class_list":{"0":"post-274782","1":"product","2":"type-product","3":"status-publish","4":"has-post-thumbnail","6":"product_brand-doublealpha","7":"product_cat-paper-targets-et","8":"product_cat-targets-et","10":"first","11":"outofstock","12":"taxable","13":"shipping-taxable","14":"purchasable","15":"product-type-simple"},"acf":[],"_links":{"self":[{"href":"https:\/\/staging.nbg.eu\/et\/wp-json\/wp\/v2\/product\/274782","targetHints":{"allow":["GET"]}}],"collection":[{"href":"https:\/\/staging.nbg.eu\/et\/wp-json\/wp\/v2\/product"}],"about":[{"href":"https:\/\/staging.nbg.eu\/et\/wp-json\/wp\/v2\/types\/product"}],"wp:featuredmedia":[{"embeddable":true,"href":"https:\/\/staging.nbg.eu\/et\/wp-json\/wp\/v2\/media\/235969"}],"wp:attachment":[{"href":"https:\/\/staging.nbg.eu\/et\/wp-json\/wp\/v2\/media?parent=274782"}],"wp:term":[{"taxonomy":"product_brand","embeddable":true,"href":"https:\/\/staging.nbg.eu\/et\/wp-json\/wp\/v2\/product_brand?post=274782"},{"taxonomy":"product_cat","embeddable":true,"href":"https:\/\/staging.nbg.eu\/et\/wp-json\/wp\/v2\/product_cat?post=274782"},{"taxonomy":"product_tag","embeddable":true,"href":"https:\/\/staging.nbg.eu\/et\/wp-json\/wp\/v2\/product_tag?post=274782"}],"curies":[{"name":"wp","href":"https:\/\/api.w.org\/{rel}","templated":true}]}}