{"id":274636,"date":"2025-03-06T20:28:07","date_gmt":"2025-03-20T09:59:44","guid":{"rendered":"https:\/\/staging.nbg.eu\/product\/3m-peltor-protac-iii-slim-headset\/"},"modified":"2025-03-20T10:02:35","modified_gmt":"2025-03-20T10:02:35","slug":"3m-peltor-protac-iii-slim-korvaklapid","status":"publish","type":"product","link":"https:\/\/staging.nbg.eu\/et\/toode\/3m-peltor-protac-iii-slim-korvaklapid\/","title":{"rendered":"3M PELTOR ProTac III Slim K\u00f5rvaklapid"},"content":{"rendered":"<div class=\"product-description\">\n<h2>3M\u2122 PELTOR\u2122 ProTac III Slim k\u00f5rvaklapid<\/h2>\n<p>ProTac III Slim k\u00f5rvaklapid pakuvad kuulmiskaitset. Need k\u00f5rvaklapid sisaldavad:<\/p>\n<ul>\n<li>23dB m\u00fcra v\u00e4hendamise hinnang (NRR)<\/li>\n<li>Keskkonnamikrofonid tasemest s\u00f5ltuva kuulmiskaitse jaoks<\/li>\n<li>\u00dcmbritseva keskkonna kuulamise v\u00f5imalus olukorrateadlikkuse jaoks<\/li>\n<li>Helipiiramistehnoloogia, mis piirab k\u00f5lari helitugevuse 82 dBA-ni<\/li>\n<li>3,5 mm ainult kuulamiseks m\u00f5eldud stereosisend v\u00e4lisseadmete jaoks (mobiiltelefonid, raadiosaatjad, iPod-id)<\/li>\n<\/ul>\n<p>Omadused:<\/p>\n<ul>\n<li>Must disain<\/li>\n<li>Peapael<\/li>\n<li>Juhtmega \u00fchendus<\/li>\n<\/ul>\n<p>Sobib inimestele, kes vajavad suhtlemisv\u00f5imalusi ja kuulmiskaitset.<\/p>\n<\/div>\n","protected":false},"excerpt":{"rendered":"<p>Nutikas kuulmiskaitse \u00fcmbritseva heli kuulamise ja seadmete \u00fchenduvuse v\u00f5imalusega.<\/p>\n","protected":false},"featured_media":245674,"template":"","meta":{"_acf_changed":false},"product_brand":[11012],"product_cat":[931,542],"product_tag":[],"class_list":{"0":"post-274636","1":"product","2":"type-product","3":"status-publish","4":"has-post-thumbnail","6":"product_brand-3m","7":"product_cat-ear-protection-et","8":"product_cat-gear-et","10":"first","11":"instock","12":"taxable","13":"shipping-taxable","14":"purchasable","15":"product-type-simple"},"acf":[],"_links":{"self":[{"href":"https:\/\/staging.nbg.eu\/et\/wp-json\/wp\/v2\/product\/274636","targetHints":{"allow":["GET"]}}],"collection":[{"href":"https:\/\/staging.nbg.eu\/et\/wp-json\/wp\/v2\/product"}],"about":[{"href":"https:\/\/staging.nbg.eu\/et\/wp-json\/wp\/v2\/types\/product"}],"wp:featuredmedia":[{"embeddable":true,"href":"https:\/\/staging.nbg.eu\/et\/wp-json\/wp\/v2\/media\/245674"}],"wp:attachment":[{"href":"https:\/\/staging.nbg.eu\/et\/wp-json\/wp\/v2\/media?parent=274636"}],"wp:term":[{"taxonomy":"product_brand","embeddable":true,"href":"https:\/\/staging.nbg.eu\/et\/wp-json\/wp\/v2\/product_brand?post=274636"},{"taxonomy":"product_cat","embeddable":true,"href":"https:\/\/staging.nbg.eu\/et\/wp-json\/wp\/v2\/product_cat?post=274636"},{"taxonomy":"product_tag","embeddable":true,"href":"https:\/\/staging.nbg.eu\/et\/wp-json\/wp\/v2\/product_tag?post=274636"}],"curies":[{"name":"wp","href":"https:\/\/api.w.org\/{rel}","templated":true}]}}