{"id":274512,"date":"2025-03-03T19:48:45","date_gmt":"2025-03-03T19:48:45","guid":{"rendered":"https:\/\/staging.nbg.eu\/product\/daa-dry-fire-target-set-classic-ipsc\/"},"modified":"2025-03-20T09:16:47","modified_gmt":"2025-03-20T09:16:47","slug":"daa-kuivtreeningu-maerklaua-komplekt-classic-ipsc","status":"publish","type":"product","link":"https:\/\/staging.nbg.eu\/et\/toode\/daa-kuivtreeningu-maerklaua-komplekt-classic-ipsc\/","title":{"rendered":"DAA Kuivtreeningu M\u00e4rklaua Komplekt (Classic-IPSC)"},"content":{"rendered":"<h2>DAA Kuivlaskmise M\u00e4rklehtede Komplekt (Klassikaline-IPSC)<\/h2>\n<p>Kuivlaskmise M\u00e4rklehtede Komplekt, mis sisaldab 20 v\u00e4hendatud suurusega IPSC klassikalist m\u00e4rklehte. Sobib siseruumides harjutamiseks, need puidust m\u00e4rklehed simuleerivad reaalseid kaugusi ja sihikupilte.<\/p>\n<ul>\n<li>3mm paksused puitplaadid vastupidavuse jaoks<\/li>\n<li>Suurused: 32% (18.5cm), 20% (11.5cm) ja 12% (6.8cm) t\u00e4issuurusest<\/li>\n<li>Sisaldab 3 v\u00e4ikest popperi m\u00e4rklehte ja osalisi m\u00e4rklehti<\/li>\n<li>Riputusaugud lihtsamaks paigaldamiseks<\/li>\n<\/ul>\n<p>Paranda oma lasketehnikat ilma laskemoona kuludeta v\u00f5i lasketiiru ajata. Treenige oma varustusega ja arendage alateadlikke oskusi. Asetage m\u00e4rklehed 2,5-3 meetri kaugusele, et simuleerida 15, 20 ja 30 meetri kaugusi. Harjutage sihikupilti ja p\u00e4\u00e4stiku kontrolli oma kodus.<\/p>\n<p>DAA Kuivlaskmise M\u00e4rklehtede Komplekt kuivlaskmise harjutamiseks.<\/p>\n","protected":false},"excerpt":{"rendered":"<p>Realistlikud, mastaabitud IPSC-m\u00e4rklauad efektiivseks kuiva laskmise harjutamiseks kodus.<\/p>\n","protected":false},"featured_media":235922,"template":"","meta":{"_acf_changed":false},"product_brand":[11262],"product_cat":[1127,1129],"product_tag":[],"class_list":{"0":"post-274512","1":"product","2":"type-product","3":"status-publish","4":"has-post-thumbnail","6":"product_brand-doublealpha","7":"product_cat-paper-targets-et","8":"product_cat-targets-et","10":"first","11":"outofstock","12":"taxable","13":"shipping-taxable","14":"purchasable","15":"product-type-simple"},"acf":[],"_links":{"self":[{"href":"https:\/\/staging.nbg.eu\/et\/wp-json\/wp\/v2\/product\/274512","targetHints":{"allow":["GET"]}}],"collection":[{"href":"https:\/\/staging.nbg.eu\/et\/wp-json\/wp\/v2\/product"}],"about":[{"href":"https:\/\/staging.nbg.eu\/et\/wp-json\/wp\/v2\/types\/product"}],"wp:featuredmedia":[{"embeddable":true,"href":"https:\/\/staging.nbg.eu\/et\/wp-json\/wp\/v2\/media\/235922"}],"wp:attachment":[{"href":"https:\/\/staging.nbg.eu\/et\/wp-json\/wp\/v2\/media?parent=274512"}],"wp:term":[{"taxonomy":"product_brand","embeddable":true,"href":"https:\/\/staging.nbg.eu\/et\/wp-json\/wp\/v2\/product_brand?post=274512"},{"taxonomy":"product_cat","embeddable":true,"href":"https:\/\/staging.nbg.eu\/et\/wp-json\/wp\/v2\/product_cat?post=274512"},{"taxonomy":"product_tag","embeddable":true,"href":"https:\/\/staging.nbg.eu\/et\/wp-json\/wp\/v2\/product_tag?post=274512"}],"curies":[{"name":"wp","href":"https:\/\/api.w.org\/{rel}","templated":true}]}}