{"id":236089,"date":"2025-03-03T20:03:09","date_gmt":"2025-03-03T20:03:09","guid":{"rendered":"https:\/\/staging.nbg.eu\/?post_type=product&#038;p=236089"},"modified":"2025-09-30T13:13:06","modified_gmt":"2025-09-30T10:13:06","slug":"grips-kmr-s-modulaarne-liivapaber-hobedane","status":"publish","type":"product","link":"https:\/\/staging.nbg.eu\/et\/toode\/grips-kmr-s-modulaarne-liivapaber-hobedane\/","title":{"rendered":"GRIPS KMR S modulaarne liivapaber h\u00f5bedane"},"content":{"rendered":"<h2>GRIPS KMR S Modulaarsed Liivapaberist K\u00e4epidemed &#8211; Must<\/h2>\n<p>KMR S-02 p\u00fcstoli jaoks m\u00f5eldud modulaarsed liivapaberist k\u00e4epidemed. Valmistatud anodeeritud duralumiiniumist, need pikad k\u00e4epidemed pakuvad head k\u00e4sitsemist ja mugavust.<\/p>\n<h2>Omadused:<\/h2>\n<ul>\n<li>Sobivad ainult KMR S-02 .22 LR mudelitele<\/li>\n<li>Vastupidav anodeeritud duralumiiniumi konstruktsioon<\/li>\n<li>Disainitud kasutamiseks ilma salve juhikuta<\/li>\n<li>Sisaldab torx-kruvisid lihtsaks paigaldamiseks<\/li>\n<li>Must viimistlus KMR logoga<\/li>\n<\/ul>\n<p>M\u00e4rkus: Need k\u00e4epidemed on spetsiaalselt disainitud KMR S-02 26mm laiuse alumiiniumraami jaoks ja ei sobi W-02 v\u00f5i L-02 raami suurustega. Need k\u00e4epidemed on m\u00f5eldud KMR S-02 p\u00fcstoli haardev\u00f5ime ja lasket\u00e4psuse parandamiseks.<\/p>\n<dl class=\"data-sheet\">\n<dt class=\"name\">KMR relvadele<\/dt>\n<dd class=\"value\">KMR S-01 LANCE (OR)<br \/>\nKMR S-02 KUNI 2023<\/dd>\n<dt class=\"name\">CZ relvade valik<\/dt>\n<dd class=\"value\">CZ SHADOW 1<br \/>\nCZ SHADOW 2<br \/>\nCZ SHADOW 2 (OR)<br \/>\nCZ SP-01<\/dd>\n<\/dl>\n","protected":false},"excerpt":{"rendered":"<p>KMR S-02 must moodulpide, \u00fchildub alumiiniumraamiga.<br \/>\n0611-03101-0101<\/p>\n","protected":false},"featured_media":73891,"template":"","meta":{"_acf_changed":false},"product_brand":[11497],"product_cat":[910],"product_tag":[],"class_list":{"0":"post-236089","1":"product","2":"type-product","3":"status-publish","4":"has-post-thumbnail","6":"product_brand-kmr-precision","7":"product_cat-kmr-parts-et","9":"first","10":"instock","11":"taxable","12":"shipping-taxable","13":"purchasable","14":"product-type-simple"},"acf":[],"_links":{"self":[{"href":"https:\/\/staging.nbg.eu\/et\/wp-json\/wp\/v2\/product\/236089","targetHints":{"allow":["GET"]}}],"collection":[{"href":"https:\/\/staging.nbg.eu\/et\/wp-json\/wp\/v2\/product"}],"about":[{"href":"https:\/\/staging.nbg.eu\/et\/wp-json\/wp\/v2\/types\/product"}],"wp:featuredmedia":[{"embeddable":true,"href":"https:\/\/staging.nbg.eu\/et\/wp-json\/wp\/v2\/media\/73891"}],"wp:attachment":[{"href":"https:\/\/staging.nbg.eu\/et\/wp-json\/wp\/v2\/media?parent=236089"}],"wp:term":[{"taxonomy":"product_brand","embeddable":true,"href":"https:\/\/staging.nbg.eu\/et\/wp-json\/wp\/v2\/product_brand?post=236089"},{"taxonomy":"product_cat","embeddable":true,"href":"https:\/\/staging.nbg.eu\/et\/wp-json\/wp\/v2\/product_cat?post=236089"},{"taxonomy":"product_tag","embeddable":true,"href":"https:\/\/staging.nbg.eu\/et\/wp-json\/wp\/v2\/product_tag?post=236089"}],"curies":[{"name":"wp","href":"https:\/\/api.w.org\/{rel}","templated":true}]}}