{"id":214473,"date":"2024-09-02T10:51:57","date_gmt":"2025-02-19T16:46:06","guid":{"rendered":"https:\/\/staging.nbg.eu\/product\/badger-ordnance-30mm-condition-one-accessory-ring-cap\/"},"modified":"2025-02-19T16:48:23","modified_gmt":"2025-02-19T16:48:23","slug":"badger-ordnance-30mm-condition-one-lisaronga-kork","status":"publish","type":"product","link":"https:\/\/staging.nbg.eu\/et\/toode\/badger-ordnance-30mm-condition-one-lisaronga-kork\/","title":{"rendered":"Badger Ordnance 30mm Condition One lisar\u00f5nga kork"},"content":{"rendered":"<div class=\"product-description\">\n<h2>BADGER ORDNANCE 30MM CONDITION ONE LISAVARUSTUSE R\u00d5NGAS<\/h2>\n<p>Badger Ordnance 30MM Condition One lisavarustuse r\u00f5ngas on m\u00f5eldud optikaseadmete t\u00e4iendamiseks. See lisatarvik on disainitud integreerimiseks olemasoleva p\u00fcssiskoobi kinnitusega, pakkudes lisafunktsionaalsust ja kohandamisv\u00f5imalusi.<\/p>\n<ul>\n<li><strong>V\u00e4rv:<\/strong> Must<\/li>\n<li><strong>Materjal:<\/strong> 7075 T6 alumiinium<\/li>\n<li><strong>Platvorm:<\/strong> Universaalne disain<\/li>\n<li><strong>Kaal:<\/strong> 1.8 untsi (51 grammi)<\/li>\n<\/ul>\n<p>See lisavarustuse r\u00f5ngas on konstrueeritud nii taktikalistele kui ka v\u00f5istlustulistajatele, pakkudes kindlat kinnitusviisi erinevatele lisaseadmetele. Badger Ordnance&#8217;i toode on kvaliteetne ja innovaatiline.<\/p>\n<\/div>\n","protected":false},"excerpt":{"rendered":"<p>Kerge alumiiniumist r\u00f5ngaskork 30mm skoopidele. Vastupidav must viimistlus.<\/p>\n","protected":false},"featured_media":83045,"template":"","meta":{"_acf_changed":false},"product_brand":[11086],"product_cat":[772,2704,610,611],"product_tag":[],"class_list":{"0":"post-214473","1":"product","2":"type-product","3":"status-publish","4":"has-post-thumbnail","6":"product_brand-badger-ordnance","7":"product_cat-aiming-et","8":"product_cat-magnified-optics-et","9":"product_cat-rifle-et","10":"product_cat-rifle-parts-et","12":"first","13":"instock","14":"taxable","15":"shipping-taxable","16":"purchasable","17":"product-type-simple"},"acf":[],"_links":{"self":[{"href":"https:\/\/staging.nbg.eu\/et\/wp-json\/wp\/v2\/product\/214473","targetHints":{"allow":["GET"]}}],"collection":[{"href":"https:\/\/staging.nbg.eu\/et\/wp-json\/wp\/v2\/product"}],"about":[{"href":"https:\/\/staging.nbg.eu\/et\/wp-json\/wp\/v2\/types\/product"}],"wp:featuredmedia":[{"embeddable":true,"href":"https:\/\/staging.nbg.eu\/et\/wp-json\/wp\/v2\/media\/83045"}],"wp:attachment":[{"href":"https:\/\/staging.nbg.eu\/et\/wp-json\/wp\/v2\/media?parent=214473"}],"wp:term":[{"taxonomy":"product_brand","embeddable":true,"href":"https:\/\/staging.nbg.eu\/et\/wp-json\/wp\/v2\/product_brand?post=214473"},{"taxonomy":"product_cat","embeddable":true,"href":"https:\/\/staging.nbg.eu\/et\/wp-json\/wp\/v2\/product_cat?post=214473"},{"taxonomy":"product_tag","embeddable":true,"href":"https:\/\/staging.nbg.eu\/et\/wp-json\/wp\/v2\/product_tag?post=214473"}],"curies":[{"name":"wp","href":"https:\/\/api.w.org\/{rel}","templated":true}]}}