{"id":214272,"date":"2024-01-13T11:03:57","date_gmt":"2024-01-13T11:03:57","guid":{"rendered":"https:\/\/staging.nbg.eu\/product\/surefire-m640v-pro-scout-light-pro-infrared\/"},"modified":"2025-02-19T16:45:49","modified_gmt":"2025-02-19T16:45:49","slug":"surefire-m640v-pro-scout-light-pro-infrapuna","status":"publish","type":"product","link":"https:\/\/staging.nbg.eu\/et\/toode\/surefire-m640v-pro-scout-light-pro-infrapuna\/","title":{"rendered":"SureFire M640V-PRO (SCOUT LIGHT PRO INFRAPUNA)"},"content":{"rendered":"<div class=\"product-description\">\n<h2>SureFire M640V-PRO SCOUT LIGHT PRO INFRAPUNA<\/h2>\n<p>M640V-PRO omadused:<\/p>\n<ul>\n<li>H\u00fcbriidne valgusvihu muster kaugele identifitseerimiseks ja olukorra teadlikkuseks<\/li>\n<li>Uus madala profiiliga kinnitus optimaalseks paigutamiseks ja \u00fchilduvuseks relsile kinnitatavate lisaseadmetega<\/li>\n<li>Mitmek\u00fclgsed kinnitusvalikud Picatinny v\u00f5i M-Lok relsidele<\/li>\n<li>Kahe spektri v\u00f5imekus: 350 luumenit valget valgust \/ 120 mW IR v\u00e4ljund<\/li>\n<li>Lihtne spektri valik l\u00e4bi serva p\u00f6\u00f6ramise<\/li>\n<li>Spetsiaalne TIR l\u00e4\u00e4ts kaugele ulatuva valgusvihu ja piisava \u00fcmbritseva valgusega<\/li>\n<li>Lihtne nupuvajutusega sabaosa aktiveerimine<\/li>\n<li>Vastupidav kosmosetehnoloogia alumiiniumist konstruktsioon s\u00f5jav\u00e4elise spetsifikatsiooniga anodeeritud viimistlusega<\/li>\n<li>O-r\u00f5ngastihendiga ilmastikukindel<\/li>\n<\/ul>\n<p>See on vastupidav ja mitmek\u00fclgne relvale kinnitatav valgusti.<\/p>\n<\/div>\n","protected":false},"excerpt":{"rendered":"<p>Mitmek\u00fclgne IR relvavalgustus h\u00fcbriidkiirega ja madala profiiliga kinnitusega.<\/p>\n","protected":false},"featured_media":214273,"template":"","meta":{"_acf_changed":false},"product_brand":[11862],"product_cat":[1543,610,2190],"product_tag":[],"class_list":{"0":"post-214272","1":"product","2":"type-product","3":"status-publish","4":"has-post-thumbnail","6":"product_brand-surefire","7":"product_cat-lights-et","8":"product_cat-rifle-et","9":"product_cat-rifle-lights-et","11":"first","12":"instock","13":"taxable","14":"shipping-taxable","15":"purchasable","16":"product-type-simple"},"acf":[],"_links":{"self":[{"href":"https:\/\/staging.nbg.eu\/et\/wp-json\/wp\/v2\/product\/214272","targetHints":{"allow":["GET"]}}],"collection":[{"href":"https:\/\/staging.nbg.eu\/et\/wp-json\/wp\/v2\/product"}],"about":[{"href":"https:\/\/staging.nbg.eu\/et\/wp-json\/wp\/v2\/types\/product"}],"wp:featuredmedia":[{"embeddable":true,"href":"https:\/\/staging.nbg.eu\/et\/wp-json\/wp\/v2\/media\/214273"}],"wp:attachment":[{"href":"https:\/\/staging.nbg.eu\/et\/wp-json\/wp\/v2\/media?parent=214272"}],"wp:term":[{"taxonomy":"product_brand","embeddable":true,"href":"https:\/\/staging.nbg.eu\/et\/wp-json\/wp\/v2\/product_brand?post=214272"},{"taxonomy":"product_cat","embeddable":true,"href":"https:\/\/staging.nbg.eu\/et\/wp-json\/wp\/v2\/product_cat?post=214272"},{"taxonomy":"product_tag","embeddable":true,"href":"https:\/\/staging.nbg.eu\/et\/wp-json\/wp\/v2\/product_tag?post=214272"}],"curies":[{"name":"wp","href":"https:\/\/api.w.org\/{rel}","templated":true}]}}