{"id":212887,"date":"2024-07-22T11:51:56","date_gmt":"2024-07-22T11:51:56","guid":{"rendered":"https:\/\/staging.nbg.eu\/product\/blue-force-gear-universal-wire-loop\/"},"modified":"2025-02-19T15:16:36","modified_gmt":"2025-02-19T15:16:36","slug":"blue-force-gear-universaalne-traataas","status":"publish","type":"product","link":"https:\/\/staging.nbg.eu\/et\/toode\/blue-force-gear-universaalne-traataas\/","title":{"rendered":"Blue Force Gear universaalne traataas"},"content":{"rendered":"<h2>Blue Force Gear universaalne traatling<\/h2>\n<p>Universaalne traatling (UWL\u2122) on mitmeotstarbeline rihma kinnituspunkt. Saadaval 3,25&#8243;, 4,5&#8243; ja 6,25&#8243; pikkustes, sellel on j\u00e4rgmised omadused:<\/p>\n<ul>\n<li>Painduv nailonkattega roostevabast terasest traat lihtsaks kinnitamiseks<\/li>\n<li>CNC-t\u00f6\u00f6deldud 6061-T6 alumiiniumist korpus mitte-peegeldava viimistlusega<\/li>\n<li>K\u00f5vakatteanodeeritud vastupidavuse tagamiseks<\/li>\n<li>Lennukiklassi kaabel kuulpeaga otstega<\/li>\n<li>Vaiksem ja tugevam kui traditsioonilised konkskinnitused<\/li>\n<li>Ei kuluta aasasid<\/li>\n<\/ul>\n<p>Sobib kasutamiseks Vickers Combat Applications Slings\u2122-iga, UWL\u2122 pakub palju kinnitusv\u00f5imalusi. Kuigi \u00e4\u00e4rmuslik relvaraua kuumus v\u00f5ib v\u00e4liskihti deformeerida, j\u00e4\u00e4b roostevabast terasest s\u00fcdamik terveks, tagades t\u00f6\u00f6kindluse n\u00f5udlikes olukordades.<\/p>\n","protected":false},"excerpt":{"rendered":"<p>Mitmek\u00fclgne rihma\u00fchendus painduva traadiga erinevateks kinnitusviisideks.<\/p>\n","protected":false},"featured_media":50093,"template":"","meta":{"_acf_changed":false},"product_brand":[11132],"product_cat":[542,743],"product_tag":[],"class_list":{"0":"post-212887","1":"product","2":"type-product","3":"status-publish","4":"has-post-thumbnail","6":"product_brand-blue-force-gear","7":"product_cat-gear-et","8":"product_cat-slings-et","10":"first","11":"instock","12":"taxable","13":"shipping-taxable","14":"purchasable","15":"product-type-variable","16":"wvs-archive-product-wrapper"},"acf":[],"_links":{"self":[{"href":"https:\/\/staging.nbg.eu\/et\/wp-json\/wp\/v2\/product\/212887","targetHints":{"allow":["GET"]}}],"collection":[{"href":"https:\/\/staging.nbg.eu\/et\/wp-json\/wp\/v2\/product"}],"about":[{"href":"https:\/\/staging.nbg.eu\/et\/wp-json\/wp\/v2\/types\/product"}],"wp:featuredmedia":[{"embeddable":true,"href":"https:\/\/staging.nbg.eu\/et\/wp-json\/wp\/v2\/media\/50093"}],"wp:attachment":[{"href":"https:\/\/staging.nbg.eu\/et\/wp-json\/wp\/v2\/media?parent=212887"}],"wp:term":[{"taxonomy":"product_brand","embeddable":true,"href":"https:\/\/staging.nbg.eu\/et\/wp-json\/wp\/v2\/product_brand?post=212887"},{"taxonomy":"product_cat","embeddable":true,"href":"https:\/\/staging.nbg.eu\/et\/wp-json\/wp\/v2\/product_cat?post=212887"},{"taxonomy":"product_tag","embeddable":true,"href":"https:\/\/staging.nbg.eu\/et\/wp-json\/wp\/v2\/product_tag?post=212887"}],"curies":[{"name":"wp","href":"https:\/\/api.w.org\/{rel}","templated":true}]}}