{"id":212050,"date":"2024-07-30T18:47:47","date_gmt":"2025-02-19T14:29:09","guid":{"rendered":"https:\/\/staging.nbg.eu\/product\/surefire-xsc-weaponlight\/"},"modified":"2025-02-19T14:30:46","modified_gmt":"2025-02-19T14:30:46","slug":"surefire-xsc-relvavalgusti","status":"publish","type":"product","link":"https:\/\/staging.nbg.eu\/et\/toode\/surefire-xsc-relvavalgusti\/","title":{"rendered":"SureFire XSC relvavalgusti"},"content":{"rendered":"<div class=\"product-description\">\n<h2>SureFire XSC relvavalgusti<\/h2>\n<p>SureFire XSC on relvavalgusti, mis on m\u00f5eldud varjatud relvakandmiseks. See on loodud spetsiaalselt populaarsetele mikrokompaktsetele ja subkompaktsetele p\u00fcstolitele ning on kasulik v\u00e4hese valgusega olukordades.<\/p>\n<h2>P\u00f5hiomadused:<\/h2>\n<ul>\n<li>350 luumenit valget valgust<\/li>\n<li>H\u00fcbriidne valgusvihu muster sihtm\u00e4rgi tuvastamiseks<\/li>\n<li>\u00dclekompaktne ja vastupidav disain<\/li>\n<li>Taaslaetav liitium-pol\u00fcmeeraku kiirvahetuse v\u00f5imalusega<\/li>\n<li>Intuitiivne, m\u00f5lema k\u00e4ega kasutatav l\u00fcliti<\/li>\n<li>S\u00f5jav\u00e4elise spetsifikatsiooniga anodeeritud alumiiniumkorpus<\/li>\n<li>IPX4 hinnang ilmastikukindlusele<\/li>\n<\/ul>\n<h2>Tehnilised andmed:<\/h2>\n<ul>\n<li>Valgustugevus: 350 luumenit<\/li>\n<li>T\u00f6\u00f6aeg: 30 minutit<\/li>\n<li>Kaal: 48,2 g<\/li>\n<li>Pikkus: 4,9 cm<\/li>\n<li>Maksimaalne valgusvihu intensiivsus: 2000 kandelat<\/li>\n<li>Valgusvihu ulatus: 90 meetrit<\/li>\n<\/ul>\n<p>Valige oma relvale sobiv mudel:<\/p>\n<ul>\n<li>XSC-A r\u00f6\u00f6bastega Glock 43X ja 48 jaoks<\/li>\n<li>XSC-P365 SIG SAUER P365 ja P365 XL jaoks<\/li>\n<li>XSC-HELLCAT Springfield Armory Hellcat jaoks<\/li>\n<li>XSC-B erinevate teiste subkompaktsete mudelite jaoks<\/li>\n<\/ul>\n<p>SureFire XSC relvavalgusti pakub usaldusv\u00e4\u00e4rset valgustust kriitilistes olukordades.<\/p>\n<\/div>\n","protected":false},"excerpt":{"rendered":"<p>Kompaktne, v\u00f5imas 350-luumeniline valgusti varjatud kandmisega p\u00fcstolitele.<\/p>\n","protected":false},"featured_media":212051,"template":"","meta":{"_acf_changed":false},"product_brand":[11862],"product_cat":[1543,2169,1662],"product_tag":[],"class_list":{"0":"post-212050","1":"product","2":"type-product","3":"status-publish","4":"has-post-thumbnail","6":"product_brand-surefire","7":"product_cat-lights-et","8":"product_cat-pistol-et","9":"product_cat-pistol-lights-et","10":"pa_light-p-365-et","11":"pa_light-xsc-a-et","12":"pa_light-xsc-b-et","14":"first","15":"instock","16":"taxable","17":"shipping-taxable","18":"purchasable","19":"product-type-variable","20":"wvs-archive-product-wrapper"},"acf":[],"_links":{"self":[{"href":"https:\/\/staging.nbg.eu\/et\/wp-json\/wp\/v2\/product\/212050","targetHints":{"allow":["GET"]}}],"collection":[{"href":"https:\/\/staging.nbg.eu\/et\/wp-json\/wp\/v2\/product"}],"about":[{"href":"https:\/\/staging.nbg.eu\/et\/wp-json\/wp\/v2\/types\/product"}],"wp:featuredmedia":[{"embeddable":true,"href":"https:\/\/staging.nbg.eu\/et\/wp-json\/wp\/v2\/media\/212051"}],"wp:attachment":[{"href":"https:\/\/staging.nbg.eu\/et\/wp-json\/wp\/v2\/media?parent=212050"}],"wp:term":[{"taxonomy":"product_brand","embeddable":true,"href":"https:\/\/staging.nbg.eu\/et\/wp-json\/wp\/v2\/product_brand?post=212050"},{"taxonomy":"product_cat","embeddable":true,"href":"https:\/\/staging.nbg.eu\/et\/wp-json\/wp\/v2\/product_cat?post=212050"},{"taxonomy":"product_tag","embeddable":true,"href":"https:\/\/staging.nbg.eu\/et\/wp-json\/wp\/v2\/product_tag?post=212050"}],"curies":[{"name":"wp","href":"https:\/\/api.w.org\/{rel}","templated":true}]}}